{"id":2727,"date":"2023-09-04T19:26:34","date_gmt":"2023-09-04T12:26:34","guid":{"rendered":"https:\/\/trochoiamnhac.com\/?page_id=2727"},"modified":"2023-09-04T19:39:39","modified_gmt":"2023-09-04T12:39:39","slug":"lop-2-ctst","status":"publish","type":"page","link":"https:\/\/trochoiamnhac.com\/index.php\/am-nhac-pho-thong\/chan-troi-sang-tao\/lop-2-ctst\/","title":{"rendered":"L\u1edbp 2 &#8211; CTST"},"content":{"rendered":"\n<h2 class=\"wp-block-heading\">B\u00e0i h\u00e1t<\/h2>\n\n\n\n<ol class=\"wp-block-list\">\n<li>Ng\u00e0y m\u00f9a vui <a href=\"https:\/\/youtu.be\/23UDp0f1lG4?si=W6LIPjEju8uIwQvY\" target=\"_blank\" rel=\"noopener\" title=\"\">[Video]<\/a> <a href=\"https:\/\/youtu.be\/OVe0Tpepz48?si=T8bnk_x8wXbhA9ij\" target=\"_blank\" rel=\"noopener\" title=\"\">[Karaoke]<\/a><\/li>\n\n\n\n<li>M\u00faa vui <a href=\"https:\/\/youtu.be\/1xFh03ZB2Fw?si=1B0ZmIGLRZpeuhEE\" target=\"_blank\" rel=\"noopener\" title=\"\">[Video]<\/a> <a href=\"https:\/\/youtu.be\/fUs2zT4QGoU?si=dd7to4SFCp_XHfgc\" target=\"_blank\" rel=\"noopener\" title=\"\">[Karaoke]<\/a><\/li>\n\n\n\n<li>Tr\u00ean con \u0111\u01b0\u1eddng \u0111\u1ebfn tr\u01b0\u1eddng <a href=\"https:\/\/youtu.be\/wkf5NEBE_n8?si=QaYaudwd80QtlL-9\" target=\"_blank\" rel=\"noopener\" title=\"\">[Video]<\/a> <a href=\"https:\/\/youtu.be\/55lTMEEcBK0?si=E-ci6Qdl-KWMmVQy\" target=\"_blank\" rel=\"noopener\" title=\"\">[Karaoke]<\/a><\/li>\n\n\n\n<li>Gi\u1ecdt m\u01b0a v\u00e0 em b\u00e9 <a href=\"https:\/\/youtu.be\/7b9TRUbzGKw?si=od1PcTiz8x7lufOc\" target=\"_blank\" rel=\"noopener\" title=\"\">[Video]<\/a> <a href=\"https:\/\/youtu.be\/kFDRrsf1t7I?si=yy8YiQXunnggNsvd\" target=\"_blank\" rel=\"noopener\" title=\"\">[Karaoke]<\/a><\/li>\n\n\n\n<li>&#8230;<\/li>\n<\/ol>\n\n\n\n<h2 class=\"wp-block-heading\">\u0110\u1ecdc nh\u1ea1c<\/h2>\n\n\n\n<ol class=\"wp-block-list\">\n<li>Ch\u1ee7 \u0111\u1ec1 1 <a href=\"https:\/\/youtu.be\/DX6KAiyOnDY?si=GYruiPrpnkKlQ_M6\" target=\"_blank\" rel=\"noopener\" title=\"\">[Video]<\/a><\/li>\n\n\n\n<li>Ch\u1ee7 \u0111\u1ec1 2 <a href=\"https:\/\/youtu.be\/lgu04yhmvLk?si=hgTlmWnvOCCYt_by\" target=\"_blank\" rel=\"noopener\" title=\"\">[Video]<\/a> <\/li>\n\n\n\n<li>Ch\u1ee7 \u0111\u1ec1 3 <a href=\"https:\/\/youtu.be\/JYzfq5Gyn_o?si=-UpKPcFvmVfXMQJ6\" target=\"_blank\" rel=\"noopener\" title=\"\">[Video]<\/a><\/li>\n\n\n\n<li>Ch\u1ee7 \u0111\u1ec1 4 <a href=\"https:\/\/youtu.be\/oUf9ncKnXDc?si=E5FXLRnLgazUBYb2\" target=\"_blank\" rel=\"noopener\" title=\"\">[Video]<\/a><\/li>\n\n\n\n<li>Ch\u1ee7 \u0111\u1ec1 5 [Video]<\/li>\n\n\n\n<li>Ch\u1ee7 \u0111\u1ec1 6 <a href=\"https:\/\/youtu.be\/_rgtTAaNuPw?si=ajHs-LjkG2ssCYMJ\" target=\"_blank\" rel=\"noopener\" title=\"\">[Video]<\/a><\/li>\n\n\n\n<li>Ch\u1ee7 \u0111\u1ec1 7 <a href=\"https:\/\/youtu.be\/PvQqIguoX0s?si=fz-9lLl9J3ZLF7-g\" target=\"_blank\" rel=\"noopener\" title=\"\">[Video]<\/a><\/li>\n\n\n\n<li>Ch\u1ee7 \u0111\u1ec1 8 <a href=\"https:\/\/youtu.be\/c7D2e11Q_aY?si=2a-cJf3p5nffnm9A\" target=\"_blank\" rel=\"noopener\" title=\"\">[Video]<\/a><\/li>\n<\/ol>\n\n\n\n<h2 class=\"wp-block-heading\">H\u1ecdc li\u1ec7u tham kh\u1ea3o<\/h2>\n\n\n\n<figure class=\"wp-block-embed is-type-video is-provider-youtube wp-block-embed-youtube wp-embed-aspect-16-9 wp-has-aspect-ratio\"><div class=\"wp-block-embed__wrapper\">\n<iframe title=\"L2 - Ch\u1ee7 \u0111\u1ec1 2 - Nh\u1ea1c c\u1ee5\" width=\"640\" height=\"360\" src=\"https:\/\/www.youtube.com\/embed\/wkBz8qcBbnk?feature=oembed\" frameborder=\"0\" allow=\"accelerometer; autoplay; clipboard-write; encrypted-media; gyroscope; picture-in-picture; web-share\" referrerpolicy=\"strict-origin-when-cross-origin\" allowfullscreen><\/iframe>\n<\/div><\/figure>\n","protected":false},"excerpt":{"rendered":"<p>B\u00e0i h\u00e1t \u0110\u1ecdc nh\u1ea1c H\u1ecdc li\u1ec7u tham kh\u1ea3o<\/p>\n","protected":false},"author":1,"featured_media":0,"parent":2687,"menu_order":2,"comment_status":"closed","ping_status":"closed","template":"","meta":{"om_disable_all_campaigns":false,"_monsterinsights_skip_tracking":false,"_monsterinsights_sitenote_active":false,"_monsterinsights_sitenote_note":"","_monsterinsights_sitenote_category":0,"_uf_show_specific_survey":0,"_uf_disable_surveys":false,"footnotes":""},"class_list":["post-2727","page","type-page","status-publish","hentry"],"aioseo_notices":[],"_links":{"self":[{"href":"https:\/\/trochoiamnhac.com\/index.php\/wp-json\/wp\/v2\/pages\/2727","targetHints":{"allow":["GET"]}}],"collection":[{"href":"https:\/\/trochoiamnhac.com\/index.php\/wp-json\/wp\/v2\/pages"}],"about":[{"href":"https:\/\/trochoiamnhac.com\/index.php\/wp-json\/wp\/v2\/types\/page"}],"author":[{"embeddable":true,"href":"https:\/\/trochoiamnhac.com\/index.php\/wp-json\/wp\/v2\/users\/1"}],"replies":[{"embeddable":true,"href":"https:\/\/trochoiamnhac.com\/index.php\/wp-json\/wp\/v2\/comments?post=2727"}],"version-history":[{"count":1,"href":"https:\/\/trochoiamnhac.com\/index.php\/wp-json\/wp\/v2\/pages\/2727\/revisions"}],"predecessor-version":[{"id":2728,"href":"https:\/\/trochoiamnhac.com\/index.php\/wp-json\/wp\/v2\/pages\/2727\/revisions\/2728"}],"up":[{"embeddable":true,"href":"https:\/\/trochoiamnhac.com\/index.php\/wp-json\/wp\/v2\/pages\/2687"}],"wp:attachment":[{"href":"https:\/\/trochoiamnhac.com\/index.php\/wp-json\/wp\/v2\/media?parent=2727"}],"curies":[{"name":"wp","href":"https:\/\/api.w.org\/{rel}","templated":true}]}}