{"id":2709,"date":"2023-09-04T18:07:40","date_gmt":"2023-09-04T11:07:40","guid":{"rendered":"https:\/\/trochoiamnhac.com\/?page_id=2709"},"modified":"2023-09-04T19:39:45","modified_gmt":"2023-09-04T12:39:45","slug":"lop-1-ctst","status":"publish","type":"page","link":"https:\/\/trochoiamnhac.com\/index.php\/am-nhac-pho-thong\/chan-troi-sang-tao\/lop-1-ctst\/","title":{"rendered":"L\u1edbp 1 &#8211; CTST"},"content":{"rendered":"\n<h2 class=\"wp-block-heading\">B\u00e0i h\u00e1t<\/h2>\n\n\n\n<ol class=\"wp-block-list\">\n<li>Ti\u1ebfng tr\u1ed1ng tr\u01b0\u1eddng em <a href=\"https:\/\/trochoiamnhac.com\/wp-content\/uploads\/2023\/09\/01-Tieng-trong-truong-em-Thao-Nguyen.mp3\" target=\"_blank\" rel=\"noopener\" title=\"\">[Audio]<\/a> <a href=\"https:\/\/youtu.be\/4ybRHkWO8nE?si=EAk6wvQBjG9yfiUG\" target=\"_blank\" rel=\"noopener\" title=\"\">[Video]<\/a> <a href=\"https:\/\/youtu.be\/rL2sdrwxD4g?si=ZpLgICcOZXcBKW6r\" target=\"_blank\" rel=\"noopener\" title=\"\">[Karaoke]<\/a><\/li>\n\n\n\n<li>M\u00faa \u0111\u00e0n <a href=\"https:\/\/trochoiamnhac.com\/wp-content\/uploads\/2023\/09\/02-Mua-dan-Thao-Nguyen.mp3\" target=\"_blank\" rel=\"noopener\" title=\"\">[Audio]<\/a> <a href=\"https:\/\/youtu.be\/CKolyLhnpJ0?si=aJQ0Ppw6O2lpMUI7\" target=\"_blank\" rel=\"noopener\" title=\"\">[Video]<\/a> <a href=\"https:\/\/youtu.be\/6hOoF9AQIQ0?si=12wM31bXddLmx2rC\" target=\"_blank\" rel=\"noopener\" title=\"\">[Karaoke]<\/a><\/li>\n\n\n\n<li>C\u00f4 gi\u00e1o em <a href=\"https:\/\/trochoiamnhac.com\/wp-content\/uploads\/2023\/09\/03-Co-giao-em-Thao-Nguyen.mp3\" target=\"_blank\" rel=\"noopener\" title=\"\">[Audio]<\/a> <a href=\"https:\/\/youtu.be\/XaXbUop1uws?si=jvo5YFNhRHieCRGp\" target=\"_blank\" rel=\"noopener\" title=\"\">[Video]<\/a> <a href=\"https:\/\/youtu.be\/OtUgNWRlBdY?si=eYTX0zyfDrJ68efB\" target=\"_blank\" rel=\"noopener\" title=\"\">[Karaoke]<\/a><\/li>\n\n\n\n<li>Long lanh ng\u00f4i sao nh\u1ecf <a href=\"https:\/\/trochoiamnhac.com\/wp-content\/uploads\/2023\/09\/04-Long-lanh-ngoi-sao-nho-Thao-Nguyen.mp3\" target=\"_blank\" rel=\"noopener\" title=\"\">[Audio]<\/a> <a href=\"https:\/\/youtu.be\/-FVc7mayTZE?si=G1JLqnVWQ4OYjN0q\" target=\"_blank\" rel=\"noopener\" title=\"\">[Video]<\/a> <a href=\"https:\/\/youtu.be\/j4Z1D5-ZqZk?si=etofu0AlsvqsVPdP\" target=\"_blank\" rel=\"noopener\" title=\"\">[Karaoke]<\/a><\/li>\n\n\n\n<li>S\u1eafp \u0111\u1ebfn t\u1ebft r\u1ed3i <a href=\"https:\/\/trochoiamnhac.com\/wp-content\/uploads\/2023\/09\/05-Sap-den-tet-roi-Thao-Nguyen.mp3\" target=\"_blank\" rel=\"noopener\" title=\"\">[Audio]<\/a> <a href=\"https:\/\/youtu.be\/fZVXdZ5k3LI?si=NkLaNAT7ellLrY9f\" target=\"_blank\" rel=\"noopener\" title=\"\">[Video]<\/a> <a href=\"https:\/\/youtu.be\/7kE3l4CWN_U?si=lqLKk1ZT_SyjJpoM\" target=\"_blank\" rel=\"noopener\" title=\"\">[Karaoke]<\/a><\/li>\n\n\n\n<li>Th\u1eadt l\u00e0 hay <a href=\"https:\/\/trochoiamnhac.com\/wp-content\/uploads\/2023\/09\/06-That-la-hay-Thao-Nguyen.mp3\" target=\"_blank\" rel=\"noopener\" title=\"\">[Audio]<\/a> <a href=\"https:\/\/youtu.be\/RhlEiuOID2A?si=CW7Kw89XLqsaaiGd\" target=\"_blank\" rel=\"noopener\" title=\"\">[Video]<\/a> <a href=\"https:\/\/youtu.be\/t5mCqWpr_2A?si=Iecl72kDVdabggVT\" target=\"_blank\" rel=\"noopener\" title=\"\">[Karaoke]<\/a><\/li>\n\n\n\n<li>L\u00ed c\u00e2y xanh <a href=\"https:\/\/trochoiamnhac.com\/wp-content\/uploads\/2023\/09\/07-Li-cay-xanh-Thao-Nguyen.mp3\" target=\"_blank\" rel=\"noopener\" title=\"\">[Audio]<\/a> <a href=\"https:\/\/youtu.be\/ijXpdW-rpac?si=tjb8h42Bu2tANHl-\" target=\"_blank\" rel=\"noopener\" title=\"\">[Video]<\/a> <a href=\"https:\/\/youtu.be\/kyuZv2inf_I?si=SCKdAp-wUFlbugCK\" target=\"_blank\" rel=\"noopener\" title=\"\">[Karaoke]<\/a><\/li>\n\n\n\n<li>T\u1eadp t\u1ea7m v\u00f4ng <a href=\"https:\/\/trochoiamnhac.com\/wp-content\/uploads\/2023\/09\/08-Tap-tam-vong-Thao-Nguyen.mp3\" target=\"_blank\" rel=\"noopener\" title=\"\">[Audio]<\/a> <a href=\"https:\/\/youtu.be\/ltHGYhQl4_8?si=KZpDXg8ewuptdW-2\" target=\"_blank\" rel=\"noopener\" title=\"\">[Video]<\/a> <a href=\"https:\/\/youtu.be\/yJbtrrAlEfA?si=cEKAXUbaMb8KdCwQ\" target=\"_blank\" rel=\"noopener\" title=\"\">[Karaoke]<\/a><\/li>\n<\/ol>\n\n\n\n<h2 class=\"wp-block-heading\">H\u1ecdc li\u1ec7u tham kh\u1ea3o<\/h2>\n\n\n\n<figure class=\"wp-block-embed is-type-video is-provider-youtube wp-block-embed-youtube wp-embed-aspect-16-9 wp-has-aspect-ratio\"><div class=\"wp-block-embed__wrapper\">\n<iframe title=\"L1 \u0110\u1ecdc nh\u1ea1c - Ch\u1ee7 \u0111\u1ec1 2\" width=\"640\" height=\"360\" src=\"https:\/\/www.youtube.com\/embed\/opxwwUoVPZg?feature=oembed\" frameborder=\"0\" allow=\"accelerometer; autoplay; clipboard-write; encrypted-media; gyroscope; picture-in-picture; web-share\" referrerpolicy=\"strict-origin-when-cross-origin\" allowfullscreen><\/iframe>\n<\/div><\/figure>\n\n\n\n<figure class=\"wp-block-embed is-type-video is-provider-youtube wp-block-embed-youtube wp-embed-aspect-4-3 wp-has-aspect-ratio\"><div class=\"wp-block-embed__wrapper\">\n<iframe title=\"L1 Nghe - C\u1ea3m th\u1ee5 - V\u1eadn \u0111\u1ed9ng (tr53)\" width=\"640\" height=\"480\" src=\"https:\/\/www.youtube.com\/embed\/slBfWjohvSU?feature=oembed\" frameborder=\"0\" allow=\"accelerometer; autoplay; clipboard-write; encrypted-media; gyroscope; picture-in-picture; web-share\" referrerpolicy=\"strict-origin-when-cross-origin\" allowfullscreen><\/iframe>\n<\/div><\/figure>\n\n\n\n<figure class=\"wp-block-embed is-type-video is-provider-youtube wp-block-embed-youtube wp-embed-aspect-16-9 wp-has-aspect-ratio\"><div class=\"wp-block-embed__wrapper\">\n<iframe title=\"T\u00f2ng qu\u00e2n - Nh\u1ea1c cung \u0111\u00ecnh Hu\u1ebf - (Kh\u00f4ng l\u1eddi)\" width=\"640\" height=\"360\" src=\"https:\/\/www.youtube.com\/embed\/fR6H5b8-joY?feature=oembed\" frameborder=\"0\" allow=\"accelerometer; autoplay; clipboard-write; encrypted-media; gyroscope; picture-in-picture; web-share\" referrerpolicy=\"strict-origin-when-cross-origin\" allowfullscreen><\/iframe>\n<\/div><\/figure>\n\n\n\n<figure class=\"wp-block-embed is-type-video is-provider-youtube wp-block-embed-youtube wp-embed-aspect-16-9 wp-has-aspect-ratio\"><div class=\"wp-block-embed__wrapper\">\n<iframe title=\"H\u00e1t to, h\u00e1t nh\u1ecf - B\u00e0i nghe L\u1edbp 1\" width=\"640\" height=\"360\" src=\"https:\/\/www.youtube.com\/embed\/RF5ZwHUgNKs?feature=oembed\" frameborder=\"0\" allow=\"accelerometer; autoplay; clipboard-write; encrypted-media; gyroscope; picture-in-picture; web-share\" referrerpolicy=\"strict-origin-when-cross-origin\" allowfullscreen><\/iframe>\n<\/div><\/figure>\n\n\n\n<figure class=\"wp-block-embed is-type-video is-provider-youtube wp-block-embed-youtube wp-embed-aspect-16-9 wp-has-aspect-ratio\"><div class=\"wp-block-embed__wrapper\">\n<iframe title=\"T\u00f2ng qu\u00e2n - Nh\u1ea1c cung \u0111\u00ecnh Hu\u1ebf  (l\u1eddi h\u00e1t)\" width=\"640\" height=\"360\" src=\"https:\/\/www.youtube.com\/embed\/c4v61hQ7BVI?feature=oembed\" frameborder=\"0\" allow=\"accelerometer; autoplay; clipboard-write; encrypted-media; gyroscope; picture-in-picture; web-share\" referrerpolicy=\"strict-origin-when-cross-origin\" allowfullscreen><\/iframe>\n<\/div><\/figure>\n","protected":false},"excerpt":{"rendered":"<p>B\u00e0i h\u00e1t H\u1ecdc li\u1ec7u tham kh\u1ea3o<\/p>\n","protected":false},"author":1,"featured_media":0,"parent":2687,"menu_order":1,"comment_status":"closed","ping_status":"closed","template":"","meta":{"om_disable_all_campaigns":false,"_monsterinsights_skip_tracking":false,"_monsterinsights_sitenote_active":false,"_monsterinsights_sitenote_note":"","_monsterinsights_sitenote_category":0,"_uf_show_specific_survey":0,"_uf_disable_surveys":false,"footnotes":""},"class_list":["post-2709","page","type-page","status-publish","hentry"],"aioseo_notices":[],"_links":{"self":[{"href":"https:\/\/trochoiamnhac.com\/index.php\/wp-json\/wp\/v2\/pages\/2709","targetHints":{"allow":["GET"]}}],"collection":[{"href":"https:\/\/trochoiamnhac.com\/index.php\/wp-json\/wp\/v2\/pages"}],"about":[{"href":"https:\/\/trochoiamnhac.com\/index.php\/wp-json\/wp\/v2\/types\/page"}],"author":[{"embeddable":true,"href":"https:\/\/trochoiamnhac.com\/index.php\/wp-json\/wp\/v2\/users\/1"}],"replies":[{"embeddable":true,"href":"https:\/\/trochoiamnhac.com\/index.php\/wp-json\/wp\/v2\/comments?post=2709"}],"version-history":[{"count":7,"href":"https:\/\/trochoiamnhac.com\/index.php\/wp-json\/wp\/v2\/pages\/2709\/revisions"}],"predecessor-version":[{"id":2726,"href":"https:\/\/trochoiamnhac.com\/index.php\/wp-json\/wp\/v2\/pages\/2709\/revisions\/2726"}],"up":[{"embeddable":true,"href":"https:\/\/trochoiamnhac.com\/index.php\/wp-json\/wp\/v2\/pages\/2687"}],"wp:attachment":[{"href":"https:\/\/trochoiamnhac.com\/index.php\/wp-json\/wp\/v2\/media?parent=2709"}],"curies":[{"name":"wp","href":"https:\/\/api.w.org\/{rel}","templated":true}]}}