{"id":2173,"date":"2023-09-01T21:38:51","date_gmt":"2023-09-01T14:38:51","guid":{"rendered":"https:\/\/trochoiamnhac.com\/?page_id=2173"},"modified":"2023-09-07T12:21:30","modified_gmt":"2023-09-07T05:21:30","slug":"hoc-lieu-am-nhac-tieu-hoc-dan-phim-dien-tu-tiet-14","status":"publish","type":"page","link":"https:\/\/trochoiamnhac.com\/index.php\/am-nhac-pho-thong\/chuong-trinh-am-nhac-2006\/hoc-lieu-am-nhac-tieu-hoc\/dan-phim-dien-tu\/hoc-lieu-am-nhac-tieu-hoc-dan-phim-dien-tu-tiet-14\/","title":{"rendered":"B\u00e0i 14 &#8211; \u0110\u1ec7m h\u00e1t"},"content":{"rendered":"\n<p>L\u1edbp ch\u00fang ta \u0111o\u00e0n k\u1ebft (S\u1eed d\u1ee5ng \u0111\u00e0n Casio CTK-651 &#8211; R:64; T:100)<\/p>\n\n\n\n<figure class=\"wp-block-embed is-type-video is-provider-youtube wp-block-embed-youtube wp-embed-aspect-16-9 wp-has-aspect-ratio\"><div class=\"wp-block-embed__wrapper\">\n<iframe title=\"LopChungMinh Hat\" width=\"640\" height=\"360\" src=\"https:\/\/www.youtube.com\/embed\/wQRZ092JmdE?feature=oembed\" frameborder=\"0\" allow=\"accelerometer; autoplay; clipboard-write; encrypted-media; gyroscope; picture-in-picture; web-share\" referrerpolicy=\"strict-origin-when-cross-origin\" allowfullscreen><\/iframe>\n<\/div><\/figure>\n\n\n\n<p>Ch\u00fa voi con \u1edf B\u1ea3n \u0110\u00f4n (S\u1eed d\u1ee5ng \u0111\u00e0n Casio CTK-651 &#8211; R:77; T:140\/2)<\/p>\n\n\n\n<figure class=\"wp-block-embed is-type-video is-provider-youtube wp-block-embed-youtube wp-embed-aspect-16-9 wp-has-aspect-ratio\"><div class=\"wp-block-embed__wrapper\">\n<iframe title=\"ChuVoiConOBanDon Hat\" width=\"640\" height=\"360\" src=\"https:\/\/www.youtube.com\/embed\/6NEbKzj19_M?feature=oembed\" frameborder=\"0\" allow=\"accelerometer; autoplay; clipboard-write; encrypted-media; gyroscope; picture-in-picture; web-share\" referrerpolicy=\"strict-origin-when-cross-origin\" allowfullscreen><\/iframe>\n<\/div><\/figure>\n\n\n\n<p>Em v\u1eabn nh\u1edb tr\u01b0\u1eddng x\u01b0a (S\u1eed d\u1ee5ng \u0111\u00e0n Casio CTK-651 &#8211; R:96; T:140\/2)<\/p>\n\n\n\n<figure class=\"wp-block-embed is-type-video is-provider-youtube wp-block-embed-youtube wp-embed-aspect-16-9 wp-has-aspect-ratio\"><div class=\"wp-block-embed__wrapper\">\n<iframe title=\"EmVanNhoTruongXua Hat\" width=\"640\" height=\"360\" src=\"https:\/\/www.youtube.com\/embed\/1VpG-Ml_gDQ?feature=oembed\" frameborder=\"0\" allow=\"accelerometer; autoplay; clipboard-write; encrypted-media; gyroscope; picture-in-picture; web-share\" referrerpolicy=\"strict-origin-when-cross-origin\" allowfullscreen><\/iframe>\n<\/div><\/figure>\n","protected":false},"excerpt":{"rendered":"<p>L\u1edbp ch\u00fang ta \u0111o\u00e0n k\u1ebft (S\u1eed d\u1ee5ng \u0111\u00e0n Casio CTK-651 &#8211; R:64; T:100) Ch\u00fa voi con \u1edf B\u1ea3n \u0110\u00f4n (S\u1eed d\u1ee5ng \u0111\u00e0n Casio CTK-651 &#8211; [&hellip;]<\/p>\n","protected":false},"author":1,"featured_media":0,"parent":1645,"menu_order":0,"comment_status":"closed","ping_status":"closed","template":"","meta":{"om_disable_all_campaigns":false,"_monsterinsights_skip_tracking":false,"_monsterinsights_sitenote_active":false,"_monsterinsights_sitenote_note":"","_monsterinsights_sitenote_category":0,"_uf_show_specific_survey":0,"_uf_disable_surveys":false,"footnotes":""},"class_list":["post-2173","page","type-page","status-publish","hentry"],"aioseo_notices":[],"_links":{"self":[{"href":"https:\/\/trochoiamnhac.com\/index.php\/wp-json\/wp\/v2\/pages\/2173","targetHints":{"allow":["GET"]}}],"collection":[{"href":"https:\/\/trochoiamnhac.com\/index.php\/wp-json\/wp\/v2\/pages"}],"about":[{"href":"https:\/\/trochoiamnhac.com\/index.php\/wp-json\/wp\/v2\/types\/page"}],"author":[{"embeddable":true,"href":"https:\/\/trochoiamnhac.com\/index.php\/wp-json\/wp\/v2\/users\/1"}],"replies":[{"embeddable":true,"href":"https:\/\/trochoiamnhac.com\/index.php\/wp-json\/wp\/v2\/comments?post=2173"}],"version-history":[{"count":3,"href":"https:\/\/trochoiamnhac.com\/index.php\/wp-json\/wp\/v2\/pages\/2173\/revisions"}],"predecessor-version":[{"id":2976,"href":"https:\/\/trochoiamnhac.com\/index.php\/wp-json\/wp\/v2\/pages\/2173\/revisions\/2976"}],"up":[{"embeddable":true,"href":"https:\/\/trochoiamnhac.com\/index.php\/wp-json\/wp\/v2\/pages\/1645"}],"wp:attachment":[{"href":"https:\/\/trochoiamnhac.com\/index.php\/wp-json\/wp\/v2\/media?parent=2173"}],"curies":[{"name":"wp","href":"https:\/\/api.w.org\/{rel}","templated":true}]}}