{"id":2169,"date":"2023-09-01T21:33:26","date_gmt":"2023-09-01T14:33:26","guid":{"rendered":"https:\/\/trochoiamnhac.com\/?page_id=2169"},"modified":"2023-09-07T12:20:34","modified_gmt":"2023-09-07T05:20:34","slug":"hoc-lieu-am-nhac-tieu-hoc-dan-phim-dien-tu-tiet-12","status":"publish","type":"page","link":"https:\/\/trochoiamnhac.com\/index.php\/am-nhac-pho-thong\/chuong-trinh-am-nhac-2006\/hoc-lieu-am-nhac-tieu-hoc\/dan-phim-dien-tu\/hoc-lieu-am-nhac-tieu-hoc-dan-phim-dien-tu-tiet-12\/","title":{"rendered":"B\u00e0i 12"},"content":{"rendered":"\n<h1 class=\"wp-block-heading\">GI\u1eccNG&nbsp;D-dur&nbsp;&amp; h-moll<\/h1>\n\n\n\n<ol class=\"wp-block-list\">\n<li>H\u1ee3p \u00e2m gi\u1ecdng D-dur <img decoding=\"async\" src=\"https:\/\/leminhphuoc.files.wordpress.com\/2016\/05\/d-truong.png\" alt=\"D truong\" width=\"648\" height=\"487\"><\/li>\n\n\n\n<li>H\u1ee3p&nbsp;\u00e2m gi\u1ecdng h-moll<img decoding=\"async\" src=\"https:\/\/leminhphuoc.files.wordpress.com\/2016\/05\/h-thu.png\" alt=\"H thu\" width=\"513\" height=\"178\"><\/li>\n\n\n\n<li>B\u00e0i h\u00e1t \u1ee9ng d\u1ee5ng\n<ul class=\"wp-block-list\">\n<li>L\u1edbp 3: B\u00e0i ca \u0111i h\u1ecdc <a href=\"https:\/\/youtu.be\/HoRozbyLTNo\" target=\"_blank\" rel=\"noreferrer noopener\">[Video]<\/a> <a href=\"https:\/\/app.box.com\/s\/nycqfvru85wo7sawxdcknrp9bw4df0in\" target=\"_blank\" rel=\"noreferrer noopener\">[MIDI]<\/a> <a href=\"https:\/\/app.box.com\/s\/guxmu5odt8emh8cy9hl35xwkz19ivyvo\" target=\"_blank\" rel=\"noreferrer noopener\">[mp3]<\/a> <a href=\"https:\/\/app.box.com\/s\/8807mrufjsgc7rfyppf5gnenj32cvgpx\" target=\"_blank\" rel=\"noreferrer noopener\">[Ipad]<\/a> <a href=\"http:\/\/leminhphuoc.esy.es\/hoclieu\/Lop3\/Baihat\/L3_02BaicadihocforAvidScorch.htm\" target=\"_blank\" rel=\"noreferrer noopener\">[Scorch]<\/a> <a href=\"https:\/\/app.box.com\/s\/qmvpfbh2np7f4er49r1tygliv2qj20xu\" target=\"_blank\" rel=\"noreferrer noopener\">[Sheet]<\/a><\/li>\n\n\n\n<li>L\u1edbp 5: Tre ng\u00e0 b\u00ean l\u0103ng B\u00e1c <a href=\"https:\/\/youtu.be\/-r8ox2UASGE\" target=\"_blank\" rel=\"noreferrer noopener\">[Video]<\/a> <a href=\"https:\/\/app.box.com\/s\/b0kv5xd5enf4b6inxaw8sc7ci73qdfde\" target=\"_blank\" rel=\"noreferrer noopener\">[MIDI]<\/a> <a href=\"https:\/\/app.box.com\/s\/qmm1xw9om195td6gnheahati6kv0r3hv\" target=\"_blank\" rel=\"noreferrer noopener\">[mp3]<\/a> <a href=\"https:\/\/app.box.com\/s\/n0q4gllxjky7hv3v43g1fmjedr56qpaz\" target=\"_blank\" rel=\"noreferrer noopener\">[Ipad]<\/a> <a href=\"http:\/\/leminhphuoc.esy.es\/hoclieu\/Lop5\/BaiHat\/L5_07TrengabenlangBacforAvidScorch.htm\" target=\"_blank\" rel=\"noreferrer noopener\">[Scorch]<\/a> <a href=\"https:\/\/app.box.com\/s\/c3wfp7wn9m7vjz2zuijm89w83d4wr5xi\" target=\"_blank\" rel=\"noreferrer noopener\">[Sheet]<\/a><\/li>\n\n\n\n<li>L\u1edbp 3: Ti\u1ebfng h\u00e1t b\u1ea1n b\u00e8 m\u00ecnh <a href=\"https:\/\/youtu.be\/6ASmr3Vdzi8\" target=\"_blank\" rel=\"noreferrer noopener\">[Video]<\/a> <a href=\"https:\/\/app.box.com\/s\/5cm7pp11qpu46z01xo401fkubxrrq0em\" target=\"_blank\" rel=\"noreferrer noopener\">[MIDI]<\/a> <a href=\"https:\/\/app.box.com\/s\/w5hl9htmastvque4b3yjw5z96l8w7687\" target=\"_blank\" rel=\"noreferrer noopener\">[mp3]<\/a> <a href=\"https:\/\/app.box.com\/s\/lmql70r2f3fhnkx9y80wrje5iwl09gt4\">[Ipad]<\/a> <a href=\"http:\/\/leminhphuoc.esy.es\/hoclieu\/Lop3\/Baihat\/L3_11TienghatbanbeminhforAvidScorch.htm\" target=\"_blank\" rel=\"noreferrer noopener\">[Scorch]<\/a> <a href=\"https:\/\/app.box.com\/s\/fuploospo6psx3qwa9ppdfmuxgmtuwtk\" target=\"_blank\" rel=\"noreferrer noopener\">[Sheet]<\/a><\/li>\n<\/ul>\n<\/li>\n<\/ol>\n","protected":false},"excerpt":{"rendered":"<p>GI\u1eccNG&nbsp;D-dur&nbsp;&amp; h-moll<\/p>\n","protected":false},"author":1,"featured_media":0,"parent":1645,"menu_order":0,"comment_status":"closed","ping_status":"closed","template":"","meta":{"om_disable_all_campaigns":false,"_monsterinsights_skip_tracking":false,"_monsterinsights_sitenote_active":false,"_monsterinsights_sitenote_note":"","_monsterinsights_sitenote_category":0,"_uf_show_specific_survey":0,"_uf_disable_surveys":false,"footnotes":""},"class_list":["post-2169","page","type-page","status-publish","hentry"],"aioseo_notices":[],"_links":{"self":[{"href":"https:\/\/trochoiamnhac.com\/index.php\/wp-json\/wp\/v2\/pages\/2169","targetHints":{"allow":["GET"]}}],"collection":[{"href":"https:\/\/trochoiamnhac.com\/index.php\/wp-json\/wp\/v2\/pages"}],"about":[{"href":"https:\/\/trochoiamnhac.com\/index.php\/wp-json\/wp\/v2\/types\/page"}],"author":[{"embeddable":true,"href":"https:\/\/trochoiamnhac.com\/index.php\/wp-json\/wp\/v2\/users\/1"}],"replies":[{"embeddable":true,"href":"https:\/\/trochoiamnhac.com\/index.php\/wp-json\/wp\/v2\/comments?post=2169"}],"version-history":[{"count":3,"href":"https:\/\/trochoiamnhac.com\/index.php\/wp-json\/wp\/v2\/pages\/2169\/revisions"}],"predecessor-version":[{"id":2974,"href":"https:\/\/trochoiamnhac.com\/index.php\/wp-json\/wp\/v2\/pages\/2169\/revisions\/2974"}],"up":[{"embeddable":true,"href":"https:\/\/trochoiamnhac.com\/index.php\/wp-json\/wp\/v2\/pages\/1645"}],"wp:attachment":[{"href":"https:\/\/trochoiamnhac.com\/index.php\/wp-json\/wp\/v2\/media?parent=2169"}],"curies":[{"name":"wp","href":"https:\/\/api.w.org\/{rel}","templated":true}]}}