{"id":204,"date":"2011-04-21T11:03:21","date_gmt":"2011-04-21T04:03:21","guid":{"rendered":"http:\/\/leminhphuoc.wordpress.com\/?page_id=204"},"modified":"2011-04-21T11:03:21","modified_gmt":"2011-04-21T04:03:21","slug":"lop-9","status":"publish","type":"page","link":"https:\/\/trochoiamnhac.com\/index.php\/am-nhac-pho-thong\/chuong-trinh-am-nhac-2006\/hoc-lieu-am-nhac-thcs\/lop-9\/","title":{"rendered":"\u00c2m nh\u1ea1c L\u1edbp 9"},"content":{"rendered":"<h2><span style=\"color:#993300;\"><strong>B\u00e0i h\u00e1t<\/strong><\/span><\/h2>\n<p><a href=\"http:\/\/www.box.net\/shared\/ycnm5pcp66\" target=\"_blank\" rel=\"noopener\">1. B\u00f3ng d\u00e1ng m\u1ed9t ng\u00f4i tr\u01b0\u1eddng.<\/a><\/p>\n<p><a href=\"http:\/\/www.box.net\/shared\/9mdla390jj\" target=\"_blank\" rel=\"noopener\">2. N\u1ee5 c\u01b0\u1eddi<\/a><\/p>\n<p><a href=\"http:\/\/www.box.net\/shared\/z7niaxa7ne\" target=\"_blank\" rel=\"noopener\">3. N\u1ed1i v\u00f2ng tay l\u1edbn<\/a><\/p>\n<p><a href=\"http:\/\/www.box.net\/shared\/9se4e9p3j5\" target=\"_blank\" rel=\"noopener\">4. L\u00fd k\u00e9o ch\u00e0i<\/a><\/p>\n<h2><span style=\"color:#800000;\">T\u1eadp \u0111\u1ecdc nh\u1ea1c<\/span><\/h2>\n<p><a href=\"https:\/\/www.box.com\/s\/j3zodpgig354988nss1z\" target=\"_blank\" rel=\"noopener\">B\u1ea3n nh\u1ea1c<\/a><\/p>\n<h2><span style=\"color:#800000;\"><strong>Nh\u1ea1c n\u1ec1n<\/strong><\/span><\/h2>\n<p><a href=\"http:\/\/www.box.net\/shared\/67gzlifa2tt895egmeib\" target=\"_blank\" rel=\"noopener\">1. B\u00f3ng d\u00e1ng m\u1ed9t ng\u00f4i tr\u01b0\u1eddng.<\/a><\/p>\n<p><a href=\"http:\/\/www.box.net\/shared\/sezkmckqpqtjr58bhcpv\" target=\"_blank\" rel=\"noopener\">2. N\u1ee5 c\u01b0\u1eddi<\/a><\/p>\n<p><a href=\"http:\/\/www.box.net\/shared\/hey5ye7u4rhrqsnpheqp\" target=\"_blank\" rel=\"noopener\">3. N\u1ed1i v\u00f2ng tay l\u1edbn<\/a><\/p>\n<p><a href=\"http:\/\/www.box.net\/shared\/dbejnjthcl4b8iau2nrh\" target=\"_blank\" rel=\"noopener\">4. L\u00fd k\u00e9o ch\u00e0i<\/a><\/p>\n","protected":false},"excerpt":{"rendered":"<p>B\u00e0i h\u00e1t 1. B\u00f3ng d\u00e1ng m\u1ed9t ng\u00f4i tr\u01b0\u1eddng. 2. N\u1ee5 c\u01b0\u1eddi 3. N\u1ed1i v\u00f2ng tay l\u1edbn 4. L\u00fd k\u00e9o ch\u00e0i T\u1eadp \u0111\u1ecdc nh\u1ea1c B\u1ea3n nh\u1ea1c [&hellip;]<\/p>\n","protected":false},"author":2,"featured_media":0,"parent":1534,"menu_order":0,"comment_status":"open","ping_status":"open","template":"","meta":{"om_disable_all_campaigns":false,"_monsterinsights_skip_tracking":false,"_monsterinsights_sitenote_active":false,"_monsterinsights_sitenote_note":"","_monsterinsights_sitenote_category":0,"_uf_show_specific_survey":0,"_uf_disable_surveys":false,"footnotes":""},"class_list":["post-204","page","type-page","status-publish","hentry"],"aioseo_notices":[],"_links":{"self":[{"href":"https:\/\/trochoiamnhac.com\/index.php\/wp-json\/wp\/v2\/pages\/204","targetHints":{"allow":["GET"]}}],"collection":[{"href":"https:\/\/trochoiamnhac.com\/index.php\/wp-json\/wp\/v2\/pages"}],"about":[{"href":"https:\/\/trochoiamnhac.com\/index.php\/wp-json\/wp\/v2\/types\/page"}],"author":[{"embeddable":true,"href":"https:\/\/trochoiamnhac.com\/index.php\/wp-json\/wp\/v2\/users\/2"}],"replies":[{"embeddable":true,"href":"https:\/\/trochoiamnhac.com\/index.php\/wp-json\/wp\/v2\/comments?post=204"}],"version-history":[{"count":0,"href":"https:\/\/trochoiamnhac.com\/index.php\/wp-json\/wp\/v2\/pages\/204\/revisions"}],"up":[{"embeddable":true,"href":"https:\/\/trochoiamnhac.com\/index.php\/wp-json\/wp\/v2\/pages\/1534"}],"wp:attachment":[{"href":"https:\/\/trochoiamnhac.com\/index.php\/wp-json\/wp\/v2\/media?parent=204"}],"curies":[{"name":"wp","href":"https:\/\/api.w.org\/{rel}","templated":true}]}}