{"id":201,"date":"2011-04-21T10:47:49","date_gmt":"2011-04-21T03:47:49","guid":{"rendered":"http:\/\/leminhphuoc.wordpress.com\/?page_id=201"},"modified":"2023-09-03T07:43:14","modified_gmt":"2023-09-03T00:43:14","slug":"lop-8","status":"publish","type":"page","link":"https:\/\/trochoiamnhac.com\/index.php\/am-nhac-pho-thong\/chuong-trinh-am-nhac-2006\/hoc-lieu-am-nhac-thcs\/lop-8\/","title":{"rendered":"\u00c2m nh\u1ea1c L\u1edbp 8"},"content":{"rendered":"\n<h2 class=\"wp-block-heading\"><span style=\"color: #993300;\"><strong>B\u00e0i h\u00e1t<\/strong><\/span><\/h2>\n\n\n\n<p><a href=\"http:\/\/www.box.net\/shared\/u7nj3637l0\" target=\"_blank\" rel=\"noopener\">1. M\u00f9a thu ng\u00e0y khai tr\u01b0\u1eddng.<\/a><\/p>\n\n\n\n<p><a href=\"http:\/\/www.box.net\/shared\/28vvxqudlr\" target=\"_blank\" rel=\"noopener\">2. L\u00fd d\u0129a b\u00e1nh b\u00f2.<\/a><\/p>\n\n\n\n<p><a href=\"http:\/\/www.box.net\/shared\/e8q5ldv3je\" target=\"_blank\" rel=\"noopener\">3. Tu\u1ed5i h\u1ed3ng.<\/a><\/p>\n\n\n\n<p><a href=\"http:\/\/www.box.net\/shared\/s5aic7yv19\" target=\"_blank\" rel=\"noopener\">4. H\u00f2 ba l\u00fd.<\/a><\/p>\n\n\n\n<p><a href=\"http:\/\/www.box.net\/shared\/se6lh0la4d\" target=\"_blank\" rel=\"noopener\">5. Kh\u00e1t v\u1ecdng m\u00f9a xu\u00e2n.<\/a><\/p>\n\n\n\n<p><a href=\"http:\/\/www.box.net\/shared\/lnmms09znz\" target=\"_blank\" rel=\"noopener\">6. N\u1ed5i tr\u1ed1ng l\u00ean c\u00e1c b\u1ea1n \u01a1i!<\/a><\/p>\n\n\n\n<p><a href=\"http:\/\/www.box.net\/shared\/uv5e3gz721\" target=\"_blank\" rel=\"noopener\">7. Ng\u00f4i nh\u00e0 c\u1ee7a ch\u00fang ta.<\/a><\/p>\n\n\n\n<p><a href=\"http:\/\/www.box.net\/shared\/8r5r05s0nj\" target=\"_blank\" rel=\"noopener\">8. Tu\u1ed5i \u0111\u1eddi m\u00eanh m\u00f4ng.<\/a><\/p>\n\n\n\n<h2 class=\"wp-block-heading\"><span style=\"color: #800000;\">T\u1eadp \u0111\u1ecdc nh\u1ea1c<\/span><\/h2>\n\n\n\n<p><a href=\"https:\/\/www.box.com\/s\/k2u6fhdw9fwbodkgzqx6\" target=\"_blank\" rel=\"noopener\">B\u1ea3n nh\u1ea1c<\/a><\/p>\n\n\n\n<h2 class=\"wp-block-heading\"><span style=\"color: #993300;\"><strong>Nh\u1ea1c n\u1ec1n<\/strong><\/span><\/h2>\n\n\n\n<p><a href=\"http:\/\/www.box.net\/shared\/r30z6qse6003lh5x0t36\" target=\"_blank\" rel=\"noopener\">1. M\u00f9a thu ng\u00e0y khai tr\u01b0\u1eddng.<\/a><\/p>\n\n\n\n<p><a href=\"http:\/\/www.box.net\/shared\/e43jnqvdeum6qqn5o4bd\" target=\"_blank\" rel=\"noopener\">2. L\u00fd d\u0129a b\u00e1nh b\u00f2.<\/a><\/p>\n\n\n\n<p><a href=\"http:\/\/www.box.net\/shared\/b3t4gzcc7og7zeprdrob\" target=\"_blank\" rel=\"noopener\">3. Tu\u1ed5i h\u1ed3ng.<\/a><\/p>\n\n\n\n<p><a href=\"http:\/\/www.box.net\/shared\/ehie92vv9vk34xud2e85\" target=\"_blank\" rel=\"noopener\">4. H\u00f2 ba l\u00fd.<\/a><\/p>\n\n\n\n<p><a href=\"http:\/\/www.box.net\/shared\/i8a4nceit7610iei2e4v\" target=\"_blank\" rel=\"noopener\">5. Kh\u00e1t v\u1ecdng m\u00f9a xu\u00e2n.<\/a><\/p>\n\n\n\n<p><a href=\"http:\/\/www.box.net\/shared\/8f6yrsa3fqgr57hq7pab\" target=\"_blank\" rel=\"noopener\">6. N\u1ed5i tr\u1ed1ng l\u00ean c\u00e1c b\u1ea1n \u01a1i!<\/a><\/p>\n\n\n\n<p><a href=\"http:\/\/www.box.net\/shared\/xl2kncyzstyq7iqqov8j\" target=\"_blank\" rel=\"noopener\">7. Ng\u00f4i nh\u00e0 c\u1ee7a ch\u00fang ta.<\/a><\/p>\n\n\n\n<p><a href=\"http:\/\/www.box.net\/shared\/b3i6y8n123yim2cioi7n\" target=\"_blank\" rel=\"noopener\">8. Tu\u1ed5i \u0111\u1eddi m\u00eanh m\u00f4ng.<\/a><\/p>\n\n\n\n<h2 class=\"wp-block-heading\"><span style=\"color: #800000;\">Karaoke<\/span><\/h2>\n\n\n\n<p>1. M\u00f9a thu ng\u00e0y khai tr\u01b0\u1eddng.<\/p>\n\n\n\n<figure class=\"wp-block-embed is-type-video is-provider-youtube wp-block-embed-youtube wp-embed-aspect-4-3 wp-has-aspect-ratio\"><div class=\"wp-block-embed__wrapper\">\n<iframe title=\"L8 M\u00f9a thu ng\u00e0y khai tr\u01b0\u1eddng\" width=\"640\" height=\"480\" src=\"https:\/\/www.youtube.com\/embed\/clB6jJf1ZBU?feature=oembed\" frameborder=\"0\" allow=\"accelerometer; autoplay; clipboard-write; encrypted-media; gyroscope; picture-in-picture; web-share\" referrerpolicy=\"strict-origin-when-cross-origin\" allowfullscreen><\/iframe>\n<\/div><\/figure>\n\n\n\n<p>2. L\u00fd d\u0129a b\u00e1nh b\u00f2.<\/p>\n\n\n\n<figure class=\"wp-block-embed is-type-video is-provider-youtube wp-block-embed-youtube wp-embed-aspect-4-3 wp-has-aspect-ratio\"><div class=\"wp-block-embed__wrapper\">\n<iframe title=\"L8 L\u00fd d\u0129a b\u00e1nh b\u00f2\" width=\"640\" height=\"480\" src=\"https:\/\/www.youtube.com\/embed\/l7K38Ihz434?feature=oembed\" frameborder=\"0\" allow=\"accelerometer; autoplay; clipboard-write; encrypted-media; gyroscope; picture-in-picture; web-share\" referrerpolicy=\"strict-origin-when-cross-origin\" allowfullscreen><\/iframe>\n<\/div><\/figure>\n\n\n\n<p>3. Tu\u1ed5i h\u1ed3ng.<\/p>\n\n\n\n<figure class=\"wp-block-embed is-type-video is-provider-youtube wp-block-embed-youtube wp-embed-aspect-4-3 wp-has-aspect-ratio\"><div class=\"wp-block-embed__wrapper\">\n<iframe title=\"L8 Tu\u1ed5i h\u1ed3ng\" width=\"640\" height=\"480\" src=\"https:\/\/www.youtube.com\/embed\/P3G2F3VCagE?feature=oembed\" frameborder=\"0\" allow=\"accelerometer; autoplay; clipboard-write; encrypted-media; gyroscope; picture-in-picture; web-share\" referrerpolicy=\"strict-origin-when-cross-origin\" allowfullscreen><\/iframe>\n<\/div><\/figure>\n\n\n\n<p>4. H\u00f2 ba l\u00fd.<\/p>\n\n\n\n<figure class=\"wp-block-embed is-type-video is-provider-youtube wp-block-embed-youtube wp-embed-aspect-4-3 wp-has-aspect-ratio\"><div class=\"wp-block-embed__wrapper\">\n<iframe title=\"L8 H\u00f2 ba l\u00fd\" width=\"640\" height=\"480\" src=\"https:\/\/www.youtube.com\/embed\/mHR4A6i7C3A?feature=oembed\" frameborder=\"0\" allow=\"accelerometer; autoplay; clipboard-write; encrypted-media; gyroscope; picture-in-picture; web-share\" referrerpolicy=\"strict-origin-when-cross-origin\" allowfullscreen><\/iframe>\n<\/div><\/figure>\n\n\n\n<p>5. Kh\u00e1t v\u1ecdng m\u00f9a xu\u00e2n.<\/p>\n\n\n\n<figure class=\"wp-block-embed is-type-video is-provider-youtube wp-block-embed-youtube wp-embed-aspect-4-3 wp-has-aspect-ratio\"><div class=\"wp-block-embed__wrapper\">\n<iframe title=\"L8 Kh\u00e1t v\u1ecdng m\u00f9a xu\u00e2n\" width=\"640\" height=\"480\" src=\"https:\/\/www.youtube.com\/embed\/pIeJdfX75Tw?feature=oembed\" frameborder=\"0\" allow=\"accelerometer; autoplay; clipboard-write; encrypted-media; gyroscope; picture-in-picture; web-share\" referrerpolicy=\"strict-origin-when-cross-origin\" allowfullscreen><\/iframe>\n<\/div><\/figure>\n\n\n\n<p>6. N\u1ed5i tr\u1ed1ng l\u00ean c\u00e1c b\u1ea1n \u01a1i!<\/p>\n\n\n\n<figure class=\"wp-block-embed is-type-video is-provider-youtube wp-block-embed-youtube wp-embed-aspect-4-3 wp-has-aspect-ratio\"><div class=\"wp-block-embed__wrapper\">\n<iframe title=\"L8 N\u1ed5i tr\u1ed1ng l\u00ean c\u00e1c b\u1ea1n \u01a1i\" width=\"640\" height=\"480\" src=\"https:\/\/www.youtube.com\/embed\/Xj8OKQ0omqA?feature=oembed\" frameborder=\"0\" allow=\"accelerometer; autoplay; clipboard-write; encrypted-media; gyroscope; picture-in-picture; web-share\" referrerpolicy=\"strict-origin-when-cross-origin\" allowfullscreen><\/iframe>\n<\/div><\/figure>\n\n\n\n<p>7. Ng\u00f4i nh\u00e0 c\u1ee7a ch\u00fang ta.<\/p>\n\n\n\n<figure class=\"wp-block-embed is-type-video is-provider-youtube wp-block-embed-youtube wp-embed-aspect-4-3 wp-has-aspect-ratio\"><div class=\"wp-block-embed__wrapper\">\n<iframe title=\"L8  Ng\u00f4i nh\u00e0 c\u1ee7a ch\u00fang ta\" width=\"640\" height=\"480\" src=\"https:\/\/www.youtube.com\/embed\/BEh6ootyc8o?feature=oembed\" frameborder=\"0\" allow=\"accelerometer; autoplay; clipboard-write; encrypted-media; gyroscope; picture-in-picture; web-share\" referrerpolicy=\"strict-origin-when-cross-origin\" allowfullscreen><\/iframe>\n<\/div><\/figure>\n\n\n\n<p>8. Tu\u1ed5i \u0111\u1eddi m\u00eanh m\u00f4ng.<\/p>\n\n\n\n<figure class=\"wp-block-embed is-type-video is-provider-youtube wp-block-embed-youtube wp-embed-aspect-4-3 wp-has-aspect-ratio\"><div class=\"wp-block-embed__wrapper\">\n<iframe title=\"L8 Tu\u1ed5i \u0111\u1eddi m\u00eanh m\u00f4ng\" width=\"640\" height=\"480\" src=\"https:\/\/www.youtube.com\/embed\/mFTWBhRJlAI?feature=oembed\" frameborder=\"0\" allow=\"accelerometer; autoplay; clipboard-write; encrypted-media; gyroscope; picture-in-picture; web-share\" referrerpolicy=\"strict-origin-when-cross-origin\" allowfullscreen><\/iframe>\n<\/div><\/figure>\n","protected":false},"excerpt":{"rendered":"<p>B\u00e0i h\u00e1t 1. M\u00f9a thu ng\u00e0y khai tr\u01b0\u1eddng. 2. L\u00fd d\u0129a b\u00e1nh b\u00f2. 3. Tu\u1ed5i h\u1ed3ng. 4. H\u00f2 ba l\u00fd. 5. Kh\u00e1t v\u1ecdng m\u00f9a xu\u00e2n. [&hellip;]<\/p>\n","protected":false},"author":2,"featured_media":0,"parent":1534,"menu_order":0,"comment_status":"open","ping_status":"open","template":"","meta":{"om_disable_all_campaigns":false,"_monsterinsights_skip_tracking":false,"_monsterinsights_sitenote_active":false,"_monsterinsights_sitenote_note":"","_monsterinsights_sitenote_category":0,"_uf_show_specific_survey":0,"_uf_disable_surveys":false,"footnotes":""},"class_list":["post-201","page","type-page","status-publish","hentry"],"aioseo_notices":[],"_links":{"self":[{"href":"https:\/\/trochoiamnhac.com\/index.php\/wp-json\/wp\/v2\/pages\/201","targetHints":{"allow":["GET"]}}],"collection":[{"href":"https:\/\/trochoiamnhac.com\/index.php\/wp-json\/wp\/v2\/pages"}],"about":[{"href":"https:\/\/trochoiamnhac.com\/index.php\/wp-json\/wp\/v2\/types\/page"}],"author":[{"embeddable":true,"href":"https:\/\/trochoiamnhac.com\/index.php\/wp-json\/wp\/v2\/users\/2"}],"replies":[{"embeddable":true,"href":"https:\/\/trochoiamnhac.com\/index.php\/wp-json\/wp\/v2\/comments?post=201"}],"version-history":[{"count":1,"href":"https:\/\/trochoiamnhac.com\/index.php\/wp-json\/wp\/v2\/pages\/201\/revisions"}],"predecessor-version":[{"id":2194,"href":"https:\/\/trochoiamnhac.com\/index.php\/wp-json\/wp\/v2\/pages\/201\/revisions\/2194"}],"up":[{"embeddable":true,"href":"https:\/\/trochoiamnhac.com\/index.php\/wp-json\/wp\/v2\/pages\/1534"}],"wp:attachment":[{"href":"https:\/\/trochoiamnhac.com\/index.php\/wp-json\/wp\/v2\/media?parent=201"}],"curies":[{"name":"wp","href":"https:\/\/api.w.org\/{rel}","templated":true}]}}