{"id":196,"date":"2011-04-21T04:03:45","date_gmt":"2011-04-20T21:03:45","guid":{"rendered":"http:\/\/leminhphuoc.wordpress.com\/?page_id=196"},"modified":"2023-09-03T07:36:56","modified_gmt":"2023-09-03T00:36:56","slug":"lop-7","status":"publish","type":"page","link":"https:\/\/trochoiamnhac.com\/index.php\/am-nhac-pho-thong\/chuong-trinh-am-nhac-2006\/hoc-lieu-am-nhac-thcs\/lop-7\/","title":{"rendered":"\u00c2m nh\u1ea1c L\u1edbp 7"},"content":{"rendered":"\n<h2 class=\"wp-block-heading\"><span style=\"color: #800000;\"><strong><strong>B\u00e0i h\u00e1t<\/strong><\/strong><\/span><\/h2>\n\n\n\n<p><a href=\"http:\/\/www.box.net\/shared\/jd05a94z95\" target=\"_blank\" rel=\"noopener\">1. M\u00e1i tr\u01b0\u1eddng m\u1ebfn y\u00eau.<\/a><\/p>\n\n\n\n<p><a href=\"http:\/\/www.box.net\/shared\/0kpv16j6jk\" target=\"_blank\" rel=\"noopener\">2. L\u00fd c\u00e2y \u0111a.<\/a><\/p>\n\n\n\n<p><a href=\"http:\/\/www.box.net\/shared\/lx030uzpsb\" target=\"_blank\" rel=\"noopener\">3. Ch\u00fang em c\u1ea7n h\u00f2a b\u00ecnh.<\/a><\/p>\n\n\n\n<p><a href=\"http:\/\/www.box.net\/shared\/i5fu6k27z9\" target=\"_blank\" rel=\"noopener\">4. Kh\u00fac h\u00e1t chim s\u01a1n ca.<\/a><\/p>\n\n\n\n<p><a href=\"http:\/\/www.box.net\/shared\/4apftbunny\" target=\"_blank\" rel=\"noopener\">5. \u0110i c\u1eaft l\u00faa.<\/a><\/p>\n\n\n\n<p><a href=\"http:\/\/www.box.net\/shared\/te45au956a\" target=\"_blank\" rel=\"noopener\">6. Kh\u00fac ca b\u1ed1n m\u00f9a.<\/a><\/p>\n\n\n\n<p><a href=\"http:\/\/www.box.net\/shared\/zool6f13r0\" target=\"_blank\" rel=\"noopener\">7. Ca &#8211; chiu &#8211; sa.<\/a><\/p>\n\n\n\n<p><a href=\"http:\/\/www.box.net\/shared\/lf5bcihrqb\" target=\"_blank\" rel=\"noopener\">8. Ti\u1ebfng ve g\u1ecdi h\u00e8.<\/a><\/p>\n\n\n\n<h2 class=\"wp-block-heading\"><span style=\"color: #800000;\">T\u1eadp \u0111\u1ecdc nh\u1ea1c<\/span><\/h2>\n\n\n\n<p><a href=\"https:\/\/www.box.com\/s\/3ue9fg7o76fkfyi12ugs\" target=\"_blank\" rel=\"noopener\">B\u1ea3n nh\u1ea1c<\/a><\/p>\n\n\n\n<h2 class=\"wp-block-heading\"><span style=\"color: #800000;\"><strong><strong>Nh\u1ea1c n\u1ec1n<\/strong><\/strong><\/span><\/h2>\n\n\n\n<p><a href=\"http:\/\/www.box.net\/shared\/gycyostnnshmeub1dpak\" target=\"_blank\" rel=\"noopener\">1. M\u00e1i tr\u01b0\u1eddng m\u1ebfn y\u00eau.<\/a><\/p>\n\n\n\n<p><a href=\"http:\/\/www.box.net\/shared\/zt4y21igscc1k66cvidm\" target=\"_blank\" rel=\"noopener\">2. L\u00fd c\u00e2y \u0111a.<\/a><\/p>\n\n\n\n<p><a href=\"http:\/\/www.box.net\/shared\/zjj8t2jp7bv7rrvztsr6\" target=\"_blank\" rel=\"noopener\">3. Ch\u00fang em c\u1ea7n h\u00f2a b\u00ecnh.<\/a><\/p>\n\n\n\n<p><a href=\"http:\/\/www.box.net\/shared\/91rt8iv3bxex6693c6mn\" target=\"_blank\" rel=\"noopener\">4. Kh\u00fac h\u00e1t chim s\u01a1n ca.<\/a><\/p>\n\n\n\n<p><a href=\"http:\/\/www.box.net\/shared\/nbu26avctjk44aclpays\" target=\"_blank\" rel=\"noopener\">5. \u0110i c\u1eaft l\u00faa.<\/a><\/p>\n\n\n\n<p><a href=\"http:\/\/www.box.net\/shared\/28t0qvhsk5g26epdtbr2\" target=\"_blank\" rel=\"noopener\">6. Kh\u00fac ca b\u1ed1n m\u00f9a.<\/a><\/p>\n\n\n\n<p><a href=\"http:\/\/www.box.net\/shared\/6vadazkdgfp458lzdlc4\" target=\"_blank\" rel=\"noopener\">7. Ca &#8211; chiu &#8211; sa.<\/a><\/p>\n\n\n\n<p><a href=\"http:\/\/www.box.net\/shared\/ra32g7zhnqlgc2uscmc6\" target=\"_blank\" rel=\"noopener\">8. Ti\u1ebfng ve g\u1ecdi h\u00e8.<\/a><\/p>\n\n\n\n<h2 class=\"wp-block-heading\"><span style=\"color: #800000;\">Karaoke<\/span><\/h2>\n\n\n\n<p>1. M\u00e1i tr\u01b0\u1eddng m\u1ebfn y\u00eau.<\/p>\n\n\n\n<figure class=\"wp-block-embed is-type-video is-provider-youtube wp-block-embed-youtube wp-embed-aspect-4-3 wp-has-aspect-ratio\"><div class=\"wp-block-embed__wrapper\">\n<iframe title=\"L7 M\u00e1i tr\u01b0\u1eddng m\u1ebfn y\u00eau\" width=\"640\" height=\"480\" src=\"https:\/\/www.youtube.com\/embed\/VnUTFzrr89U?feature=oembed\" frameborder=\"0\" allow=\"accelerometer; autoplay; clipboard-write; encrypted-media; gyroscope; picture-in-picture; web-share\" referrerpolicy=\"strict-origin-when-cross-origin\" allowfullscreen><\/iframe>\n<\/div><\/figure>\n\n\n\n<p>2. L\u00fd c\u00e2y \u0111a.<\/p>\n\n\n\n<figure class=\"wp-block-embed is-type-video is-provider-youtube wp-block-embed-youtube wp-embed-aspect-4-3 wp-has-aspect-ratio\"><div class=\"wp-block-embed__wrapper\">\n<iframe title=\"L7 L\u00fd c\u00e2y \u0111a\" width=\"640\" height=\"480\" src=\"https:\/\/www.youtube.com\/embed\/ziFEibRacMY?feature=oembed\" frameborder=\"0\" allow=\"accelerometer; autoplay; clipboard-write; encrypted-media; gyroscope; picture-in-picture; web-share\" referrerpolicy=\"strict-origin-when-cross-origin\" allowfullscreen><\/iframe>\n<\/div><\/figure>\n\n\n\n<p>3. Ch\u00fang em c\u1ea7n h\u00f2a b\u00ecnh.<\/p>\n\n\n\n<figure class=\"wp-block-embed is-type-video is-provider-youtube wp-block-embed-youtube wp-embed-aspect-4-3 wp-has-aspect-ratio\"><div class=\"wp-block-embed__wrapper\">\n<iframe title=\"L7 Ch\u00fang em c\u1ea7n ho\u00e0 b\u00ecnh\" width=\"640\" height=\"480\" src=\"https:\/\/www.youtube.com\/embed\/g5KI7mal6cU?feature=oembed\" frameborder=\"0\" allow=\"accelerometer; autoplay; clipboard-write; encrypted-media; gyroscope; picture-in-picture; web-share\" referrerpolicy=\"strict-origin-when-cross-origin\" allowfullscreen><\/iframe>\n<\/div><\/figure>\n\n\n\n<p>4. Kh\u00fac h\u00e1t chim s\u01a1n ca.<\/p>\n\n\n\n<figure class=\"wp-block-embed is-type-video is-provider-youtube wp-block-embed-youtube wp-embed-aspect-4-3 wp-has-aspect-ratio\"><div class=\"wp-block-embed__wrapper\">\n<iframe title=\"L7 Kh\u00fac h\u00e1t chim s\u01a1n ca\" width=\"640\" height=\"480\" src=\"https:\/\/www.youtube.com\/embed\/CUaX2AGHtBw?feature=oembed\" frameborder=\"0\" allow=\"accelerometer; autoplay; clipboard-write; encrypted-media; gyroscope; picture-in-picture; web-share\" referrerpolicy=\"strict-origin-when-cross-origin\" allowfullscreen><\/iframe>\n<\/div><\/figure>\n\n\n\n<p>5. \u0110i c\u1eaft l\u00faa.<\/p>\n\n\n\n<figure class=\"wp-block-embed is-type-video is-provider-youtube wp-block-embed-youtube wp-embed-aspect-4-3 wp-has-aspect-ratio\"><div class=\"wp-block-embed__wrapper\">\n<iframe title=\"L7 \u0110i c\u1eaft l\u00faa\" width=\"640\" height=\"480\" src=\"https:\/\/www.youtube.com\/embed\/3do1KCKkG28?feature=oembed\" frameborder=\"0\" allow=\"accelerometer; autoplay; clipboard-write; encrypted-media; gyroscope; picture-in-picture; web-share\" referrerpolicy=\"strict-origin-when-cross-origin\" allowfullscreen><\/iframe>\n<\/div><\/figure>\n\n\n\n<p>6. Kh\u00fac ca b\u1ed1n m\u00f9a.<\/p>\n\n\n\n<figure class=\"wp-block-embed is-type-video is-provider-youtube wp-block-embed-youtube wp-embed-aspect-4-3 wp-has-aspect-ratio\"><div class=\"wp-block-embed__wrapper\">\n<iframe title=\"L7 Kh\u00fac ca b\u1ed1n m\u00f9a\" width=\"640\" height=\"480\" src=\"https:\/\/www.youtube.com\/embed\/I_W66w5e07o?feature=oembed\" frameborder=\"0\" allow=\"accelerometer; autoplay; clipboard-write; encrypted-media; gyroscope; picture-in-picture; web-share\" referrerpolicy=\"strict-origin-when-cross-origin\" allowfullscreen><\/iframe>\n<\/div><\/figure>\n\n\n\n<p>7. Ca &#8211; chiu &#8211; sa.<\/p>\n\n\n\n<figure class=\"wp-block-embed is-type-video is-provider-youtube wp-block-embed-youtube wp-embed-aspect-4-3 wp-has-aspect-ratio\"><div class=\"wp-block-embed__wrapper\">\n<iframe title=\"L7 Ka-chiu-sa\" width=\"640\" height=\"480\" src=\"https:\/\/www.youtube.com\/embed\/PxPDX2WVx6s?feature=oembed\" frameborder=\"0\" allow=\"accelerometer; autoplay; clipboard-write; encrypted-media; gyroscope; picture-in-picture; web-share\" referrerpolicy=\"strict-origin-when-cross-origin\" allowfullscreen><\/iframe>\n<\/div><\/figure>\n\n\n\n<p>8. Ti\u1ebfng ve g\u1ecdi h\u00e8.<\/p>\n\n\n\n<figure class=\"wp-block-embed is-type-video is-provider-youtube wp-block-embed-youtube wp-embed-aspect-4-3 wp-has-aspect-ratio\"><div class=\"wp-block-embed__wrapper\">\n<iframe title=\"L7 Ti\u1ebfng ve g\u1ecdi h\u00e8\" width=\"640\" height=\"480\" src=\"https:\/\/www.youtube.com\/embed\/XmeBW17IeiA?feature=oembed\" frameborder=\"0\" allow=\"accelerometer; autoplay; clipboard-write; encrypted-media; gyroscope; picture-in-picture; web-share\" referrerpolicy=\"strict-origin-when-cross-origin\" allowfullscreen><\/iframe>\n<\/div><\/figure>\n","protected":false},"excerpt":{"rendered":"<p>B\u00e0i h\u00e1t 1. M\u00e1i tr\u01b0\u1eddng m\u1ebfn y\u00eau. 2. L\u00fd c\u00e2y \u0111a. 3. Ch\u00fang em c\u1ea7n h\u00f2a b\u00ecnh. 4. Kh\u00fac h\u00e1t chim s\u01a1n ca. 5. \u0110i [&hellip;]<\/p>\n","protected":false},"author":2,"featured_media":0,"parent":1534,"menu_order":0,"comment_status":"open","ping_status":"open","template":"","meta":{"om_disable_all_campaigns":false,"_monsterinsights_skip_tracking":false,"_monsterinsights_sitenote_active":false,"_monsterinsights_sitenote_note":"","_monsterinsights_sitenote_category":0,"_uf_show_specific_survey":0,"_uf_disable_surveys":false,"footnotes":""},"class_list":["post-196","page","type-page","status-publish","hentry"],"aioseo_notices":[],"_links":{"self":[{"href":"https:\/\/trochoiamnhac.com\/index.php\/wp-json\/wp\/v2\/pages\/196","targetHints":{"allow":["GET"]}}],"collection":[{"href":"https:\/\/trochoiamnhac.com\/index.php\/wp-json\/wp\/v2\/pages"}],"about":[{"href":"https:\/\/trochoiamnhac.com\/index.php\/wp-json\/wp\/v2\/types\/page"}],"author":[{"embeddable":true,"href":"https:\/\/trochoiamnhac.com\/index.php\/wp-json\/wp\/v2\/users\/2"}],"replies":[{"embeddable":true,"href":"https:\/\/trochoiamnhac.com\/index.php\/wp-json\/wp\/v2\/comments?post=196"}],"version-history":[{"count":1,"href":"https:\/\/trochoiamnhac.com\/index.php\/wp-json\/wp\/v2\/pages\/196\/revisions"}],"predecessor-version":[{"id":2192,"href":"https:\/\/trochoiamnhac.com\/index.php\/wp-json\/wp\/v2\/pages\/196\/revisions\/2192"}],"up":[{"embeddable":true,"href":"https:\/\/trochoiamnhac.com\/index.php\/wp-json\/wp\/v2\/pages\/1534"}],"wp:attachment":[{"href":"https:\/\/trochoiamnhac.com\/index.php\/wp-json\/wp\/v2\/media?parent=196"}],"curies":[{"name":"wp","href":"https:\/\/api.w.org\/{rel}","templated":true}]}}