{"id":1826,"date":"2016-05-17T10:39:52","date_gmt":"2016-05-17T03:39:52","guid":{"rendered":"https:\/\/leminhphuoc.wordpress.com\/?page_id=1826"},"modified":"2023-09-03T12:35:19","modified_gmt":"2023-09-03T05:35:19","slug":"muc-do-7","status":"publish","type":"page","link":"https:\/\/trochoiamnhac.com\/index.php\/am-nhac-pho-thong\/chuong-trinh-am-nhac-2006\/hoc-lieu-am-nhac-tieu-hoc\/xuong-am\/hoc-tiet-tau\/muc-do-7\/","title":{"rendered":"M\u1ee9c \u0111\u1ed9 7"},"content":{"rendered":"<ol>\n<li>C\u00f9ng m\u00faa h\u00e1t d\u01b0\u1edbi tr\u0103ng <a href=\"https:\/\/youtu.be\/9lnPiB6ET2A\" target=\"_blank\" rel=\"noopener\">[Video]<\/a>\u00a0<a href=\"https:\/\/app.box.com\/s\/ggn6afy17zht2u1c2q8117rjiw9anexf\" target=\"_blank\" rel=\"noopener\">[MIDI]<\/a>\u00a0<a href=\"https:\/\/app.box.com\/s\/n3ykb10a9yjjrwzaji25zpz63xmxz8ee\" target=\"_blank\" rel=\"noopener\">[mp3]<\/a>\u00a0<a href=\"https:\/\/app.box.com\/s\/tzmbnqpnrlw4gmzexalwu7l90qn9fb7j\" target=\"_blank\" rel=\"noopener\">[Ipad]<\/a>\u00a0<a href=\"http:\/\/leminhphuoc.esy.es\/hoclieu\/TietTau\/md7_3CungmuahatduoitrangforAvidScorch.htm\" target=\"_blank\" rel=\"noopener\">[Scorch]<\/a>\u00a0<a href=\"https:\/\/app.box.com\/s\/54d8t36vrwyw95e4xwuurbp6k7qwk9pa\" target=\"_blank\" rel=\"noopener\">[Sheet]<\/a><\/li>\n<li>Tre ng\u00e0 b\u00ean l\u0103ng B\u00e1c <a href=\"https:\/\/youtu.be\/O9pDQmL34-0\" target=\"_blank\" rel=\"noopener\">[Video]<\/a>\u00a0<a href=\"https:\/\/app.box.com\/s\/9jt6zwo4fyzusmj9s9osmpibo9ixml3x\" target=\"_blank\" rel=\"noopener\">[MIDI]<\/a>\u00a0<a href=\"https:\/\/app.box.com\/s\/efsio5vnqcovtilz3al6ip60f4lhhuu9\" target=\"_blank\" rel=\"noopener\">[mp3]<\/a>\u00a0<a href=\"https:\/\/app.box.com\/s\/htsaltmklqwoej5nupmi8o1zjacc3tbt\" target=\"_blank\" rel=\"noopener\">[Ipad]<\/a>\u00a0<a href=\"http:\/\/leminhphuoc.esy.es\/hoclieu\/TietTau\/md7_5TrengabenlangBacforAvidScorch.htm\" target=\"_blank\" rel=\"noopener\">[Scorch]<\/a>\u00a0<a href=\"https:\/\/app.box.com\/s\/7k8nc5otnfkrbeo3xw5hsquvzwi8ktik\" target=\"_blank\" rel=\"noopener\">[Sheet]<\/a><\/li>\n<\/ol>\n\n<ul class=\"wp-block-categories-list wp-block-categories\">\t<li class=\"cat-item cat-item-38\"><a href=\"https:\/\/trochoiamnhac.com\/index.php\/category\/tin-hoc-am-nhac\/audacity\/\">Audacity<\/a>\n<\/li>\n\t<li class=\"cat-item cat-item-39\"><a href=\"https:\/\/trochoiamnhac.com\/index.php\/category\/phuong-phap-day-hoc-am-nhac\/bai-viet\/\">B\u00e0i vi\u1ebft<\/a>\n<\/li>\n\t<li class=\"cat-item cat-item-1\"><a href=\"https:\/\/trochoiamnhac.com\/index.php\/category\/blog\/\">Blog<\/a>\n<\/li>\n\t<li class=\"cat-item cat-item-37\"><a href=\"https:\/\/trochoiamnhac.com\/index.php\/category\/tin-hoc-am-nhac\/ms-powerpoint\/\">Ms. PowerPoint<\/a>\n<\/li>\n\t<li class=\"cat-item cat-item-34\"><a href=\"https:\/\/trochoiamnhac.com\/index.php\/category\/tin-hoc-am-nhac\/musescore\/\">Musescore<\/a>\n<\/li>\n\t<li class=\"cat-item cat-item-35\"><a href=\"https:\/\/trochoiamnhac.com\/index.php\/category\/tin-hoc-am-nhac\/openshot\/\">OpenShot<\/a>\n<\/li>\n\t<li class=\"cat-item cat-item-31\"><a href=\"https:\/\/trochoiamnhac.com\/index.php\/category\/phuong-phap-day-hoc-am-nhac\/\">PHDH \u00c2M NH\u1ea0C<\/a>\n<\/li>\n\t<li class=\"cat-item cat-item-36\"><a href=\"https:\/\/trochoiamnhac.com\/index.php\/category\/tin-hoc-am-nhac\/photoscape-x\/\">PhotoScape X<\/a>\n<\/li>\n\t<li class=\"cat-item cat-item-44\"><a href=\"https:\/\/trochoiamnhac.com\/index.php\/category\/sang-tac\/\">S\u00e1ng t\u00e1c<\/a>\n<\/li>\n\t<li class=\"cat-item cat-item-46\"><a href=\"https:\/\/trochoiamnhac.com\/index.php\/category\/tro-choi-am-nhac\/suu-tap\/\">S\u01b0u t\u1eadp<\/a>\n<\/li>\n\t<li class=\"cat-item cat-item-42\"><a href=\"https:\/\/trochoiamnhac.com\/index.php\/category\/tro-choi-am-nhac\/thiet-ke-tro-choi\/\">Thi\u1ebft k\u1ebf tr\u00f2 ch\u01a1i<\/a>\n<\/li>\n\t<li class=\"cat-item cat-item-15\"><a href=\"https:\/\/trochoiamnhac.com\/index.php\/category\/tin-hoc-am-nhac\/\">Tin h\u1ecdc \u00e2m nh\u1ea1c<\/a>\n<\/li>\n\t<li class=\"cat-item cat-item-32\"><a href=\"https:\/\/trochoiamnhac.com\/index.php\/category\/tro-choi-am-nhac\/\">Tr\u00f2 ch\u01a1i \u00e2m nh\u1ea1c<\/a>\n<\/li>\n\t<li class=\"cat-item cat-item-41\"><a href=\"https:\/\/trochoiamnhac.com\/index.php\/category\/tro-choi-am-nhac\/tro-choi-tuong-tac\/\">Tr\u00f2 ch\u01a1i t\u01b0\u01a1ng t\u00e1c<\/a>\n<\/li>\n\t<li class=\"cat-item cat-item-40\"><a href=\"https:\/\/trochoiamnhac.com\/index.php\/category\/phuong-phap-day-hoc-am-nhac\/van-dung\/\">V\u1eadn d\u1ee5ng<\/a>\n<\/li>\n<\/ul>","protected":false},"excerpt":{"rendered":"<p>C\u00f9ng m\u00faa h\u00e1t d\u01b0\u1edbi tr\u0103ng [Video]\u00a0[MIDI]\u00a0[mp3]\u00a0[Ipad]\u00a0[Scorch]\u00a0[Sheet] Tre ng\u00e0 b\u00ean l\u0103ng B\u00e1c [Video]\u00a0[MIDI]\u00a0[mp3]\u00a0[Ipad]\u00a0[Scorch]\u00a0[Sheet]<\/p>\n","protected":false},"author":2,"featured_media":0,"parent":1811,"menu_order":0,"comment_status":"closed","ping_status":"closed","template":"","meta":{"om_disable_all_campaigns":false,"_monsterinsights_skip_tracking":false,"_monsterinsights_sitenote_active":false,"_monsterinsights_sitenote_note":"","_monsterinsights_sitenote_category":0,"_uf_show_specific_survey":0,"_uf_disable_surveys":false,"footnotes":""},"class_list":["post-1826","page","type-page","status-publish","hentry"],"aioseo_notices":[],"_links":{"self":[{"href":"https:\/\/trochoiamnhac.com\/index.php\/wp-json\/wp\/v2\/pages\/1826","targetHints":{"allow":["GET"]}}],"collection":[{"href":"https:\/\/trochoiamnhac.com\/index.php\/wp-json\/wp\/v2\/pages"}],"about":[{"href":"https:\/\/trochoiamnhac.com\/index.php\/wp-json\/wp\/v2\/types\/page"}],"author":[{"embeddable":true,"href":"https:\/\/trochoiamnhac.com\/index.php\/wp-json\/wp\/v2\/users\/2"}],"replies":[{"embeddable":true,"href":"https:\/\/trochoiamnhac.com\/index.php\/wp-json\/wp\/v2\/comments?post=1826"}],"version-history":[{"count":1,"href":"https:\/\/trochoiamnhac.com\/index.php\/wp-json\/wp\/v2\/pages\/1826\/revisions"}],"predecessor-version":[{"id":2234,"href":"https:\/\/trochoiamnhac.com\/index.php\/wp-json\/wp\/v2\/pages\/1826\/revisions\/2234"}],"up":[{"embeddable":true,"href":"https:\/\/trochoiamnhac.com\/index.php\/wp-json\/wp\/v2\/pages\/1811"}],"wp:attachment":[{"href":"https:\/\/trochoiamnhac.com\/index.php\/wp-json\/wp\/v2\/media?parent=1826"}],"curies":[{"name":"wp","href":"https:\/\/api.w.org\/{rel}","templated":true}]}}