{"id":1819,"date":"2016-05-17T10:38:23","date_gmt":"2016-05-17T03:38:23","guid":{"rendered":"https:\/\/leminhphuoc.wordpress.com\/?page_id=1819"},"modified":"2023-09-03T12:33:07","modified_gmt":"2023-09-03T05:33:07","slug":"muc-do-4","status":"publish","type":"page","link":"https:\/\/trochoiamnhac.com\/index.php\/am-nhac-pho-thong\/chuong-trinh-am-nhac-2006\/hoc-lieu-am-nhac-tieu-hoc\/xuong-am\/hoc-tiet-tau\/muc-do-4\/","title":{"rendered":"M\u1ee9c \u0111\u1ed9 4"},"content":{"rendered":"<ol>\n<li>L\u00fd c\u00e2y xanh <a href=\"https:\/\/youtu.be\/E450sX8u_rs\" target=\"_blank\" rel=\"noopener\">[Video]<\/a>\u00a0<a href=\"https:\/\/app.box.com\/s\/3xfb1x8k09i44t7gs2onhj2prcltu54v\" target=\"_blank\" rel=\"noopener\">[MIDI]<\/a>\u00a0<a href=\"https:\/\/app.box.com\/s\/eifvs12duqvalt7yknb4huy88zdvl4zv\" target=\"_blank\" rel=\"noopener\">[mp3]<\/a>\u00a0<a href=\"https:\/\/app.box.com\/s\/b862si4mbabdmjpx5us9k6artda0t2jl\" target=\"_blank\" rel=\"noopener\">[Ipad]<\/a>\u00a0<a href=\"http:\/\/leminhphuoc.esy.es\/hoclieu\/TietTau\/md4_1LycayxanhforAvidScorch.htm\" target=\"_blank\" rel=\"noopener\">[Scorch]<\/a>\u00a0<a href=\"https:\/\/app.box.com\/s\/32jfqzbwhm4iywzsq7lemaepu59zedml\" target=\"_blank\" rel=\"noopener\">[Sheet]<\/a><\/li>\n<li>Qu\u1ea3 <a href=\"https:\/\/youtu.be\/fduuUkKG7yI\" target=\"_blank\" rel=\"noopener\">[Video]<\/a>\u00a0<a href=\"https:\/\/app.box.com\/s\/n45g543fe2t90b7jb45jokx7vwi4e7dy\" target=\"_blank\" rel=\"noopener\">[MIDI]<\/a>\u00a0<a href=\"https:\/\/app.box.com\/s\/8hgdtk82x02oy8l2fuho56jxpyqhcvl1\" target=\"_blank\" rel=\"noopener\">[mp3]<\/a>\u00a0<a href=\"https:\/\/app.box.com\/s\/0xln8uge4h5n3il2776phcdjdcwvfow9\" target=\"_blank\" rel=\"noopener\">[Ipad]<\/a>\u00a0<a href=\"http:\/\/leminhphuoc.esy.es\/hoclieu\/TietTau\/md4_1QuaforAvidScorch.htm\" target=\"_blank\" rel=\"noopener\">[Scorch]<\/a>\u00a0<a href=\"https:\/\/app.box.com\/s\/xzclkoj06i5zw57rnc1pdjub47cmdbxv\" target=\"_blank\" rel=\"noopener\">[Sheet]<\/a><\/li>\n<li>Chi\u1ebfn s\u0129 t\u00ed hon <a href=\"https:\/\/youtu.be\/LbhyU_AIn7U\" target=\"_blank\" rel=\"noopener\">[Video]<\/a>\u00a0<a href=\"https:\/\/app.box.com\/s\/0bccu2xtoys1f5ns8n13a5tj4epwqp22\" target=\"_blank\" rel=\"noopener\">[MIDI]<\/a>\u00a0<a href=\"https:\/\/app.box.com\/s\/ysv0zj4uu5x9c3w1z4hqd919r28atl1d\" target=\"_blank\" rel=\"noopener\">[mp3]<\/a>\u00a0<a href=\"https:\/\/app.box.com\/s\/lums587q6sqz095ojcu442x3zmwku534\" target=\"_blank\" rel=\"noopener\">[Ipad]<\/a>\u00a0<a href=\"http:\/\/leminhphuoc.esy.es\/hoclieu\/TietTau\/md4_2ChiensitihonforAvidScorch.htm\" target=\"_blank\" rel=\"noopener\">[Scorch]<\/a>\u00a0<a href=\"https:\/\/app.box.com\/s\/dnui0hs6r9thdqd01u023xj1p5ioqbiv\" target=\"_blank\" rel=\"noopener\">[Sheet]<\/a><\/li>\n<li>Ch\u00fa \u1ebfch con <a href=\"https:\/\/youtu.be\/usLrefg6-68\" target=\"_blank\" rel=\"noopener\">[Video]<\/a>\u00a0<a href=\"https:\/\/app.box.com\/s\/0xi16wtymo1euxas5j18vbwu5etfqobk\" target=\"_blank\" rel=\"noopener\">[MIDI]<\/a>\u00a0<a href=\"https:\/\/app.box.com\/s\/tcp76o5jf594jotq783t5v5h2qpbc2n6\" target=\"_blank\" rel=\"noopener\">[mp3]<\/a>\u00a0<a href=\"https:\/\/app.box.com\/s\/r8xyo8lap1w712rmb3l4rurlwwwxviwd\" target=\"_blank\" rel=\"noopener\">[Ipad]<\/a>\u00a0<a href=\"http:\/\/leminhphuoc.esy.es\/hoclieu\/TietTau\/md4_2ChuechconforAvidScorch.htm\" target=\"_blank\" rel=\"noopener\">[Scorch]<\/a>\u00a0<a href=\"https:\/\/app.box.com\/s\/ujeqddwb7duc55cuqi9rt3xmcrukjgh2\" target=\"_blank\" rel=\"noopener\">[Sheet]<\/a><\/li>\n<li>X\u00f2e hoa <a href=\"https:\/\/youtu.be\/LlI0KjuK2Rg\" target=\"_blank\" rel=\"noopener\">[Video]<\/a>\u00a0<a href=\"https:\/\/app.box.com\/s\/vz6n52h7mq32ip12zi9b8kwq2ni0rl7s\" target=\"_blank\" rel=\"noopener\">[MIDI]<\/a>\u00a0<a href=\"https:\/\/app.box.com\/s\/k9v7kurm71fziex68bwsghmcvhebuke0\" target=\"_blank\" rel=\"noopener\">[mp3]<\/a>\u00a0<a href=\"https:\/\/app.box.com\/s\/ajat0q9nwlxxv53arj11q3q4o46cxi9f\" target=\"_blank\" rel=\"noopener\">[Ipad]<\/a>\u00a0<a href=\"http:\/\/leminhphuoc.esy.es\/hoclieu\/TietTau\/md4_2XoehoaforAvidScorch.htm\" target=\"_blank\" rel=\"noopener\">[Scorch]<\/a>\u00a0<a href=\"https:\/\/app.box.com\/s\/yzhxev18azn2itbomlass19dalkfweqc\" target=\"_blank\" rel=\"noopener\">[Sheet]<\/a><\/li>\n<li>B\u00e0i ca \u0111i h\u1ecdc <a href=\"https:\/\/youtu.be\/uG_CWe-D6Xo\" target=\"_blank\" rel=\"noopener\">[Video]<\/a>\u00a0<a href=\"https:\/\/app.box.com\/s\/w1t1h6o1frxunyw7y881vhdsis8t0afl\" target=\"_blank\" rel=\"noopener\">[MIDI]<\/a>\u00a0<a href=\"https:\/\/app.box.com\/s\/okztzcqle11439xrwhsbqxj2yth08usl\" target=\"_blank\" rel=\"noopener\">[mp3]<\/a>\u00a0<a href=\"https:\/\/app.box.com\/s\/zkl3ehz0hrglsjey85qmc3a0396ydieu\" target=\"_blank\" rel=\"noopener\">[Ipad]<\/a>\u00a0<a href=\"http:\/\/leminhphuoc.esy.es\/hoclieu\/TietTau\/md4_3BaicadihocforAvidScorch.htm\" target=\"_blank\" rel=\"noopener\">[Scorch]<\/a>\u00a0<a href=\"https:\/\/app.box.com\/s\/d8vq7mw35mrsdr1s3ee6x2v6hh67nszy\" target=\"_blank\" rel=\"noopener\">[Sheet]<\/a><\/li>\n<li>Ch\u1ecb ong n\u00e2u v\u00e0 em b\u00e9 <a href=\"https:\/\/youtu.be\/J6z9azZHOg8\" target=\"_blank\" rel=\"noopener\">[Video]<\/a>\u00a0<a href=\"https:\/\/app.box.com\/s\/xda63h8rco17549wxv104rhkywb0wuwj\" target=\"_blank\" rel=\"noopener\">[MIDI]<\/a>\u00a0<a href=\"https:\/\/app.box.com\/s\/0t74y9ocyn4sjbvhlv04j6ga2eulfaka\" target=\"_blank\" rel=\"noopener\">[mp3]<\/a>\u00a0<a href=\"https:\/\/app.box.com\/s\/9ulkb1tl1q5wcqdsvgzyjzd2zdf4j6n2\" target=\"_blank\" rel=\"noopener\">[Ipad]<\/a>\u00a0<a href=\"http:\/\/leminhphuoc.esy.es\/hoclieu\/TietTau\/md4_3ChiongnauvaembeforAvidScorch.htm\" target=\"_blank\" rel=\"noopener\">[Scorch]<\/a>\u00a0<a href=\"https:\/\/app.box.com\/s\/nhn51d2kjrnygq2d3o6ga2bagua9rd65\" target=\"_blank\" rel=\"noopener\">[Sheet]<\/a><\/li>\n<li>Em y\u00eau tr\u01b0\u1eddng em <a href=\"https:\/\/youtu.be\/Fn0M_dq0TJA\" target=\"_blank\" rel=\"noopener\">[Video]<\/a>\u00a0<a href=\"https:\/\/app.box.com\/s\/5scmrex1vqnlem8pl5qiq90tgwhnvmhg\" target=\"_blank\" rel=\"noopener\">[MIDI]<\/a>\u00a0<a href=\"https:\/\/app.box.com\/s\/7gb3esiolf96rb8599sfifyqho0vey2d\" target=\"_blank\" rel=\"noopener\">[mp3]<\/a>\u00a0<a href=\"https:\/\/app.box.com\/s\/6my852blxryk5ak3wjnpdbdqjc3x9gu0\" target=\"_blank\" rel=\"noopener\">[Ipad]<\/a>\u00a0<a href=\"http:\/\/leminhphuoc.esy.es\/hoclieu\/TietTau\/md4_3Emyeutruongem44forAvidScorch.htm\" target=\"_blank\" rel=\"noopener\">[Scorch]<\/a>\u00a0<a href=\"https:\/\/app.box.com\/s\/12tjmc8h2mwszppfwagte2sf8os1ap05\" target=\"_blank\" rel=\"noopener\">[Sheet]<\/a><\/li>\n<li>Ng\u00e0y m\u00f9a vui <a href=\"https:\/\/youtu.be\/vMFh71huq08\" target=\"_blank\" rel=\"noopener\">[Video]<\/a>\u00a0<a href=\"https:\/\/app.box.com\/s\/on42krb84nrnogla5airxo28kmyn7fvq\" target=\"_blank\" rel=\"noopener\">[MIDI]<\/a>\u00a0<a href=\"https:\/\/app.box.com\/s\/kshcj4wfdyax5m2dh5h4yjt8bhve5lal\" target=\"_blank\" rel=\"noopener\">[mp3]<\/a>\u00a0<a href=\"https:\/\/app.box.com\/s\/a36n1ssh5ne7b1omoiame3gk2dey4orc\" target=\"_blank\" rel=\"noopener\">[Ipad]<\/a>\u00a0<a href=\"http:\/\/leminhphuoc.esy.es\/hoclieu\/TietTau\/md4_3NgaymuavuiforAvidScorch.htm\" target=\"_blank\" rel=\"noopener\">[Scorch]<\/a>\u00a0<a href=\"https:\/\/app.box.com\/s\/7wemech72oqisr286xij9yzyrr957x5s\" target=\"_blank\" rel=\"noopener\">[Sheet]<\/a><\/li>\n<li>Em y\u00eau h\u00f2a b\u00ecnh <a href=\"https:\/\/youtu.be\/aeTxdaoSKNI\" target=\"_blank\" rel=\"noopener\">[Video]<\/a>\u00a0<a href=\"https:\/\/app.box.com\/s\/l999cczthgvi8f6k4u0tm0xytkawg753\" target=\"_blank\" rel=\"noopener\">[MIDI]<\/a>\u00a0<a href=\"https:\/\/app.box.com\/s\/ek35tlf1qogj2cakak9j9qmk00qoe1oy\" target=\"_blank\" rel=\"noopener\">[mp3]<\/a>\u00a0<a href=\"https:\/\/app.box.com\/s\/s7anqqvw0azcmzayatfdm8h3d2vkoogg\" target=\"_blank\" rel=\"noopener\">[Ipad]<\/a>\u00a0<a href=\"http:\/\/leminhphuoc.esy.es\/hoclieu\/TietTau\/md4_4EmyeuhoabinhforAvidScorch.htm\" target=\"_blank\" rel=\"noopener\">[Scorch]<\/a>\u00a0<a href=\"https:\/\/app.box.com\/s\/2imt527n3ijtk7ppq7txd7v007tpt5cp\" target=\"_blank\" rel=\"noopener\">[Sheet]<\/a><\/li>\n<li>Con chim hay h\u00f3t <a href=\"https:\/\/youtu.be\/z48hVQOEMCI\" target=\"_blank\" rel=\"noopener\">[Video]<\/a>\u00a0<a href=\"https:\/\/app.box.com\/s\/sk4detiksshegolrrx0qhxx9in1zbmr7\" target=\"_blank\" rel=\"noopener\">[MIDI]<\/a>\u00a0<a href=\"https:\/\/app.box.com\/s\/etyg1um2b8zshwy8enf6x4f170zlg5a6\" target=\"_blank\" rel=\"noopener\">[mp3]<\/a>\u00a0<a href=\"https:\/\/app.box.com\/s\/3a3s4ycbyailm19ni8g0z3o0viojq5xa\" target=\"_blank\" rel=\"noopener\">[Ipad]<\/a>\u00a0<a href=\"http:\/\/leminhphuoc.esy.es\/hoclieu\/TietTau\/md4_5ConchimhayhotforAvidScorch.htm\" target=\"_blank\" rel=\"noopener\">[Scorch]<\/a>\u00a0<a href=\"https:\/\/app.box.com\/s\/t1a6ocl8jphxuj06i1hfnyk4bu0yd3aa\" target=\"_blank\" rel=\"noopener\">[Sheet]<\/a><\/li>\n<li>H\u00e1t m\u1eebng <a href=\"https:\/\/youtu.be\/gAsAYjO8-0M\" target=\"_blank\" rel=\"noopener\">[Video]<\/a>\u00a0<a href=\"https:\/\/app.box.com\/s\/cmgso7yt3cw1vwxekxr3lps8fn1hd81k\" target=\"_blank\" rel=\"noopener\">[MIDI]<\/a>\u00a0<a href=\"https:\/\/app.box.com\/s\/lnfp2ffseucgo9yrapbsmxzx5zaq1nc2\" target=\"_blank\" rel=\"noopener\">[mp3]<\/a>\u00a0<a href=\"https:\/\/app.box.com\/s\/9b0iynx4v489kkqwfqsepi6m8kz39xq4\" target=\"_blank\" rel=\"noopener\">[Ipad]<\/a>\u00a0<a href=\"http:\/\/leminhphuoc.esy.es\/hoclieu\/TietTau\/md4_5HatmungforAvidScorch.htm\" target=\"_blank\" rel=\"noopener\">[Scorch]<\/a>\u00a0<a href=\"https:\/\/app.box.com\/s\/kj2e50u1qqutftudjf6a30xihd2wgyzp\" target=\"_blank\" rel=\"noopener\">[Sheet]<\/a><\/li>\n<li>M\u00e0u xanh qu\u00ea h\u01b0\u01a1ng <a href=\"https:\/\/youtu.be\/3qJoRweR0b8\" target=\"_blank\" rel=\"noopener\">[Video]<\/a>\u00a0<a href=\"https:\/\/app.box.com\/s\/sht6s916dtyh35zsu8p8qd92mzr4krmx\" target=\"_blank\" rel=\"noopener\">[MIDI]<\/a>\u00a0<a href=\"https:\/\/app.box.com\/s\/ldma2twl9jqh35totknw9yq4i06vg8v7\" target=\"_blank\" rel=\"noopener\">[mp3]<\/a>\u00a0<a href=\"https:\/\/app.box.com\/s\/emyker7kngx95q7aj1y1qbe8yumiacog\" target=\"_blank\" rel=\"noopener\">[Ipad]<\/a>\u00a0<a href=\"http:\/\/leminhphuoc.esy.es\/hoclieu\/TietTau\/md4_5MauxanhquehuongforAvidScorch.htm\" target=\"_blank\" rel=\"noopener\">[Scorch]<\/a>\u00a0<a href=\"https:\/\/app.box.com\/s\/ykj942lg1m0t38pfqmovexovz1vlpirt\" target=\"_blank\" rel=\"noopener\">[Sheet]<\/a><\/li>\n<li>Nh\u1eefng b\u00f4ng hoa nh\u1eefng b\u00e0i ca <a href=\"https:\/\/youtu.be\/Z14B7kSQ-Z8\" target=\"_blank\" rel=\"noopener\">[Video]<\/a>\u00a0<a href=\"https:\/\/app.box.com\/s\/b42z5puklh0guf1fpcl1ck2nayudnjxi\" target=\"_blank\" rel=\"noopener\">[MIDI]<\/a>\u00a0<a href=\"https:\/\/app.box.com\/s\/tdv0bf4r1rcfcg8yw9ikwohtpliz1wbt\" target=\"_blank\" rel=\"noopener\">[mp3]<\/a>\u00a0<a href=\"https:\/\/app.box.com\/s\/xow4zbqmcmbnwaq0gf7eu623729k40l2\" target=\"_blank\" rel=\"noopener\">[Ipad]<\/a>\u00a0<a href=\"http:\/\/leminhphuoc.esy.es\/hoclieu\/TietTau\/md4_5NhungbonghoanhungbaicaforAvidScorch.htm\" target=\"_blank\" rel=\"noopener\">[Scorch]<\/a>\u00a0<a href=\"https:\/\/app.box.com\/s\/xhcw5lusx61t3mmwms09hay1vb1cexyh\" target=\"_blank\" rel=\"noopener\">[Sheet]<\/a><\/li>\n<li>Reo vang b\u00ecnh minh <a href=\"https:\/\/youtu.be\/nrC6GFeVLXw\" target=\"_blank\" rel=\"noopener\">[Video]<\/a>\u00a0<a href=\"https:\/\/app.box.com\/s\/fnbnlmkaf8dipfpngwbnbllq4okqeoyn\" target=\"_blank\" rel=\"noopener\">[MIDI]<\/a>\u00a0<a href=\"https:\/\/app.box.com\/s\/gdv5keezq13t87b2tfrzrdqk9vipuszh\" target=\"_blank\" rel=\"noopener\">[mp3]<\/a>\u00a0<a href=\"https:\/\/app.box.com\/s\/sztzbj1hzmoy7etkq5hm478ulqymn82s\" target=\"_blank\" rel=\"noopener\">[Ipad]<\/a>\u00a0<a href=\"http:\/\/leminhphuoc.esy.es\/hoclieu\/TietTau\/md4_5ReovangbinhminhforAvidScorch.htm\" target=\"_blank\" rel=\"noopener\">[Scorch]<\/a>\u00a0<a href=\"https:\/\/app.box.com\/s\/68dahjamlf33w8wtuqysas21q1w5m98b\" target=\"_blank\" rel=\"noopener\">[Sheet]<\/a><\/li>\n<\/ol>\n\n<ul class=\"wp-block-categories-list wp-block-categories\">\t<li class=\"cat-item cat-item-38\"><a href=\"https:\/\/trochoiamnhac.com\/index.php\/category\/tin-hoc-am-nhac\/audacity\/\">Audacity<\/a>\n<\/li>\n\t<li class=\"cat-item cat-item-39\"><a href=\"https:\/\/trochoiamnhac.com\/index.php\/category\/phuong-phap-day-hoc-am-nhac\/bai-viet\/\">B\u00e0i vi\u1ebft<\/a>\n<\/li>\n\t<li class=\"cat-item cat-item-1\"><a href=\"https:\/\/trochoiamnhac.com\/index.php\/category\/blog\/\">Blog<\/a>\n<\/li>\n\t<li class=\"cat-item cat-item-37\"><a href=\"https:\/\/trochoiamnhac.com\/index.php\/category\/tin-hoc-am-nhac\/ms-powerpoint\/\">Ms. PowerPoint<\/a>\n<\/li>\n\t<li class=\"cat-item cat-item-34\"><a href=\"https:\/\/trochoiamnhac.com\/index.php\/category\/tin-hoc-am-nhac\/musescore\/\">Musescore<\/a>\n<\/li>\n\t<li class=\"cat-item cat-item-35\"><a href=\"https:\/\/trochoiamnhac.com\/index.php\/category\/tin-hoc-am-nhac\/openshot\/\">OpenShot<\/a>\n<\/li>\n\t<li class=\"cat-item cat-item-31\"><a href=\"https:\/\/trochoiamnhac.com\/index.php\/category\/phuong-phap-day-hoc-am-nhac\/\">PHDH \u00c2M NH\u1ea0C<\/a>\n<\/li>\n\t<li class=\"cat-item cat-item-36\"><a href=\"https:\/\/trochoiamnhac.com\/index.php\/category\/tin-hoc-am-nhac\/photoscape-x\/\">PhotoScape X<\/a>\n<\/li>\n\t<li class=\"cat-item cat-item-44\"><a href=\"https:\/\/trochoiamnhac.com\/index.php\/category\/sang-tac\/\">S\u00e1ng t\u00e1c<\/a>\n<\/li>\n\t<li class=\"cat-item cat-item-46\"><a href=\"https:\/\/trochoiamnhac.com\/index.php\/category\/tro-choi-am-nhac\/suu-tap\/\">S\u01b0u t\u1eadp<\/a>\n<\/li>\n\t<li class=\"cat-item cat-item-42\"><a href=\"https:\/\/trochoiamnhac.com\/index.php\/category\/tro-choi-am-nhac\/thiet-ke-tro-choi\/\">Thi\u1ebft k\u1ebf tr\u00f2 ch\u01a1i<\/a>\n<\/li>\n\t<li class=\"cat-item cat-item-15\"><a href=\"https:\/\/trochoiamnhac.com\/index.php\/category\/tin-hoc-am-nhac\/\">Tin h\u1ecdc \u00e2m nh\u1ea1c<\/a>\n<\/li>\n\t<li class=\"cat-item cat-item-32\"><a href=\"https:\/\/trochoiamnhac.com\/index.php\/category\/tro-choi-am-nhac\/\">Tr\u00f2 ch\u01a1i \u00e2m nh\u1ea1c<\/a>\n<\/li>\n\t<li class=\"cat-item cat-item-41\"><a href=\"https:\/\/trochoiamnhac.com\/index.php\/category\/tro-choi-am-nhac\/tro-choi-tuong-tac\/\">Tr\u00f2 ch\u01a1i t\u01b0\u01a1ng t\u00e1c<\/a>\n<\/li>\n\t<li class=\"cat-item cat-item-40\"><a href=\"https:\/\/trochoiamnhac.com\/index.php\/category\/phuong-phap-day-hoc-am-nhac\/van-dung\/\">V\u1eadn d\u1ee5ng<\/a>\n<\/li>\n<\/ul>","protected":false},"excerpt":{"rendered":"<p>L\u00fd c\u00e2y xanh [Video]\u00a0[MIDI]\u00a0[mp3]\u00a0[Ipad]\u00a0[Scorch]\u00a0[Sheet] Qu\u1ea3 [Video]\u00a0[MIDI]\u00a0[mp3]\u00a0[Ipad]\u00a0[Scorch]\u00a0[Sheet] Chi\u1ebfn s\u0129 t\u00ed hon [Video]\u00a0[MIDI]\u00a0[mp3]\u00a0[Ipad]\u00a0[Scorch]\u00a0[Sheet] Ch\u00fa \u1ebfch con [Video]\u00a0[MIDI]\u00a0[mp3]\u00a0[Ipad]\u00a0[Scorch]\u00a0[Sheet] X\u00f2e hoa [Video]\u00a0[MIDI]\u00a0[mp3]\u00a0[Ipad]\u00a0[Scorch]\u00a0[Sheet] B\u00e0i ca \u0111i h\u1ecdc [Video]\u00a0[MIDI]\u00a0[mp3]\u00a0[Ipad]\u00a0[Scorch]\u00a0[Sheet] Ch\u1ecb ong [&hellip;]<\/p>\n","protected":false},"author":2,"featured_media":0,"parent":1811,"menu_order":0,"comment_status":"closed","ping_status":"closed","template":"","meta":{"om_disable_all_campaigns":false,"_monsterinsights_skip_tracking":false,"_monsterinsights_sitenote_active":false,"_monsterinsights_sitenote_note":"","_monsterinsights_sitenote_category":0,"_uf_show_specific_survey":0,"_uf_disable_surveys":false,"footnotes":""},"class_list":["post-1819","page","type-page","status-publish","hentry"],"aioseo_notices":[],"_links":{"self":[{"href":"https:\/\/trochoiamnhac.com\/index.php\/wp-json\/wp\/v2\/pages\/1819","targetHints":{"allow":["GET"]}}],"collection":[{"href":"https:\/\/trochoiamnhac.com\/index.php\/wp-json\/wp\/v2\/pages"}],"about":[{"href":"https:\/\/trochoiamnhac.com\/index.php\/wp-json\/wp\/v2\/types\/page"}],"author":[{"embeddable":true,"href":"https:\/\/trochoiamnhac.com\/index.php\/wp-json\/wp\/v2\/users\/2"}],"replies":[{"embeddable":true,"href":"https:\/\/trochoiamnhac.com\/index.php\/wp-json\/wp\/v2\/comments?post=1819"}],"version-history":[{"count":1,"href":"https:\/\/trochoiamnhac.com\/index.php\/wp-json\/wp\/v2\/pages\/1819\/revisions"}],"predecessor-version":[{"id":2230,"href":"https:\/\/trochoiamnhac.com\/index.php\/wp-json\/wp\/v2\/pages\/1819\/revisions\/2230"}],"up":[{"embeddable":true,"href":"https:\/\/trochoiamnhac.com\/index.php\/wp-json\/wp\/v2\/pages\/1811"}],"wp:attachment":[{"href":"https:\/\/trochoiamnhac.com\/index.php\/wp-json\/wp\/v2\/media?parent=1819"}],"curies":[{"name":"wp","href":"https:\/\/api.w.org\/{rel}","templated":true}]}}