{"id":1815,"date":"2016-05-17T10:37:24","date_gmt":"2016-05-17T03:37:24","guid":{"rendered":"https:\/\/leminhphuoc.wordpress.com\/?page_id=1815"},"modified":"2023-09-03T12:32:14","modified_gmt":"2023-09-03T05:32:14","slug":"muc-do-2","status":"publish","type":"page","link":"https:\/\/trochoiamnhac.com\/index.php\/am-nhac-pho-thong\/chuong-trinh-am-nhac-2006\/hoc-lieu-am-nhac-tieu-hoc\/xuong-am\/hoc-tiet-tau\/muc-do-2\/","title":{"rendered":"M\u1ee9c \u0111\u1ed9 2"},"content":{"rendered":"<ol>\n<li>N\u0103m ng\u00f3n tay ngoan <a href=\"https:\/\/youtu.be\/1WXm55LelX4\" target=\"_blank\" rel=\"noopener\">[Video]<\/a>\u00a0<a href=\"https:\/\/app.box.com\/s\/lzn98zint28xwehyz6ud5fat7i5q4k97\" target=\"_blank\" rel=\"noopener\">[MIDI]<\/a>\u00a0<a href=\"https:\/\/app.box.com\/s\/7du19l4ckq36pojtimru86yrzg33uw10\" target=\"_blank\" rel=\"noopener\">[mp3]<\/a>\u00a0<a href=\"https:\/\/app.box.com\/s\/wz9i3ocwdr8ap3s022kr93b67b5mrjh6\" target=\"_blank\" rel=\"noopener\">[Ipad]<\/a>\u00a0<a href=\"http:\/\/leminhphuoc.esy.es\/hoclieu\/TietTau\/md2_1NamngontayngoanforAvidScorch.htm\" target=\"_blank\" rel=\"noopener\">[Scorch]<\/a>\u00a0<a href=\"https:\/\/app.box.com\/s\/mcbmkmgwdlh7uqkcm2wp5lw1weej4uf6\" target=\"_blank\" rel=\"noopener\">[Sheet]<\/a><\/li>\n<li>Chim ch\u00edch b\u00f4ng <a href=\"https:\/\/youtu.be\/XN41lPbe9aI\" target=\"_blank\" rel=\"noopener\">[Video]<\/a>\u00a0<a href=\"https:\/\/app.box.com\/s\/jrl19aubrswbid3sbhuhx5kregm8wdfx\" target=\"_blank\" rel=\"noopener\">[MIDI]<\/a>\u00a0<a href=\"https:\/\/app.box.com\/s\/bsia5kxjyifo0e2zv5u5451e58c59od1\" target=\"_blank\" rel=\"noopener\">[mp3]<\/a>\u00a0<a href=\"https:\/\/app.box.com\/s\/weodik1xc1ndz2liqc3nicpo7hpsw11s\" target=\"_blank\" rel=\"noopener\">[Ipad]<\/a>\u00a0<a href=\"http:\/\/leminhphuoc.esy.es\/hoclieu\/TietTau\/md2_2ChimchichbongforAvidScorch.htm\" target=\"_blank\" rel=\"noopener\">[Scorch]<\/a>\u00a0<a href=\"https:\/\/app.box.com\/s\/4kvawzbz13qkemjog0pzhf6xzd7la0lz\" target=\"_blank\" rel=\"noopener\">[Sheet]<\/a><\/li>\n<li>Ch\u00fac m\u1eebng sinh nh\u1eadt <a href=\"https:\/\/youtu.be\/QHwrj4oIZ2k\" target=\"_blank\" rel=\"noopener\">[Video]<\/a>\u00a0<a href=\"https:\/\/app.box.com\/s\/ug4lsh0b12nhxmr71ddjaotxz9gn2jhs\" target=\"_blank\" rel=\"noopener\">[MIDI]<\/a>\u00a0<a href=\"https:\/\/app.box.com\/s\/9nhnjuhzg78j2vvjeqv6nn72h5pzhzaa\" target=\"_blank\" rel=\"noopener\">[mp3]<\/a>\u00a0<a href=\"https:\/\/app.box.com\/s\/0mwp6lze3jb9plbjj4r6bz0l4a9tnr2k\" target=\"_blank\" rel=\"noopener\">[Ipad]<\/a>\u00a0<a href=\"http:\/\/leminhphuoc.esy.es\/hoclieu\/TietTau\/md2_2Chucmungsinhnhat34forAvidScorch.htm\" target=\"_blank\" rel=\"noopener\">[Scorch]<\/a>\u00a0<a href=\"https:\/\/app.box.com\/s\/dpq7idm6x6cdmz6q8xl42k5xxaubw5dl\" target=\"_blank\" rel=\"noopener\">[Sheet]<\/a><\/li>\n<li>C\u1ed9c c\u00e1ch t\u00f9ng cheng <a href=\"https:\/\/youtu.be\/qG3NW69z67Q\" target=\"_blank\" rel=\"noopener\">[Video]<\/a>\u00a0<a href=\"https:\/\/app.box.com\/s\/rd7gbszweam8cged2w290ontgdxwdxy3\" target=\"_blank\" rel=\"noopener\">[MIDI]<\/a>\u00a0<a href=\"https:\/\/app.box.com\/s\/jnajehwy64xkn454cdeglrn3nar7rlke\" target=\"_blank\" rel=\"noopener\">[mp3]<\/a>\u00a0<a href=\"https:\/\/app.box.com\/s\/q99fj7jedjg2guhzb9p2vbf3x52rvxto\" target=\"_blank\" rel=\"noopener\">[Ipad]<\/a>\u00a0<a href=\"http:\/\/leminhphuoc.esy.es\/hoclieu\/TietTau\/md2_2CoccachtungchengforAvidScorch.htm\" target=\"_blank\" rel=\"noopener\">[Scorch]<\/a>\u00a0<a href=\"https:\/\/app.box.com\/s\/wl23zqm8acf78gk3q9ogu6464cthyeho\" target=\"_blank\" rel=\"noopener\">[Sheet]<\/a><\/li>\n<li>Hoa l\u00e1 m\u00f9a xu\u00e2n <a href=\"https:\/\/youtu.be\/FuzB34IZIS0\" target=\"_blank\" rel=\"noopener\">[Video]<\/a>\u00a0<a href=\"https:\/\/app.box.com\/s\/i54ztly9vap4r5vxi8wnf4rrztac71ga\" target=\"_blank\" rel=\"noopener\">[MIDI]<\/a>\u00a0<a href=\"https:\/\/app.box.com\/s\/d17q1nngxwi1xqehi1qiah78lknytp25\" target=\"_blank\" rel=\"noopener\">[mp3]<\/a>\u00a0<a href=\"https:\/\/app.box.com\/s\/tm6sfxqui57ey3ag5nyvxcg1k7z5ukpq\" target=\"_blank\" rel=\"noopener\">[Ipad]<\/a>\u00a0<a href=\"http:\/\/leminhphuoc.esy.es\/hoclieu\/TietTau\/md2_2HoalamuaxuanforAvidScorch.htm\" target=\"_blank\" rel=\"noopener\">[Scorch]<\/a>\u00a0<a href=\"https:\/\/app.box.com\/s\/xsyicknylhmaqpe4p8dyg9jlvu2udz4c\" target=\"_blank\" rel=\"noopener\">[Sheet]<\/a><\/li>\n<li>Con chim non <a href=\"https:\/\/youtu.be\/i8k5MX8j4aE\" target=\"_blank\" rel=\"noopener\">[Video]<\/a>\u00a0<a href=\"https:\/\/app.box.com\/s\/2vqc6hlnby93f01p1awjgtxf6ae0so2p\" target=\"_blank\" rel=\"noopener\">[MIDI]<\/a>\u00a0<a href=\"https:\/\/app.box.com\/s\/a88p10bow1xhrl7jxhitpr4f3tvxvq7n\" target=\"_blank\" rel=\"noopener\">[mp3]<\/a>\u00a0<a href=\"https:\/\/app.box.com\/s\/uos3a7dedbw419cakowkun5kkdebsqa3\" target=\"_blank\" rel=\"noopener\">[Ipad]<\/a>\u00a0<a href=\"http:\/\/leminhphuoc.esy.es\/hoclieu\/TietTau\/md2_3Conchimnon34forAvidScorch.htm\" target=\"_blank\" rel=\"noopener\">[Scorch]<\/a>\u00a0<a href=\"https:\/\/app.box.com\/s\/e44zepmnuv6ga5asgukz9yd7npzc9n4b\" target=\"_blank\" rel=\"noopener\">[Sheet]<\/a><\/li>\n<li>L\u1edbp ch\u00fang ta \u0111o\u00e0n k\u1ebft <a href=\"https:\/\/youtu.be\/akFDCDJIXbw\" target=\"_blank\" rel=\"noopener\">[Video]<\/a>\u00a0<a href=\"https:\/\/app.box.com\/s\/tlmrcewlp125gzhzhc6pa4zhz1b13tkk\" target=\"_blank\" rel=\"noopener\">[MIDI]<\/a>\u00a0<a href=\"https:\/\/app.box.com\/s\/hni8stuz6135jy2h75o21q0v08i63auj\" target=\"_blank\" rel=\"noopener\">[mp3]<\/a>\u00a0<a href=\"https:\/\/app.box.com\/s\/jtend2e8dppyt222czt4a1tce1h6i51a\" target=\"_blank\" rel=\"noopener\">[Ipad]<\/a>\u00a0<a href=\"http:\/\/leminhphuoc.esy.es\/hoclieu\/TietTau\/md2_3LopchungtadoanketforAvidScorch.htm\" target=\"_blank\" rel=\"noopener\">[Scorch]<\/a>\u00a0<a href=\"https:\/\/app.box.com\/s\/pbbp9u4tgga5jh3z7p273n92v50m0f7l\" target=\"_blank\" rel=\"noopener\">[Sheet]<\/a><\/li>\n<\/ol>\n\n<ul class=\"wp-block-categories-list wp-block-categories\">\t<li class=\"cat-item cat-item-38\"><a href=\"https:\/\/trochoiamnhac.com\/index.php\/category\/tin-hoc-am-nhac\/audacity\/\">Audacity<\/a>\n<\/li>\n\t<li class=\"cat-item cat-item-39\"><a href=\"https:\/\/trochoiamnhac.com\/index.php\/category\/phuong-phap-day-hoc-am-nhac\/bai-viet\/\">B\u00e0i vi\u1ebft<\/a>\n<\/li>\n\t<li class=\"cat-item cat-item-1\"><a href=\"https:\/\/trochoiamnhac.com\/index.php\/category\/blog\/\">Blog<\/a>\n<\/li>\n\t<li class=\"cat-item cat-item-37\"><a href=\"https:\/\/trochoiamnhac.com\/index.php\/category\/tin-hoc-am-nhac\/ms-powerpoint\/\">Ms. PowerPoint<\/a>\n<\/li>\n\t<li class=\"cat-item cat-item-34\"><a href=\"https:\/\/trochoiamnhac.com\/index.php\/category\/tin-hoc-am-nhac\/musescore\/\">Musescore<\/a>\n<\/li>\n\t<li class=\"cat-item cat-item-35\"><a href=\"https:\/\/trochoiamnhac.com\/index.php\/category\/tin-hoc-am-nhac\/openshot\/\">OpenShot<\/a>\n<\/li>\n\t<li class=\"cat-item cat-item-31\"><a href=\"https:\/\/trochoiamnhac.com\/index.php\/category\/phuong-phap-day-hoc-am-nhac\/\">PHDH \u00c2M NH\u1ea0C<\/a>\n<\/li>\n\t<li class=\"cat-item cat-item-36\"><a href=\"https:\/\/trochoiamnhac.com\/index.php\/category\/tin-hoc-am-nhac\/photoscape-x\/\">PhotoScape X<\/a>\n<\/li>\n\t<li class=\"cat-item cat-item-44\"><a href=\"https:\/\/trochoiamnhac.com\/index.php\/category\/sang-tac\/\">S\u00e1ng t\u00e1c<\/a>\n<\/li>\n\t<li class=\"cat-item cat-item-46\"><a href=\"https:\/\/trochoiamnhac.com\/index.php\/category\/tro-choi-am-nhac\/suu-tap\/\">S\u01b0u t\u1eadp<\/a>\n<\/li>\n\t<li class=\"cat-item cat-item-42\"><a href=\"https:\/\/trochoiamnhac.com\/index.php\/category\/tro-choi-am-nhac\/thiet-ke-tro-choi\/\">Thi\u1ebft k\u1ebf tr\u00f2 ch\u01a1i<\/a>\n<\/li>\n\t<li class=\"cat-item cat-item-15\"><a href=\"https:\/\/trochoiamnhac.com\/index.php\/category\/tin-hoc-am-nhac\/\">Tin h\u1ecdc \u00e2m nh\u1ea1c<\/a>\n<\/li>\n\t<li class=\"cat-item cat-item-32\"><a href=\"https:\/\/trochoiamnhac.com\/index.php\/category\/tro-choi-am-nhac\/\">Tr\u00f2 ch\u01a1i \u00e2m nh\u1ea1c<\/a>\n<\/li>\n\t<li class=\"cat-item cat-item-41\"><a href=\"https:\/\/trochoiamnhac.com\/index.php\/category\/tro-choi-am-nhac\/tro-choi-tuong-tac\/\">Tr\u00f2 ch\u01a1i t\u01b0\u01a1ng t\u00e1c<\/a>\n<\/li>\n\t<li class=\"cat-item cat-item-40\"><a href=\"https:\/\/trochoiamnhac.com\/index.php\/category\/phuong-phap-day-hoc-am-nhac\/van-dung\/\">V\u1eadn d\u1ee5ng<\/a>\n<\/li>\n<\/ul>","protected":false},"excerpt":{"rendered":"<p>N\u0103m ng\u00f3n tay ngoan [Video]\u00a0[MIDI]\u00a0[mp3]\u00a0[Ipad]\u00a0[Scorch]\u00a0[Sheet] Chim ch\u00edch b\u00f4ng [Video]\u00a0[MIDI]\u00a0[mp3]\u00a0[Ipad]\u00a0[Scorch]\u00a0[Sheet] Ch\u00fac m\u1eebng sinh nh\u1eadt [Video]\u00a0[MIDI]\u00a0[mp3]\u00a0[Ipad]\u00a0[Scorch]\u00a0[Sheet] C\u1ed9c c\u00e1ch t\u00f9ng cheng [Video]\u00a0[MIDI]\u00a0[mp3]\u00a0[Ipad]\u00a0[Scorch]\u00a0[Sheet] Hoa l\u00e1 m\u00f9a xu\u00e2n [Video]\u00a0[MIDI]\u00a0[mp3]\u00a0[Ipad]\u00a0[Scorch]\u00a0[Sheet] Con [&hellip;]<\/p>\n","protected":false},"author":2,"featured_media":0,"parent":1811,"menu_order":0,"comment_status":"closed","ping_status":"closed","template":"","meta":{"om_disable_all_campaigns":false,"_monsterinsights_skip_tracking":false,"_monsterinsights_sitenote_active":false,"_monsterinsights_sitenote_note":"","_monsterinsights_sitenote_category":0,"_uf_show_specific_survey":0,"_uf_disable_surveys":false,"footnotes":""},"class_list":["post-1815","page","type-page","status-publish","hentry"],"aioseo_notices":[],"_links":{"self":[{"href":"https:\/\/trochoiamnhac.com\/index.php\/wp-json\/wp\/v2\/pages\/1815","targetHints":{"allow":["GET"]}}],"collection":[{"href":"https:\/\/trochoiamnhac.com\/index.php\/wp-json\/wp\/v2\/pages"}],"about":[{"href":"https:\/\/trochoiamnhac.com\/index.php\/wp-json\/wp\/v2\/types\/page"}],"author":[{"embeddable":true,"href":"https:\/\/trochoiamnhac.com\/index.php\/wp-json\/wp\/v2\/users\/2"}],"replies":[{"embeddable":true,"href":"https:\/\/trochoiamnhac.com\/index.php\/wp-json\/wp\/v2\/comments?post=1815"}],"version-history":[{"count":1,"href":"https:\/\/trochoiamnhac.com\/index.php\/wp-json\/wp\/v2\/pages\/1815\/revisions"}],"predecessor-version":[{"id":2228,"href":"https:\/\/trochoiamnhac.com\/index.php\/wp-json\/wp\/v2\/pages\/1815\/revisions\/2228"}],"up":[{"embeddable":true,"href":"https:\/\/trochoiamnhac.com\/index.php\/wp-json\/wp\/v2\/pages\/1811"}],"wp:attachment":[{"href":"https:\/\/trochoiamnhac.com\/index.php\/wp-json\/wp\/v2\/media?parent=1815"}],"curies":[{"name":"wp","href":"https:\/\/api.w.org\/{rel}","templated":true}]}}