{"id":1813,"date":"2016-05-17T10:27:43","date_gmt":"2016-05-17T03:27:43","guid":{"rendered":"https:\/\/leminhphuoc.wordpress.com\/?page_id=1813"},"modified":"2023-09-03T12:32:31","modified_gmt":"2023-09-03T05:32:31","slug":"muc-do-1","status":"publish","type":"page","link":"https:\/\/trochoiamnhac.com\/index.php\/am-nhac-pho-thong\/chuong-trinh-am-nhac-2006\/hoc-lieu-am-nhac-tieu-hoc\/xuong-am\/hoc-tiet-tau\/muc-do-1\/","title":{"rendered":"M\u1ee9c \u0111\u1ed9 1"},"content":{"rendered":"<ol>\n<li>B\u1ea7u tr\u1eddi xanh <a href=\"https:\/\/youtu.be\/eAoimlgZVhg\" target=\"_blank\" rel=\"noopener\">[Video]<\/a>\u00a0<a href=\"https:\/\/app.box.com\/s\/tf101igkcbrvuiz9f6xs9t0057zc38e0\" target=\"_blank\" rel=\"noopener\">[MIDI]<\/a>\u00a0<a href=\"https:\/\/app.box.com\/s\/wgi5u32oaroxbzx4htl3w8is3xlr3uiz\" target=\"_blank\" rel=\"noopener\">[mp3]<\/a>\u00a0<a href=\"https:\/\/app.box.com\/s\/gko2v1787khhsgmn6tx50cnxf0kni0v4\" target=\"_blank\" rel=\"noopener\">[Ipad]<\/a>\u00a0<a href=\"http:\/\/leminhphuoc.esy.es\/hoclieu\/TietTau\/md1_1BautroixanhforAvidScorch.htm\" target=\"_blank\" rel=\"noopener\">[Scorch]<\/a>\u00a0<a href=\"https:\/\/app.box.com\/s\/c16hkz347a3az8zlcumntgmakqbwy7rg\" target=\"_blank\" rel=\"noopener\">[Sheet]<\/a><\/li>\n<li>\u0110\u00e0n g\u00e0 con <a href=\"https:\/\/youtu.be\/utZEjDuZpsU\" target=\"_blank\" rel=\"noopener\">[Video]<\/a>\u00a0<a href=\"https:\/\/app.box.com\/s\/expfsvck8dhx2poc60xrbgv5emirvs3v\" target=\"_blank\" rel=\"noopener\">[MIDI]<\/a>\u00a0<a href=\"https:\/\/app.box.com\/s\/ozwg1h0m4cqkrtlskb3odnw0zkfv04zm\" target=\"_blank\" rel=\"noopener\">[mp3]<\/a>\u00a0<a href=\"https:\/\/app.box.com\/s\/h2m88e7r8t72sp3w308ls3qcoca57gq5\" target=\"_blank\" rel=\"noopener\">[Ipad]<\/a>\u00a0<a href=\"http:\/\/leminhphuoc.esy.es\/hoclieu\/TietTau\/md1_1DangaconforAvidScorch.htm\" target=\"_blank\" rel=\"noopener\">[Scorch]<\/a>\u00a0<a href=\"https:\/\/app.box.com\/s\/ij7u9kxcwwors9k7q9k183buac1ab35x\" target=\"_blank\" rel=\"noopener\">[Sheet]<\/a><\/li>\n<li>H\u00f2a b\u00ecnh cho b\u00e9 <a href=\"https:\/\/youtu.be\/gWap0ZN4ezI\" target=\"_blank\" rel=\"noopener\">[Video]<\/a>\u00a0<a href=\"https:\/\/app.box.com\/s\/zca39wo6vie8zmdx79z3s6v5iir7v3yc\" target=\"_blank\" rel=\"noopener\">[MIDI]<\/a>\u00a0<a href=\"https:\/\/app.box.com\/s\/qzu2aev8tf2efvzx1go2ri6iehy4mqf2\" target=\"_blank\" rel=\"noopener\">[mp3]<\/a>\u00a0<a href=\"https:\/\/app.box.com\/s\/9syq36f7jezidp4yymivwlewhrbb51cs\" target=\"_blank\" rel=\"noopener\">[Ipad]<\/a>\u00a0<a href=\"http:\/\/leminhphuoc.esy.es\/hoclieu\/TietTau\/md1_1HoabinhchobeforAvidScorch.htm\" target=\"_blank\" rel=\"noopener\">[Scorch]<\/a>\u00a0<a href=\"https:\/\/app.box.com\/s\/uyeettpjrnjpo9y5vt4kri4y408hwbog\" target=\"_blank\" rel=\"noopener\">[Sheet]<\/a><\/li>\n<li>M\u1eddi b\u1ea1n vui m\u00faa ca <a href=\"https:\/\/youtu.be\/HljkU0i_-eo\" target=\"_blank\" rel=\"noopener\">[Video]<\/a>\u00a0<a href=\"https:\/\/app.box.com\/s\/yg7ok7xfbygt79pun3aj5hd2z0v66co9\" target=\"_blank\" rel=\"noopener\">[MIDI]<\/a>\u00a0<a href=\"https:\/\/app.box.com\/s\/re13cu2avr2nk4zw72hogwem7u0015zt\" target=\"_blank\" rel=\"noopener\">[mp3]<\/a>\u00a0<a href=\"https:\/\/app.box.com\/s\/ljyvqbofh4m27wpsd1u2acoh23xrkzgk\" target=\"_blank\" rel=\"noopener\">[Ipad]<\/a>\u00a0<a href=\"http:\/\/leminhphuoc.esy.es\/hoclieu\/TietTau\/md1_1MoibanvuimuacaforAvidScorch.htm\" target=\"_blank\" rel=\"noopener\">[Scorch]<\/a>\u00a0<a href=\"https:\/\/app.box.com\/s\/yra276aam2gz2lb4fink5k68a37b9e80\" target=\"_blank\" rel=\"noopener\">[Sheet]<\/a><\/li>\n<li>Qu\u00ea h\u01b0\u01a1ng t\u01b0\u01a1i \u0111\u1eb9p <a href=\"https:\/\/youtu.be\/RjMTlywXJmg\" target=\"_blank\" rel=\"noopener\">[Video]<\/a>\u00a0<a href=\"https:\/\/app.box.com\/s\/2uexdgni5xvn5q8ctci22dqwj2zl93o6\" target=\"_blank\" rel=\"noopener\">[MIDI]<\/a>\u00a0<a href=\"https:\/\/app.box.com\/s\/0rz2dkw0sl06w5912sndx8hnaozbmfh9\" target=\"_blank\" rel=\"noopener\">[mp3]<\/a>\u00a0<a href=\"https:\/\/app.box.com\/s\/zu8jqll9ukn0che5qb207crtg6f2qans\" target=\"_blank\" rel=\"noopener\">[Ipad]<\/a>\u00a0<a href=\"http:\/\/leminhphuoc.esy.es\/hoclieu\/TietTau\/md1_1QuehuongtuoidepforAvidScorch.htm\" target=\"_blank\" rel=\"noopener\">[Scorch]<\/a>\u00a0<a href=\"https:\/\/app.box.com\/s\/me0zirb4hsqzi522vu7tzp0ywrr5ec9y\" target=\"_blank\" rel=\"noopener\">[Sheet]<\/a><\/li>\n<li>S\u1eafp \u0111\u1ebfn t\u1ebft r\u1ed3i <a href=\"https:\/\/youtu.be\/k5Z9Z6IbyI4\" target=\"_blank\" rel=\"noopener\">[Video]<\/a>\u00a0<a href=\"https:\/\/app.box.com\/s\/y6pkp89n162luoakse7lt2t2zhcte6g5\" target=\"_blank\" rel=\"noopener\">[MIDI]<\/a>\u00a0<a href=\"https:\/\/app.box.com\/s\/c4hfr8v32t1o8cf76eax505ejpm17c4q\" target=\"_blank\" rel=\"noopener\">[mp3]<\/a>\u00a0<a href=\"https:\/\/app.box.com\/s\/phpz79vdd6jdldk2j254lublajbue1py\" target=\"_blank\" rel=\"noopener\">[Ipad]<\/a>\u00a0<a href=\"http:\/\/leminhphuoc.esy.es\/hoclieu\/TietTau\/md1_1SapdentetroiforAvidScorch.htm\" target=\"_blank\" rel=\"noopener\">[Scorch]<\/a>\u00a0<a href=\"https:\/\/app.box.com\/s\/bzigebbli5hlvn0jch5fj8225nz9w2j6\" target=\"_blank\" rel=\"noopener\">[Sheet]<\/a><\/li>\n<li>T\u00ecm b\u1ea1n th\u00e2n <a href=\"https:\/\/youtu.be\/BX5Yo6bWcz4\" target=\"_blank\" rel=\"noopener\">[Video]<\/a>\u00a0<a href=\"https:\/\/app.box.com\/s\/lvxmenb70kqe742tgwkrtflkxx660046\" target=\"_blank\" rel=\"noopener\">[MIDI]<\/a>\u00a0<a href=\"https:\/\/app.box.com\/s\/y2bqexy2mqtaceyknklbu4xo8rdy4zdl\" target=\"_blank\" rel=\"noopener\">[mp3]<\/a>\u00a0<a href=\"https:\/\/app.box.com\/s\/mqqgvcdxapuuxmoxyqsh19jycsoccnss\" target=\"_blank\" rel=\"noopener\">[Ipad]<\/a>\u00a0<a href=\"http:\/\/leminhphuoc.esy.es\/hoclieu\/TietTau\/md1_1TimbanthanforAvidScorch.htm\" target=\"_blank\" rel=\"noopener\">[Scorch]<\/a>\u00a0<a href=\"https:\/\/app.box.com\/s\/qo7i0ci11ijrulkac97bmvdtyb9nyzui\" target=\"_blank\" rel=\"noopener\">[Sheet]<\/a><\/li>\n<li>M\u00faa vui <a href=\"https:\/\/youtu.be\/ffpuezpT9zg\" target=\"_blank\" rel=\"noopener\">[Video]<\/a>\u00a0<a href=\"https:\/\/app.box.com\/s\/xdgre02ykcifrdro44uwh9bsxci1v7i6\" target=\"_blank\" rel=\"noopener\">[MIDI]<\/a>\u00a0<a href=\"https:\/\/app.box.com\/s\/2rlngwecheostt71526sttiaztq9ilmc\" target=\"_blank\" rel=\"noopener\">[mp3]<\/a>\u00a0<a href=\"https:\/\/app.box.com\/s\/ugerfszh3lxzftr2wo00sk9aofix4pdf\" target=\"_blank\" rel=\"noopener\">[Ipad]<\/a>\u00a0<a href=\"http:\/\/leminhphuoc.esy.es\/hoclieu\/TietTau\/md1_2MuavuiforAvidScorch.htm\" target=\"_blank\" rel=\"noopener\">[Scorch]<\/a>\u00a0<a href=\"https:\/\/app.box.com\/s\/6sri4e2q6cgyqkassuzxxqce0li22igx\" target=\"_blank\" rel=\"noopener\">[Sheet]<\/a><\/li>\n<li>Th\u1eadt l\u00e0 hay <a href=\"https:\/\/youtu.be\/o4X9USCWlL8\" target=\"_blank\" rel=\"noopener\">[Video]<\/a>\u00a0<a href=\"https:\/\/app.box.com\/s\/pq2l1pe6uwhez3f0ix0a9439fwdxvnuo\" target=\"_blank\" rel=\"noopener\">[MIDI]<\/a>\u00a0<a href=\"https:\/\/app.box.com\/s\/qx8dav6tjebjrz02fdcpte2zm1qn9iz9\" target=\"_blank\" rel=\"noopener\">[mp3]<\/a>\u00a0<a href=\"https:\/\/app.box.com\/s\/3iv8a9e04pjo5vp3e20fsb1v0u5f08zi\" target=\"_blank\" rel=\"noopener\">[Ipad]<\/a>\u00a0<a href=\"http:\/\/leminhphuoc.esy.es\/hoclieu\/TietTau\/md1_2ThatlahayforAvidScorch.htm\" target=\"_blank\" rel=\"noopener\">[Scorch]<\/a>\u00a0<a href=\"https:\/\/app.box.com\/s\/24zpbqgvnpaok346wy2i4bre2mwbqkq4\" target=\"_blank\" rel=\"noopener\">[Sheet]<\/a><\/li>\n<li>\u0110\u1ebfm sao <a href=\"https:\/\/youtu.be\/VcoiTENiops\" target=\"_blank\" rel=\"noopener\">[Video]<\/a>\u00a0<a href=\"https:\/\/app.box.com\/s\/jv2swvwzjbk031flm8srkg56ym457xbu\" target=\"_blank\" rel=\"noopener\">[MIDI]<\/a>\u00a0<a href=\"https:\/\/app.box.com\/s\/ornaqxi6g46lhcjwzn5ufbysk8plffdt\" target=\"_blank\" rel=\"noopener\">[mp3]<\/a>\u00a0<a href=\"https:\/\/app.box.com\/s\/g5881d7vfxfw1nk0fh6a57u5cc5kxi73\" target=\"_blank\" rel=\"noopener\">[Ipad]<\/a>\u00a0<a href=\"http:\/\/leminhphuoc.esy.es\/hoclieu\/TietTau\/md1_3Demsao34forAvidScorch.htm\" target=\"_blank\" rel=\"noopener\">[Scorch]<\/a>\u00a0<a href=\"https:\/\/app.box.com\/s\/7geyib1y04hql03zx8olem3ssrerhduj\" target=\"_blank\" rel=\"noopener\">[Sheet]<\/a><\/li>\n<li>G\u00e0 g\u00e1y <a href=\"https:\/\/youtu.be\/JV0MW09vvFA\" target=\"_blank\" rel=\"noopener\">[Video]<\/a>\u00a0<a href=\"https:\/\/app.box.com\/s\/oljwm3vam3qhded4c5i6setr5we568zl\" target=\"_blank\" rel=\"noopener\">[MIDI]<\/a>\u00a0<a href=\"https:\/\/app.box.com\/s\/tvldrhp95t4h0d3pa85pa72dn9rsod1t\" target=\"_blank\" rel=\"noopener\">[mp3]<\/a>\u00a0<a href=\"https:\/\/app.box.com\/s\/b52wo4nc506ory29vtbxsgdgxsukqbaa\" target=\"_blank\" rel=\"noopener\">[Ipad]<\/a>\u00a0<a href=\"http:\/\/leminhphuoc.esy.es\/hoclieu\/TietTau\/md1_3GagayforAvidScorch.htm\" target=\"_blank\" rel=\"noopener\">[Scorch]<\/a>\u00a0<a href=\"https:\/\/app.box.com\/s\/8tvd9c6okxlm68b5oo3qoogq4khdnn36\" target=\"_blank\" rel=\"noopener\">[Sheet]<\/a><\/li>\n<li>B\u1ea1n \u01a1i l\u1eafng nghe <a href=\"https:\/\/youtu.be\/50Ct-Si9FHc\" target=\"_blank\" rel=\"noopener\">[Video]<\/a>\u00a0<a href=\"https:\/\/app.box.com\/s\/ansvroguu7d3e1qm9k6xybsizrwfr6zo\" target=\"_blank\" rel=\"noopener\">[MIDI]<\/a>\u00a0<a href=\"https:\/\/app.box.com\/s\/2mw3yu2bfwc7xzy8victezlh4zvjucmb\" target=\"_blank\" rel=\"noopener\">[mp3]<\/a>\u00a0<a href=\"https:\/\/app.box.com\/s\/pjr7u8zfyg5joqb2v26d7i1h43kibcl3\" target=\"_blank\" rel=\"noopener\">[Ipad]<\/a>\u00a0<a href=\"http:\/\/leminhphuoc.esy.es\/hoclieu\/TietTau\/md1_4BanoilangngheforAvidScorch.htm\" target=\"_blank\" rel=\"noopener\">[Scorch]<\/a>\u00a0<a href=\"https:\/\/app.box.com\/s\/p2l4dsowm704twcucrqqve196bgmz8bd\" target=\"_blank\" rel=\"noopener\">[Sheet]<\/a><\/li>\n<\/ol>\n\n<ul class=\"wp-block-categories-list wp-block-categories\">\t<li class=\"cat-item cat-item-38\"><a href=\"https:\/\/trochoiamnhac.com\/index.php\/category\/tin-hoc-am-nhac\/audacity\/\">Audacity<\/a>\n<\/li>\n\t<li class=\"cat-item cat-item-39\"><a href=\"https:\/\/trochoiamnhac.com\/index.php\/category\/phuong-phap-day-hoc-am-nhac\/bai-viet\/\">B\u00e0i vi\u1ebft<\/a>\n<\/li>\n\t<li class=\"cat-item cat-item-1\"><a href=\"https:\/\/trochoiamnhac.com\/index.php\/category\/blog\/\">Blog<\/a>\n<\/li>\n\t<li class=\"cat-item cat-item-37\"><a href=\"https:\/\/trochoiamnhac.com\/index.php\/category\/tin-hoc-am-nhac\/ms-powerpoint\/\">Ms. PowerPoint<\/a>\n<\/li>\n\t<li class=\"cat-item cat-item-34\"><a href=\"https:\/\/trochoiamnhac.com\/index.php\/category\/tin-hoc-am-nhac\/musescore\/\">Musescore<\/a>\n<\/li>\n\t<li class=\"cat-item cat-item-35\"><a href=\"https:\/\/trochoiamnhac.com\/index.php\/category\/tin-hoc-am-nhac\/openshot\/\">OpenShot<\/a>\n<\/li>\n\t<li class=\"cat-item cat-item-31\"><a href=\"https:\/\/trochoiamnhac.com\/index.php\/category\/phuong-phap-day-hoc-am-nhac\/\">PHDH \u00c2M NH\u1ea0C<\/a>\n<\/li>\n\t<li class=\"cat-item cat-item-36\"><a href=\"https:\/\/trochoiamnhac.com\/index.php\/category\/tin-hoc-am-nhac\/photoscape-x\/\">PhotoScape X<\/a>\n<\/li>\n\t<li class=\"cat-item cat-item-44\"><a href=\"https:\/\/trochoiamnhac.com\/index.php\/category\/sang-tac\/\">S\u00e1ng t\u00e1c<\/a>\n<\/li>\n\t<li class=\"cat-item cat-item-46\"><a href=\"https:\/\/trochoiamnhac.com\/index.php\/category\/tro-choi-am-nhac\/suu-tap\/\">S\u01b0u t\u1eadp<\/a>\n<\/li>\n\t<li class=\"cat-item cat-item-42\"><a href=\"https:\/\/trochoiamnhac.com\/index.php\/category\/tro-choi-am-nhac\/thiet-ke-tro-choi\/\">Thi\u1ebft k\u1ebf tr\u00f2 ch\u01a1i<\/a>\n<\/li>\n\t<li class=\"cat-item cat-item-15\"><a href=\"https:\/\/trochoiamnhac.com\/index.php\/category\/tin-hoc-am-nhac\/\">Tin h\u1ecdc \u00e2m nh\u1ea1c<\/a>\n<\/li>\n\t<li class=\"cat-item cat-item-32\"><a href=\"https:\/\/trochoiamnhac.com\/index.php\/category\/tro-choi-am-nhac\/\">Tr\u00f2 ch\u01a1i \u00e2m nh\u1ea1c<\/a>\n<\/li>\n\t<li class=\"cat-item cat-item-41\"><a href=\"https:\/\/trochoiamnhac.com\/index.php\/category\/tro-choi-am-nhac\/tro-choi-tuong-tac\/\">Tr\u00f2 ch\u01a1i t\u01b0\u01a1ng t\u00e1c<\/a>\n<\/li>\n\t<li class=\"cat-item cat-item-40\"><a href=\"https:\/\/trochoiamnhac.com\/index.php\/category\/phuong-phap-day-hoc-am-nhac\/van-dung\/\">V\u1eadn d\u1ee5ng<\/a>\n<\/li>\n<\/ul>","protected":false},"excerpt":{"rendered":"<p>B\u1ea7u tr\u1eddi xanh [Video]\u00a0[MIDI]\u00a0[mp3]\u00a0[Ipad]\u00a0[Scorch]\u00a0[Sheet] \u0110\u00e0n g\u00e0 con [Video]\u00a0[MIDI]\u00a0[mp3]\u00a0[Ipad]\u00a0[Scorch]\u00a0[Sheet] H\u00f2a b\u00ecnh cho b\u00e9 [Video]\u00a0[MIDI]\u00a0[mp3]\u00a0[Ipad]\u00a0[Scorch]\u00a0[Sheet] M\u1eddi b\u1ea1n vui m\u00faa ca [Video]\u00a0[MIDI]\u00a0[mp3]\u00a0[Ipad]\u00a0[Scorch]\u00a0[Sheet] Qu\u00ea h\u01b0\u01a1ng t\u01b0\u01a1i \u0111\u1eb9p [Video]\u00a0[MIDI]\u00a0[mp3]\u00a0[Ipad]\u00a0[Scorch]\u00a0[Sheet] S\u1eafp [&hellip;]<\/p>\n","protected":false},"author":2,"featured_media":0,"parent":1811,"menu_order":0,"comment_status":"closed","ping_status":"closed","template":"","meta":{"om_disable_all_campaigns":false,"_monsterinsights_skip_tracking":false,"_monsterinsights_sitenote_active":false,"_monsterinsights_sitenote_note":"","_monsterinsights_sitenote_category":0,"_uf_show_specific_survey":0,"_uf_disable_surveys":false,"footnotes":""},"class_list":["post-1813","page","type-page","status-publish","hentry"],"aioseo_notices":[],"_links":{"self":[{"href":"https:\/\/trochoiamnhac.com\/index.php\/wp-json\/wp\/v2\/pages\/1813","targetHints":{"allow":["GET"]}}],"collection":[{"href":"https:\/\/trochoiamnhac.com\/index.php\/wp-json\/wp\/v2\/pages"}],"about":[{"href":"https:\/\/trochoiamnhac.com\/index.php\/wp-json\/wp\/v2\/types\/page"}],"author":[{"embeddable":true,"href":"https:\/\/trochoiamnhac.com\/index.php\/wp-json\/wp\/v2\/users\/2"}],"replies":[{"embeddable":true,"href":"https:\/\/trochoiamnhac.com\/index.php\/wp-json\/wp\/v2\/comments?post=1813"}],"version-history":[{"count":1,"href":"https:\/\/trochoiamnhac.com\/index.php\/wp-json\/wp\/v2\/pages\/1813\/revisions"}],"predecessor-version":[{"id":2229,"href":"https:\/\/trochoiamnhac.com\/index.php\/wp-json\/wp\/v2\/pages\/1813\/revisions\/2229"}],"up":[{"embeddable":true,"href":"https:\/\/trochoiamnhac.com\/index.php\/wp-json\/wp\/v2\/pages\/1811"}],"wp:attachment":[{"href":"https:\/\/trochoiamnhac.com\/index.php\/wp-json\/wp\/v2\/media?parent=1813"}],"curies":[{"name":"wp","href":"https:\/\/api.w.org\/{rel}","templated":true}]}}