{"id":171,"date":"2011-04-21T02:38:39","date_gmt":"2011-04-20T19:38:39","guid":{"rendered":"http:\/\/leminhphuoc.wordpress.com\/?page_id=171"},"modified":"2023-09-03T07:27:43","modified_gmt":"2023-09-03T00:27:43","slug":"lop-6","status":"publish","type":"page","link":"https:\/\/trochoiamnhac.com\/index.php\/am-nhac-pho-thong\/chuong-trinh-am-nhac-2006\/hoc-lieu-am-nhac-thcs\/lop-6\/","title":{"rendered":"\u00c2m nh\u1ea1c L\u1edbp 6"},"content":{"rendered":"\n<h2 class=\"wp-block-heading\"><span style=\"color: #800000;\"><strong>T\u1eadp \u0111\u1ecdc nh\u1ea1c<\/strong><\/span><\/h2>\n\n\n\n<p class=\"has-text-align-left\">B\u00e0i h\u1ecdc:&nbsp;&nbsp;&nbsp;&nbsp;&nbsp;&nbsp;<a href=\"http:\/\/www.box.net\/shared\/c8rdmogu2s\" target=\"_blank\" rel=\"noopener\">&nbsp; 1&nbsp;&nbsp;<\/a>&nbsp;&nbsp;<a href=\"http:\/\/www.box.net\/shared\/98zzyfv7n8\" target=\"_blank\" rel=\"noopener\">&nbsp;&nbsp;2&nbsp;&nbsp;<\/a>&nbsp;&nbsp;<a href=\"http:\/\/www.box.net\/shared\/5squce33dq\" target=\"_blank\" rel=\"noopener\">&nbsp;&nbsp;3&nbsp;&nbsp;<\/a>&nbsp; <a href=\"http:\/\/www.box.net\/shared\/akrxnp6sds\" target=\"_blank\" rel=\"noopener\">&nbsp;&nbsp;4&nbsp;&nbsp;<\/a>&nbsp; <a href=\"http:\/\/www.box.net\/shared\/gk09ksadvl\" target=\"_blank\" rel=\"noopener\">&nbsp;&nbsp;5&nbsp;&nbsp;<\/a>&nbsp; <a href=\"http:\/\/www.box.net\/shared\/et5scnkkq3\" target=\"_blank\" rel=\"noopener\">&nbsp;&nbsp;6&nbsp;&nbsp;<\/a>&nbsp; <a href=\"http:\/\/www.box.net\/shared\/natto95gcc\" target=\"_blank\" rel=\"noopener\">&nbsp;&nbsp;7&nbsp;&nbsp;<\/a>&nbsp;&nbsp;<a href=\"http:\/\/www.box.net\/shared\/abt3bcbrn3\" target=\"_blank\" rel=\"noopener\"> &nbsp;8&nbsp;&nbsp;<\/a>&nbsp;&nbsp;<a href=\"http:\/\/www.box.net\/shared\/73kh2l8gts\" target=\"_blank\" rel=\"noopener\"> &nbsp;9&nbsp;&nbsp;<\/a>&nbsp; <a href=\"http:\/\/www.box.net\/shared\/3fkr3upf7r\" target=\"_blank\" rel=\"noopener\">&nbsp;&nbsp;10&nbsp; <\/a><\/p>\n\n\n\n<p class=\"has-text-align-left\">B\u1ea3n nh\u1ea1c:&nbsp;&nbsp;&nbsp;<a href=\"https:\/\/www.box.com\/s\/2qqjqtxzfue24jktdnyg\" target=\"_blank\" rel=\"noopener\">&nbsp; 1&nbsp;&nbsp;<\/a>&nbsp; <a href=\"https:\/\/www.box.com\/s\/en4bzgixjbkkckkwvrdz\" target=\"_blank\" rel=\"noopener\">&nbsp; 2&nbsp;&nbsp;<\/a> &nbsp;<a href=\"https:\/\/www.box.com\/s\/mv3yw47rhx01fv71olc2\" target=\"_blank\" rel=\"noopener\">&nbsp; 3&nbsp;&nbsp;<\/a> &nbsp;<a href=\"https:\/\/www.box.com\/s\/bnzucdqxuzdv34fdmzso\" target=\"_blank\" rel=\"noopener\">&nbsp; 4&nbsp;&nbsp;<\/a>&nbsp; <a href=\"https:\/\/www.box.com\/s\/o2jcmeszn4a4mvtf11fo\" target=\"_blank\" rel=\"noopener\">&nbsp; 5&nbsp;&nbsp;<\/a> &nbsp;<a href=\"https:\/\/www.box.com\/s\/yzdugyrcztord17ntrv5\" target=\"_blank\" rel=\"noopener\">&nbsp; 6&nbsp;&nbsp;<\/a> &nbsp;<a href=\"https:\/\/www.box.com\/s\/w1wapmcsnypzg293k6nt\" target=\"_blank\" rel=\"noopener\">&nbsp; 7&nbsp;&nbsp;<\/a> &nbsp;<a href=\"https:\/\/www.box.com\/s\/67160ed5rsvxip6dqkhj\" target=\"_blank\" rel=\"noopener\">&nbsp; 8&nbsp;&nbsp;<\/a> &nbsp;<a href=\"https:\/\/www.box.com\/s\/tg9kxzjgs1livm6fmcq6\" target=\"_blank\" rel=\"noopener\">&nbsp; 9&nbsp;&nbsp;<\/a> &nbsp;<a href=\"https:\/\/www.box.com\/s\/ik38okfu9htjzk2l13hf\" target=\"_blank\" rel=\"noopener\">&nbsp; 10&nbsp; <\/a><\/p>\n\n\n\n<h2 class=\"wp-block-heading\"><span style=\"color: #800000;\"><strong>B\u00e0i h\u00e1t<\/strong><\/span><\/h2>\n\n\n\n<p><a href=\"http:\/\/www.box.com\/s\/cithu0schqesx8tpis9f\" target=\"_blank\" rel=\"noopener\">1. Ti\u1ebfng chu\u00f4ng v\u00e0 Ng\u1ecdn c\u1edd.<\/a><\/p>\n\n\n\n<p><a href=\"http:\/\/www.box.com\/s\/nezh3282zotrn633n6hg\" target=\"_blank\" rel=\"noopener\">2. Vui b\u01b0\u1edbc tr\u00ean \u0111\u01b0\u1eddng xa.<\/a><\/p>\n\n\n\n<p><a href=\"http:\/\/www.box.com\/s\/1dpbvucajyanovbh6ovl\" target=\"_blank\" rel=\"noopener\">3. H\u00e0nh kh\u00fac t\u1edbi tr\u01b0\u1eddng.<\/a><\/p>\n\n\n\n<p><a href=\"http:\/\/www.box.com\/s\/rzdcka171ck4komiovm4\" target=\"_blank\" rel=\"noopener\">4. \u0110i c\u1ea5y.<\/a><\/p>\n\n\n\n<p><a href=\"http:\/\/www.box.com\/s\/7p73dj36e9fold6kdnsr\" target=\"_blank\" rel=\"noopener\">5. Ni\u1ec1m vui c\u1ee7a em.<\/a><\/p>\n\n\n\n<p><a href=\"http:\/\/www.box.com\/s\/ezr1egy5v0achxbel8p4\" target=\"_blank\" rel=\"noopener\">6. Ng\u00e0y \u0111\u1ea7u ti\u00ean \u0111i h\u1ecdc.<\/a><\/p>\n\n\n\n<p><a href=\"http:\/\/www.box.com\/s\/vi0mgefntzjktssio2an\" target=\"_blank\" rel=\"noopener\">7. Tia n\u1eafng h\u1ea1t m\u01b0a.<\/a><\/p>\n\n\n\n<p><a href=\"http:\/\/www.box.com\/s\/4c53fioimetj43lbubra\" target=\"_blank\" rel=\"noopener\">8. H\u00f4 la h\u00ea &#8211; H\u00f4 la h\u00f4.<\/a><\/p>\n\n\n\n<h2 class=\"wp-block-heading\"><span style=\"color: #800000;\">Nh\u1ea1c n\u1ec1n<\/span><\/h2>\n\n\n\n<p><a href=\"http:\/\/www.box.net\/shared\/10z47emssvea164ak67z\" target=\"_blank\" rel=\"noopener\">1. Ti\u1ebfng chu\u00f4ng v\u00e0 Ng\u1ecdn c\u1edd.<\/a><\/p>\n\n\n\n<p><a href=\"http:\/\/www.box.net\/shared\/vh6gut88e2pcdejkl4g4\" target=\"_blank\" rel=\"noopener\">2. Vui b\u01b0\u1edbc tr\u00ean \u0111\u01b0\u1eddng xa.<\/a><\/p>\n\n\n\n<p><a href=\"http:\/\/www.box.net\/shared\/45mqc1m4u8i6rrtfo6ct\" target=\"_blank\" rel=\"noopener\">3. H\u00e0nh kh\u00fac t\u1edbi tr\u01b0\u1eddng.<\/a><\/p>\n\n\n\n<p><a href=\"http:\/\/www.box.net\/shared\/uth1ldv1docip1v5222j\" target=\"_blank\" rel=\"noopener\">4. \u0110i c\u1ea5y.<\/a><\/p>\n\n\n\n<p><a href=\"http:\/\/www.box.net\/shared\/5zfh5jtceuakp2mt4gen\" target=\"_blank\" rel=\"noopener\">5. Ni\u1ec1m vui c\u1ee7a em.<\/a><\/p>\n\n\n\n<p><a href=\"http:\/\/www.box.net\/shared\/c24gjxlmhko13nmp5dvo\" target=\"_blank\" rel=\"noopener\">6. Ng\u00e0y \u0111\u1ea7u ti\u00ean \u0111i h\u1ecdc.<\/a><\/p>\n\n\n\n<p><a href=\"http:\/\/www.box.net\/shared\/r0oedpvqz5esr4pumer6\" target=\"_blank\" rel=\"noopener\">7. Tia n\u1eafng h\u1ea1t m\u01b0a.<\/a><\/p>\n\n\n\n<p><a href=\"http:\/\/www.box.net\/shared\/k0txjnsbcouilx5ql3ei\" target=\"_blank\" rel=\"noopener\">8. H\u00f4 la h\u00ea &#8211; H\u00f4 la h\u00f4.<\/a><\/p>\n\n\n\n<h2 class=\"wp-block-heading\"><span style=\"color: #800000;\">Karaoke<\/span><\/h2>\n\n\n\n<p><span style=\"color: #333399;\">1. Ti\u1ebfng chu\u00f4ng v\u00e0 ng\u1ecdn c\u1edd.<\/span><\/p>\n\n\n\n<figure class=\"wp-block-embed is-type-video is-provider-youtube wp-block-embed-youtube wp-embed-aspect-4-3 wp-has-aspect-ratio\"><div class=\"wp-block-embed__wrapper\">\n<iframe title=\"L6 Ti\u1ebfng chu\u00f4ng v\u00e0 ng\u1ecdn c\u1edd\" width=\"640\" height=\"480\" src=\"https:\/\/www.youtube.com\/embed\/23HyaoZ8-9M?feature=oembed\" frameborder=\"0\" allow=\"accelerometer; autoplay; clipboard-write; encrypted-media; gyroscope; picture-in-picture; web-share\" referrerpolicy=\"strict-origin-when-cross-origin\" allowfullscreen><\/iframe>\n<\/div><\/figure>\n\n\n\n<p><span style=\"color: #333399;\">2. Vui b\u01b0\u1edbc tr\u00ean \u0111\u01b0\u1eddng xa.<\/span><\/p>\n\n\n\n<figure class=\"wp-block-embed is-type-video is-provider-youtube wp-block-embed-youtube wp-embed-aspect-4-3 wp-has-aspect-ratio\"><div class=\"wp-block-embed__wrapper\">\n<iframe title=\"L6 Vui b\u01b0\u1edbc tr\u00ean \u0111\u01b0\u1eddng xa\" width=\"640\" height=\"480\" src=\"https:\/\/www.youtube.com\/embed\/DO4N2WF5NQs?feature=oembed\" frameborder=\"0\" allow=\"accelerometer; autoplay; clipboard-write; encrypted-media; gyroscope; picture-in-picture; web-share\" referrerpolicy=\"strict-origin-when-cross-origin\" allowfullscreen><\/iframe>\n<\/div><\/figure>\n\n\n\n<p><span style=\"color: #333399;\">3. H\u00e0nh kh\u00fac t\u1edbi tr\u01b0\u1eddng.<\/span><\/p>\n\n\n\n<figure class=\"wp-block-embed is-type-video is-provider-youtube wp-block-embed-youtube wp-embed-aspect-4-3 wp-has-aspect-ratio\"><div class=\"wp-block-embed__wrapper\">\n<iframe title=\"L6 H\u00e0nh kh\u00fac t\u1edbi tr\u01b0\u1eddng\" width=\"640\" height=\"480\" src=\"https:\/\/www.youtube.com\/embed\/Rg90ATjyYh4?feature=oembed\" frameborder=\"0\" allow=\"accelerometer; autoplay; clipboard-write; encrypted-media; gyroscope; picture-in-picture; web-share\" referrerpolicy=\"strict-origin-when-cross-origin\" allowfullscreen><\/iframe>\n<\/div><\/figure>\n\n\n\n<p><span style=\"color: #333399;\">4. \u0110i c\u1ea5y.<\/span><\/p>\n\n\n\n<figure class=\"wp-block-embed is-type-video is-provider-youtube wp-block-embed-youtube wp-embed-aspect-4-3 wp-has-aspect-ratio\"><div class=\"wp-block-embed__wrapper\">\n<iframe title=\"L6 \u0110i c\u1ea5y\" width=\"640\" height=\"480\" src=\"https:\/\/www.youtube.com\/embed\/fnBD7I4CuBs?feature=oembed\" frameborder=\"0\" allow=\"accelerometer; autoplay; clipboard-write; encrypted-media; gyroscope; picture-in-picture; web-share\" referrerpolicy=\"strict-origin-when-cross-origin\" allowfullscreen><\/iframe>\n<\/div><\/figure>\n\n\n\n<p><span style=\"color: #333399;\">5. Ni\u1ec1m vui c\u1ee7a em.<\/span><\/p>\n\n\n\n<figure class=\"wp-block-embed is-type-video is-provider-youtube wp-block-embed-youtube wp-embed-aspect-4-3 wp-has-aspect-ratio\"><div class=\"wp-block-embed__wrapper\">\n<iframe title=\"L6 Ni\u1ec1m vui c\u1ee7a em\" width=\"640\" height=\"480\" src=\"https:\/\/www.youtube.com\/embed\/FW-XDRqq_90?feature=oembed\" frameborder=\"0\" allow=\"accelerometer; autoplay; clipboard-write; encrypted-media; gyroscope; picture-in-picture; web-share\" referrerpolicy=\"strict-origin-when-cross-origin\" allowfullscreen><\/iframe>\n<\/div><\/figure>\n\n\n\n<p><span style=\"color: #333399;\">6. Ng\u00e0y \u0111\u1ea7u ti\u00ean \u0111i h\u1ecdc.<\/span><\/p>\n\n\n\n<figure class=\"wp-block-embed is-type-video is-provider-youtube wp-block-embed-youtube wp-embed-aspect-4-3 wp-has-aspect-ratio\"><div class=\"wp-block-embed__wrapper\">\n<iframe title=\"L6 Ng\u00e0y \u0111\u1ea7u ti\u00ean \u0111i h\u1ecdc\" width=\"640\" height=\"480\" src=\"https:\/\/www.youtube.com\/embed\/oypEYxJfRik?feature=oembed\" frameborder=\"0\" allow=\"accelerometer; autoplay; clipboard-write; encrypted-media; gyroscope; picture-in-picture; web-share\" referrerpolicy=\"strict-origin-when-cross-origin\" allowfullscreen><\/iframe>\n<\/div><\/figure>\n\n\n\n<p><span style=\"color: #333399;\">7. Tia n\u1eafng h\u1ea1t m\u01b0a.<\/span><\/p>\n\n\n\n<figure class=\"wp-block-embed is-type-video is-provider-youtube wp-block-embed-youtube wp-embed-aspect-4-3 wp-has-aspect-ratio\"><div class=\"wp-block-embed__wrapper\">\n<iframe title=\"L6 Tia n\u1eafng h\u1ea1t m\u01b0a\" width=\"640\" height=\"480\" src=\"https:\/\/www.youtube.com\/embed\/DYV85uvr6v0?feature=oembed\" frameborder=\"0\" allow=\"accelerometer; autoplay; clipboard-write; encrypted-media; gyroscope; picture-in-picture; web-share\" referrerpolicy=\"strict-origin-when-cross-origin\" allowfullscreen><\/iframe>\n<\/div><\/figure>\n\n\n\n<p><span style=\"color: #333399;\">8. H\u00f4 la h\u00ea &#8211; H\u00f4 la h\u00f4.<\/span><\/p>\n\n\n\n<figure class=\"wp-block-embed is-type-video is-provider-youtube wp-block-embed-youtube wp-embed-aspect-4-3 wp-has-aspect-ratio\"><div class=\"wp-block-embed__wrapper\">\n<iframe title=\"L6 H\u00f4 la h\u00ea H\u00f4 la h\u00f4\" width=\"640\" height=\"480\" src=\"https:\/\/www.youtube.com\/embed\/AnYlVUfNQrs?feature=oembed\" frameborder=\"0\" allow=\"accelerometer; autoplay; clipboard-write; encrypted-media; gyroscope; picture-in-picture; web-share\" referrerpolicy=\"strict-origin-when-cross-origin\" allowfullscreen><\/iframe>\n<\/div><\/figure>\n","protected":false},"excerpt":{"rendered":"<p>T\u1eadp \u0111\u1ecdc nh\u1ea1c B\u00e0i h\u1ecdc:&nbsp;&nbsp;&nbsp;&nbsp;&nbsp;&nbsp;&nbsp; 1&nbsp;&nbsp;&nbsp;&nbsp;&nbsp;&nbsp;2&nbsp;&nbsp;&nbsp;&nbsp;&nbsp;&nbsp;3&nbsp;&nbsp;&nbsp; &nbsp;&nbsp;4&nbsp;&nbsp;&nbsp; &nbsp;&nbsp;5&nbsp;&nbsp;&nbsp; &nbsp;&nbsp;6&nbsp;&nbsp;&nbsp; &nbsp;&nbsp;7&nbsp;&nbsp;&nbsp;&nbsp; &nbsp;8&nbsp;&nbsp;&nbsp;&nbsp; &nbsp;9&nbsp;&nbsp;&nbsp; &nbsp;&nbsp;10&nbsp; B\u1ea3n nh\u1ea1c:&nbsp;&nbsp;&nbsp;&nbsp; 1&nbsp;&nbsp;&nbsp; &nbsp; 2&nbsp;&nbsp; &nbsp;&nbsp; 3&nbsp;&nbsp; &nbsp;&nbsp; 4&nbsp;&nbsp;&nbsp; &nbsp; 5&nbsp;&nbsp; &nbsp;&nbsp; [&hellip;]<\/p>\n","protected":false},"author":2,"featured_media":0,"parent":1534,"menu_order":0,"comment_status":"open","ping_status":"open","template":"","meta":{"om_disable_all_campaigns":false,"_monsterinsights_skip_tracking":false,"_monsterinsights_sitenote_active":false,"_monsterinsights_sitenote_note":"","_monsterinsights_sitenote_category":0,"_uf_show_specific_survey":0,"_uf_disable_surveys":false,"footnotes":""},"class_list":["post-171","page","type-page","status-publish","hentry"],"aioseo_notices":[],"_links":{"self":[{"href":"https:\/\/trochoiamnhac.com\/index.php\/wp-json\/wp\/v2\/pages\/171","targetHints":{"allow":["GET"]}}],"collection":[{"href":"https:\/\/trochoiamnhac.com\/index.php\/wp-json\/wp\/v2\/pages"}],"about":[{"href":"https:\/\/trochoiamnhac.com\/index.php\/wp-json\/wp\/v2\/types\/page"}],"author":[{"embeddable":true,"href":"https:\/\/trochoiamnhac.com\/index.php\/wp-json\/wp\/v2\/users\/2"}],"replies":[{"embeddable":true,"href":"https:\/\/trochoiamnhac.com\/index.php\/wp-json\/wp\/v2\/comments?post=171"}],"version-history":[{"count":1,"href":"https:\/\/trochoiamnhac.com\/index.php\/wp-json\/wp\/v2\/pages\/171\/revisions"}],"predecessor-version":[{"id":2190,"href":"https:\/\/trochoiamnhac.com\/index.php\/wp-json\/wp\/v2\/pages\/171\/revisions\/2190"}],"up":[{"embeddable":true,"href":"https:\/\/trochoiamnhac.com\/index.php\/wp-json\/wp\/v2\/pages\/1534"}],"wp:attachment":[{"href":"https:\/\/trochoiamnhac.com\/index.php\/wp-json\/wp\/v2\/media?parent=171"}],"curies":[{"name":"wp","href":"https:\/\/api.w.org\/{rel}","templated":true}]}}