{"id":1668,"date":"2016-05-11T11:36:04","date_gmt":"2016-05-11T04:36:04","guid":{"rendered":"https:\/\/leminhphuoc.wordpress.com\/?page_id=1668"},"modified":"2023-09-07T12:18:18","modified_gmt":"2023-09-07T05:18:18","slug":"tiet-11","status":"publish","type":"page","link":"https:\/\/trochoiamnhac.com\/index.php\/am-nhac-pho-thong\/chuong-trinh-am-nhac-2006\/hoc-lieu-am-nhac-tieu-hoc\/dan-phim-dien-tu\/tiet-11\/","title":{"rendered":"B\u00e0i 11"},"content":{"rendered":"<p>B\u00c0I H\u00c1T GI\u1eccNG G-dur TRONG CH\u01af\u01a0NG TR\u00ccNH TI\u1ec2U H\u1eccC<\/p>\n<ol>\n<li>B\u1ed5 sung h\u1ee3p \u00e2m gi\u1ecdng G-dur <img decoding=\"async\" src=\"https:\/\/leminhphuoc.files.wordpress.com\/2016\/05\/bs-g-dur.png\" alt=\"BS G-dur\" width=\"625\" height=\"153\" \/><\/li>\n<li>B\u00e0i h\u00e1t gi\u1ecdng G-dur\n<ul>\n<li>L\u1edbp 2\n<ul>\n<li>Ch\u00fac m\u1eebng sinh nh\u1eadt <a href=\"https:\/\/youtu.be\/1YdnEPGtVqI?list=PLxs_kYWxveumF9be2kXKQrQoDZLIOe7wO\" target=\"_blank\" rel=\"noopener\">[Video]<\/a>\u00a0<a href=\"https:\/\/app.box.com\/s\/ha01mvqk7jqh3aqowgc85epb5bbwe2oi\" target=\"_blank\" rel=\"noopener\">[MIDI]<\/a> <a href=\"https:\/\/app.box.com\/s\/jtgcoriju6nb3br73297fupjkmo7ceni\" target=\"_blank\" rel=\"noopener\">[mp3]<\/a> <a href=\"https:\/\/app.box.com\/s\/f8xbrzsqdlfmbpp3rydt8mnt7axyrl2f\" target=\"_blank\" rel=\"noopener\">[Ipad]<\/a> <a href=\"http:\/\/leminhphuoc.esy.es\/hoclieu\/Lop2\/Baihat\/L2_04ChucmungsinhnhatforAvidScorch.htm\" target=\"_blank\" rel=\"noopener\">[Scorch]<\/a>\u00a0<a href=\"https:\/\/app.box.com\/s\/8txq3839x85r087d9ru8mh0nn248504l\" target=\"_blank\" rel=\"noopener\">[Sheet]<\/a><\/li>\n<li>Tr\u00ean con \u0111\u01b0\u1eddng \u0111\u1ebfn tr\u01b0\u1eddng <a href=\"https:\/\/youtu.be\/tlmsVMwaE0Q\" target=\"_blank\" rel=\"noopener\">[Video]<\/a>\u00a0<a href=\"https:\/\/app.box.com\/s\/hwyalp1621hpryv5hgdkq01k78l3lutm\" target=\"_blank\" rel=\"noopener\">[MIDI]<\/a>\u00a0<a href=\"https:\/\/app.box.com\/s\/is988molaby5ux2kqlfb5rt59ivs5s63\" target=\"_blank\" rel=\"noopener\">[mp3]<\/a>\u00a0<a href=\"https:\/\/app.box.com\/s\/ef37lg0p3nb42kesqsq25mq88l81w16m\" target=\"_blank\" rel=\"noopener\">[Ipad]<\/a>\u00a0<a href=\"http:\/\/leminhphuoc.esy.es\/hoclieu\/Lop2\/Baihat\/L2_07TrenconduongdentruongforAvidScorch.htm\" target=\"_blank\" rel=\"noopener\">[Scorch]<\/a>\u00a0<a href=\"https:\/\/app.box.com\/s\/hvbvpjvpul9zm8h3a0bv3seapi0y3knh\" target=\"_blank\" rel=\"noopener\">[Sheet]<\/a><\/li>\n<li>B\u1eafc kim thang\u00a0<a href=\"https:\/\/youtu.be\/gyiE3Q_2b2I\" target=\"_blank\" rel=\"noopener\">[Video]<\/a> <a href=\"https:\/\/app.box.com\/s\/gqc54x0akq6q68r3jxqn5e231xsjai36\" target=\"_blank\" rel=\"noopener\">[MIDI]<\/a> <a href=\"https:\/\/app.box.com\/s\/r1yzbtzbcm7q0wf6mwowqrgsecslbghj\" target=\"_blank\" rel=\"noopener\">[mp3]<\/a> <a href=\"https:\/\/app.box.com\/s\/uyr1xli7yp44xdbas4hlrga4oazyooib\" target=\"_blank\" rel=\"noopener\">[Ipad]<\/a> <a href=\"http:\/\/leminhphuoc.esy.es\/hoclieu\/Lop2\/Baihat\/L2_12BackimthangforAvidScorch.htm\" target=\"_blank\" rel=\"noopener\">[Scorch]<\/a> <a href=\"https:\/\/app.box.com\/s\/bux2jlhi2wvos29xwxeew0m7fmmg5rhz\" target=\"_blank\" rel=\"noopener\">[Sheet]<\/a><\/li>\n<\/ul>\n<\/li>\n<li>L\u1edbp 3\n<ul>\n<li>Qu\u1ed1c ca <a href=\"https:\/\/youtu.be\/1l6KDAzt3gA\" target=\"_blank\" rel=\"noopener\">[Video]<\/a> <a href=\"https:\/\/app.box.com\/s\/bn731hhwoa6fsc8xixzcncvuv2jzx16z\" target=\"_blank\" rel=\"noopener\">[MIDI]<\/a> <a href=\"https:\/\/app.box.com\/s\/bqh5c96ybglaqrmd5dfspywrb6muncnx\" target=\"_blank\" rel=\"noopener\">[mp3]<\/a> <a href=\"https:\/\/app.box.com\/s\/xvk5uxdzivgshnj47uqswsnye83xpclb\" target=\"_blank\" rel=\"noopener\">[Ipad]<\/a> <a href=\"http:\/\/leminhphuoc.esy.es\/hoclieu\/Lop3\/Baihat\/L3_01QuoccaVietNamforAvidScorch.htm\" target=\"_blank\" rel=\"noopener\">[Scorch]<\/a> <a href=\"https:\/\/app.box.com\/s\/pjx6xlxr0gm3fnesc35yo6gwptlzlrx8\" target=\"_blank\" rel=\"noopener\">[Sheet]<\/a><\/li>\n<li>\u0110\u1ebfm sao <a href=\"https:\/\/youtu.be\/X2UMmZd1u_Q?list=PLxs_kYWxveumgvuGZX7R6ElmpzdNpd9O4\" target=\"_blank\" rel=\"noopener\">[Video]<\/a> <a href=\"https:\/\/app.box.com\/s\/gfqsxg01cye8ltphzos15emcplbuemuz\" target=\"_blank\" rel=\"noopener\">[MIDI]<\/a> <a href=\"https:\/\/app.box.com\/s\/u44ufolreck80qpvtzlo59jgoqi12dfg\" target=\"_blank\" rel=\"noopener\">[mp3]<\/a> <a href=\"https:\/\/app.box.com\/s\/p9tl552t9ycwdjfxtwlwnmmh46zkepy2\" target=\"_blank\" rel=\"noopener\">[Ipad]<\/a> <a href=\"http:\/\/leminhphuoc.esy.es\/hoclieu\/Lop3\/Baihat\/L3_03DemsaoforAvidScorch.htm\" target=\"_blank\" rel=\"noopener\">[Scorch]<\/a> <a href=\"https:\/\/app.box.com\/s\/kgrxu2dqqbl3bra41hu1m14do4k4tg61\" target=\"_blank\" rel=\"noopener\">[Sheet]<\/a><\/li>\n<li>G\u00e0 g\u00e1y <a href=\"https:\/\/youtu.be\/novx1_30UQk?list=PLxs_kYWxveumgvuGZX7R6ElmpzdNpd9O4\" target=\"_blank\" rel=\"noopener\">[Video]<\/a> <a href=\"https:\/\/app.box.com\/s\/1qjcnb4g3736drvw8oe8gca2asi7aru1\" target=\"_blank\" rel=\"noopener\">[MIDI]<\/a> <a href=\"https:\/\/app.box.com\/s\/j71ahs3wbjf41q0xd6kni0qowtlj1que\" target=\"_blank\" rel=\"noopener\">[mp3]<\/a> <a href=\"https:\/\/app.box.com\/s\/nwmbufe6x4v570megxtim718oh2ic6xn\" target=\"_blank\" rel=\"noopener\">[Ipad]<\/a> <a href=\"http:\/\/leminhphuoc.esy.es\/hoclieu\/Lop3\/Baihat\/L3_04GagayforAvidScorch.htm\" target=\"_blank\" rel=\"noopener\">[Scorch]<\/a> <a href=\"https:\/\/app.box.com\/s\/gamd8z2gyb4d8mw85j32q2a38nnhukkz\" target=\"_blank\" rel=\"noopener\">[Sheet]<\/a><\/li>\n<li>L\u1edbp ch\u00fang ta \u0111o\u00e0n k\u1ebft <a href=\"https:\/\/youtu.be\/Xj0LBwWKQUw\" target=\"_blank\" rel=\"noopener\">[Video]<\/a> <a href=\"https:\/\/app.box.com\/s\/xvngvwfheok1sqm0wxyvru7l9jj5ucnd\" target=\"_blank\" rel=\"noopener\">[MIDI]<\/a> <a href=\"https:\/\/app.box.com\/s\/zbehcrho170l15pkubftqt04l43f7qh1\" target=\"_blank\" rel=\"noopener\">[mp3]<\/a> <a href=\"https:\/\/app.box.com\/s\/t0p2iflhswg6iqbl2xxd7rpemd165swo\" target=\"_blank\" rel=\"noopener\">[Ipad]<\/a> <a href=\"http:\/\/leminhphuoc.esy.es\/hoclieu\/Lop3\/Baihat\/L3_05LopchungtadoanketforAvidScorch.htm\" target=\"_blank\" rel=\"noopener\">[Scorch]<\/a> <a href=\"https:\/\/app.box.com\/s\/tkddpox5wgaak88yncu32d1aov6m8fbq\" target=\"_blank\" rel=\"noopener\">[Sheet]<\/a><\/li>\n<li>Con chim non <a href=\"https:\/\/youtu.be\/lZIdcctadWk\" target=\"_blank\" rel=\"noopener\">[Video]<\/a> <a href=\"https:\/\/app.box.com\/s\/z8yiciv55oao3r4rcjeynqorcv4c3uvu\" target=\"_blank\" rel=\"noopener\">[MIDI]<\/a> <a href=\"https:\/\/app.box.com\/s\/7ku1mgutw4luek706iceidvo0iltqk1l\" target=\"_blank\" rel=\"noopener\">[mp3]<\/a> <a href=\"https:\/\/app.box.com\/s\/f0k6sfmump3ffis6xibpsh0retcgasu5\" target=\"_blank\" rel=\"noopener\">[Ipad]<\/a> <a href=\"http:\/\/leminhphuoc.esy.es\/hoclieu\/Lop3\/Baihat\/L3_06ConchimnonforAvidScorch.htm\" target=\"_blank\" rel=\"noopener\">[Scorch]<\/a> <a href=\"https:\/\/app.box.com\/s\/gua487xd0vdmm7p8nn2ad9axxx4mp3p8\" target=\"_blank\" rel=\"noopener\">[Sheet]<\/a><\/li>\n<\/ul>\n<\/li>\n<li>L\u1edbp 4\n<ul>\n<li>Tr\u00ean ng\u1ef1a ta phi nhanh <a href=\"https:\/\/youtu.be\/rBt6CfsBc3A\" target=\"_blank\" rel=\"noopener\">[Video]<\/a> <a href=\"https:\/\/app.box.com\/s\/bsnzl9cckyo0evha6e254vktuk4wzs78\" target=\"_blank\" rel=\"noopener\">[MIDI]<\/a> <a href=\"https:\/\/app.box.com\/s\/re1qfagcpd5afcrnjvhzihq49bvrh6vi\" target=\"_blank\" rel=\"noopener\">[mp3]<\/a> <a href=\"https:\/\/app.box.com\/s\/b47eevj7l17yd6t14nmjetw7n4npdi2w\" target=\"_blank\" rel=\"noopener\">[Ipad]<\/a> <a href=\"http:\/\/leminhphuoc.esy.es\/hoclieu\/Lop4\/BaiHat\/L4_03TrennguataphinhanhforAvidScorch.htm\" target=\"_blank\" rel=\"noopener\">[Scorch]<\/a> <a href=\"https:\/\/app.box.com\/s\/qirp57a1l766lalmhf3vq01k23jfju54\" target=\"_blank\" rel=\"noopener\">[Sheet]<\/a><\/li>\n<\/ul>\n<\/li>\n<li>L\u1edbp 5\n<ul>\n<li>H\u00e3y gi\u1eef cho em b\u1ea7u tr\u1eddi xanh <a href=\"https:\/\/youtu.be\/2BxAfGezvAg\" target=\"_blank\" rel=\"noopener\">[Video]<\/a>\u00a0<a href=\"https:\/\/app.box.com\/s\/36w89xa7d8503e0gxhgkww95nfqxjahw\" target=\"_blank\" rel=\"noopener\">[MIDI]<\/a> <a href=\"https:\/\/app.box.com\/s\/w32vs3w8k7q69hlleu8zengdlwy1bark\" target=\"_blank\" rel=\"noopener\">[mp3]<\/a> <a href=\"https:\/\/app.box.com\/s\/p7fi70fswvh75durfo4sp7beu0l8oid4\" target=\"_blank\" rel=\"noopener\">[Ipad]<\/a> <a href=\"http:\/\/leminhphuoc.esy.es\/hoclieu\/Lop5\/BaiHat\/L5_02HaygiuchoembautroixanhforAvidScorch.htm\" target=\"_blank\" rel=\"noopener\">[Scorch]<\/a> <a href=\"https:\/\/app.box.com\/s\/6xwwsrf7oqxpaycar37pqj7lz6mv6icz\" target=\"_blank\" rel=\"noopener\">[Sheet]<\/a><\/li>\n<li>H\u00e1t m\u1eebng <a href=\"https:\/\/youtu.be\/Mg8PuqFAcmc\" target=\"_blank\" rel=\"noopener\">[Video]<\/a> <a href=\"https:\/\/app.box.com\/s\/zgyv2ojn0q9385bsszie6c93xuozgjme\" target=\"_blank\" rel=\"noopener\">[MIDI]<\/a> <a href=\"https:\/\/app.box.com\/s\/ec8xkiaj0fs25uxa9w3g6y72nu3uoe5g\" target=\"_blank\" rel=\"noopener\">[mp3]<\/a> <a href=\"https:\/\/app.box.com\/s\/jjm8xum30zi8d5aoba8wrl6lwjny590f\" target=\"_blank\" rel=\"noopener\">[Ipad]<\/a> <a href=\"http:\/\/leminhphuoc.esy.es\/hoclieu\/Lop5\/BaiHat\/L5_06HatmungforAvidScorch.htm\" target=\"_blank\" rel=\"noopener\">[Scorch]<\/a> <a href=\"https:\/\/app.box.com\/s\/dmraiq302otm74y7u3gelovpt6oq6yd3\" target=\"_blank\" rel=\"noopener\">[Sheet]<\/a><\/li>\n<li>M\u00e0u xanh qu\u00ea h\u01b0\u01a1ng\u00a0<a href=\"https:\/\/youtu.be\/y9IzFUKihAg\" target=\"_blank\" rel=\"noopener\">[Video]<\/a> <a href=\"https:\/\/app.box.com\/s\/mvdd96rwcf8m92oonm1chge2yv479j2h\" target=\"_blank\" rel=\"noopener\">[MIDI]<\/a> <a href=\"https:\/\/app.box.com\/s\/96ptbpcicpajg166qdkvobtnbd0rhig3\" target=\"_blank\" rel=\"noopener\">[mp3]<\/a> <a href=\"https:\/\/app.box.com\/s\/yoszw8y8650vtns0cr8acwkz5ejfun3k\" target=\"_blank\" rel=\"noopener\">[Ipad]<\/a> <a href=\"http:\/\/leminhphuoc.esy.es\/hoclieu\/Lop5\/BaiHat\/L5_08MauxanhquehuongforAvidScorch.htm\" target=\"_blank\" rel=\"noopener\">[Scorch]<\/a> <a href=\"https:\/\/app.box.com\/s\/3pp9v1vjv37c80ic6vw2moznk21vzpme\" target=\"_blank\" rel=\"noopener\">[Sheet]<\/a><\/li>\n<\/ul>\n<\/li>\n<\/ul>\n<\/li>\n<\/ol>\n","protected":false},"excerpt":{"rendered":"<p>B\u00c0I H\u00c1T GI\u1eccNG G-dur TRONG CH\u01af\u01a0NG TR\u00ccNH TI\u1ec2U H\u1eccC B\u1ed5 sung h\u1ee3p \u00e2m gi\u1ecdng G-dur B\u00e0i h\u00e1t gi\u1ecdng G-dur L\u1edbp 2 Ch\u00fac m\u1eebng sinh nh\u1eadt [&hellip;]<\/p>\n","protected":false},"author":2,"featured_media":0,"parent":1645,"menu_order":0,"comment_status":"closed","ping_status":"closed","template":"","meta":{"om_disable_all_campaigns":false,"_monsterinsights_skip_tracking":false,"_monsterinsights_sitenote_active":false,"_monsterinsights_sitenote_note":"","_monsterinsights_sitenote_category":0,"_uf_show_specific_survey":0,"_uf_disable_surveys":false,"footnotes":""},"class_list":["post-1668","page","type-page","status-publish","hentry"],"aioseo_notices":[],"_links":{"self":[{"href":"https:\/\/trochoiamnhac.com\/index.php\/wp-json\/wp\/v2\/pages\/1668","targetHints":{"allow":["GET"]}}],"collection":[{"href":"https:\/\/trochoiamnhac.com\/index.php\/wp-json\/wp\/v2\/pages"}],"about":[{"href":"https:\/\/trochoiamnhac.com\/index.php\/wp-json\/wp\/v2\/types\/page"}],"author":[{"embeddable":true,"href":"https:\/\/trochoiamnhac.com\/index.php\/wp-json\/wp\/v2\/users\/2"}],"replies":[{"embeddable":true,"href":"https:\/\/trochoiamnhac.com\/index.php\/wp-json\/wp\/v2\/comments?post=1668"}],"version-history":[{"count":3,"href":"https:\/\/trochoiamnhac.com\/index.php\/wp-json\/wp\/v2\/pages\/1668\/revisions"}],"predecessor-version":[{"id":2973,"href":"https:\/\/trochoiamnhac.com\/index.php\/wp-json\/wp\/v2\/pages\/1668\/revisions\/2973"}],"up":[{"embeddable":true,"href":"https:\/\/trochoiamnhac.com\/index.php\/wp-json\/wp\/v2\/pages\/1645"}],"wp:attachment":[{"href":"https:\/\/trochoiamnhac.com\/index.php\/wp-json\/wp\/v2\/media?parent=1668"}],"curies":[{"name":"wp","href":"https:\/\/api.w.org\/{rel}","templated":true}]}}