{"id":1666,"date":"2016-05-11T11:35:45","date_gmt":"2016-05-11T04:35:45","guid":{"rendered":"https:\/\/leminhphuoc.wordpress.com\/?page_id=1666"},"modified":"2023-09-07T12:17:45","modified_gmt":"2023-09-07T05:17:45","slug":"tiet-10","status":"publish","type":"page","link":"https:\/\/trochoiamnhac.com\/index.php\/am-nhac-pho-thong\/chuong-trinh-am-nhac-2006\/hoc-lieu-am-nhac-tieu-hoc\/dan-phim-dien-tu\/tiet-10\/","title":{"rendered":"B\u00e0i 10"},"content":{"rendered":"<p>B\u00c0I H\u00c1T GI\u1eccNG C-dur TRONG CH\u01af\u01a0NG TR\u00ccNH TI\u1ec2U H\u1eccC<\/p>\n<ol>\n<li>B\u1ed5 sung h\u1ee3p \u00e2m gi\u1ecdng C-dur <img decoding=\"async\" src=\"https:\/\/leminhphuoc.files.wordpress.com\/2016\/05\/bs-c-dur.png\" alt=\"BS C-dur\" width=\"619\" height=\"150\" \/><\/li>\n<li>B\u00e0i h\u00e1t gi\u1ecdng C-dur\n<ul>\n<li>L\u1edbp 1\n<ul>\n<li>T\u00ecm b\u1ea1n th\u00e2n <a href=\"https:\/\/youtu.be\/9ByOxdDGcq8?list=PLxs_kYWxveun5vRw9yzG_k9Q6sjh5w3V5\" target=\"_blank\" rel=\"noopener\">[Video]<\/a>\u00a0<a href=\"https:\/\/app.box.com\/s\/yleo445haqb1x398db53he7egnzm7f7t\" target=\"_blank\" rel=\"noopener\">[MIDI]<\/a>\u00a0<a href=\"https:\/\/app.box.com\/s\/u2ajof4seveydleexpqpi794jol9csq2\" target=\"_blank\" rel=\"noopener\">[mp3]<\/a>\u00a0<a href=\"https:\/\/app.box.com\/s\/7zzulasw970szqy6apl7qucju1ncwv8f\" target=\"_blank\" rel=\"noopener\">[Ipad]<\/a>\u00a0<a href=\"http:\/\/leminhphuoc.esy.es\/hoclieu\/Lop1\/Baihat\/Arr_03_TimbanthanforAvidScorch.htm\" target=\"_blank\" rel=\"noopener\">[Scorch]<\/a>\u00a0<a href=\"https:\/\/app.box.com\/s\/g4s870eoqfqf9t05mgwav16k1tpswu52\" target=\"_blank\" rel=\"noopener\">[Sheet]<\/a><\/li>\n<li>L\u00fd c\u00e2y xanh <a href=\"https:\/\/youtu.be\/uS-xOL7zvTs?list=PLxs_kYWxveun5vRw9yzG_k9Q6sjh5w3V5\" target=\"_blank\" rel=\"noopener\">[Video]<\/a>\u00a0<a href=\"https:\/\/app.box.com\/s\/ppn7on2mse6zewo39kfpako0qhso37cj\" target=\"_blank\" rel=\"noopener\">[MIDI]<\/a>\u00a0<a href=\"https:\/\/app.box.com\/s\/y5cet6qqxmorcwi2o1e11e27yt9yf4lr\" target=\"_blank\" rel=\"noopener\">[mp3]<\/a>\u00a0<a href=\"https:\/\/app.box.com\/s\/wv1siam0c41bu7qq2b7v7w88nth5ip2h\" target=\"_blank\" rel=\"noopener\">[Ipad]<\/a>\u00a0<a href=\"http:\/\/leminhphuoc.esy.es\/hoclieu\/Lop1\/Baihat\/Arr_04_LicayxanhforAvidScorch.htm\" target=\"_blank\" rel=\"noopener\">[Scorch]<\/a>\u00a0<a href=\"https:\/\/app.box.com\/s\/hjmkkyd3y3uwdojet2p7w4d9192tf2w4\" target=\"_blank\" rel=\"noopener\">[Sheet]<\/a><\/li>\n<li>S\u1eafp \u0111\u1ebfn T\u1ebft r\u1ed3i <a href=\"https:\/\/youtu.be\/sMOsG7jl3Yo?list=PLxs_kYWxveun5vRw9yzG_k9Q6sjh5w3V5\" target=\"_blank\" rel=\"noopener\">[Video]<\/a>\u00a0<a href=\"https:\/\/app.box.com\/s\/7f1ui2g027v2tsxi0ggawm9chthrwuaz\" target=\"_blank\" rel=\"noopener\">[MIDI]<\/a>\u00a0<a href=\"https:\/\/app.box.com\/s\/yndlcz4mrwt283pqj1oj4peopqzdp82l\" target=\"_blank\" rel=\"noopener\">[mp3]<\/a>\u00a0<a href=\"https:\/\/app.box.com\/s\/ekz25bfwc47t44vlvayrg640gs61mttw\" target=\"_blank\" rel=\"noopener\">[Ipad]<\/a>\u00a0<a href=\"http:\/\/leminhphuoc.esy.es\/hoclieu\/Lop1\/Baihat\/Arr_06_SapdentetroiforAvidScorch.htm\" target=\"_blank\" rel=\"noopener\">[Scorch]<\/a>\u00a0<a href=\"https:\/\/app.box.com\/s\/nr5swpkivbwt1ocsvki3i6l5a4rept25\" target=\"_blank\" rel=\"noopener\">[Sheet]<\/a><\/li>\n<li>B\u1ea7u tr\u1eddi xanh <a href=\"https:\/\/youtu.be\/VEcufMX2qPY?list=PLxs_kYWxveun5vRw9yzG_k9Q6sjh5w3V5\" target=\"_blank\" rel=\"noopener\">[Video]<\/a>\u00a0<a href=\"https:\/\/app.box.com\/s\/9dhxsm7ohhhzq5zbqmnnw727f1xkvym2\" target=\"_blank\" rel=\"noopener\">[MIDI]<\/a>\u00a0<a href=\"https:\/\/app.box.com\/s\/pmxqyhg5li503rbb1i7it7xx626b8pr4\" target=\"_blank\" rel=\"noopener\">[mp3]<\/a>\u00a0<a href=\"https:\/\/app.box.com\/s\/8ahlce9oo2ocrqfc9fdt8uwip1xue84u\" target=\"_blank\" rel=\"noopener\">[Ipad]<\/a>\u00a0<a href=\"http:\/\/leminhphuoc.esy.es\/hoclieu\/Lop1\/Baihat\/Arr_07_BautroixanhforAvidScorch.htm\" target=\"_blank\" rel=\"noopener\">[Scorch]<\/a>\u00a0<a href=\"https:\/\/app.box.com\/s\/g0ad1fayvx35aygmq7elwnvcte9o8e1c\" target=\"_blank\" rel=\"noopener\">[Sheet]<\/a><\/li>\n<li>N\u0103m ng\u00f3n tay ngoan <a href=\"https:\/\/youtu.be\/P4tH3x2V3bk?list=PLxs_kYWxveun5vRw9yzG_k9Q6sjh5w3V5\" target=\"_blank\" rel=\"noopener\">[Video]<\/a>\u00a0<a href=\"https:\/\/app.box.com\/s\/0xg60v2iyjx1yp55da70wv6iqf9ujb1f\" target=\"_blank\" rel=\"noopener\">[MIDI]<\/a>\u00a0<a href=\"https:\/\/app.box.com\/s\/nix4awafuuczwj6nw4srrh6d2ubppecy\" target=\"_blank\" rel=\"noopener\">[mp3]<\/a>\u00a0<a href=\"https:\/\/app.box.com\/s\/z9gc0i6tfa2eo7wrwmt7815e1gctk50m\" target=\"_blank\" rel=\"noopener\">[Ipad]<\/a>\u00a0<a href=\"http:\/\/leminhphuoc.esy.es\/hoclieu\/Lop1\/Baihat\/Arr_12_NamngontayngoanforAvidScorch.htm\" target=\"_blank\" rel=\"noopener\">[Scorch]<\/a>\u00a0<a href=\"https:\/\/app.box.com\/s\/ctpnpshwyzziymcuxkmcjxur7z3oz87m\" target=\"_blank\" rel=\"noopener\">[Sheet]<\/a><\/li>\n<\/ul>\n<\/li>\n<li>L\u1edbp 2\n<ul>\n<li>Th\u1eadt l\u00e0 hay\u00a0<a href=\"https:\/\/youtu.be\/XA5XDzrZOq8\" target=\"_blank\" rel=\"noopener\">[Video]<\/a>\u00a0<a href=\"https:\/\/app.box.com\/s\/rgdu81xorbe85xmrv9vvirlks2quqcb6\" target=\"_blank\" rel=\"noopener\">[MIDI]<\/a>\u00a0<a href=\"https:\/\/app.box.com\/s\/tehgf4kn4xhqwfj9zmzm6vzkbj4czbk8\" target=\"_blank\" rel=\"noopener\">[mp3]<\/a>\u00a0<a href=\"https:\/\/app.box.com\/s\/y06k57fhhp8ya81nheenfeyf7z4k5hwk\" target=\"_blank\" rel=\"noopener\">[Ipad]<\/a>\u00a0<a href=\"http:\/\/leminhphuoc.esy.es\/hoclieu\/Lop2\/Baihat\/L2_01ThatlahayforAvidScorch.htm\" target=\"_blank\" rel=\"noopener\">[Scorch]<\/a>\u00a0<a href=\"https:\/\/app.box.com\/s\/m5gzsp6q3guiyzikj2fened1pl0dgywn\" target=\"_blank\" rel=\"noopener\">[Sheet]<\/a><\/li>\n<li>C\u1ed9c c\u00e1ch t\u00f9ng cheng <a href=\"https:\/\/youtu.be\/qUvfUcDAMfk\" target=\"_blank\" rel=\"noopener\">[Video]<\/a>\u00a0<a href=\"https:\/\/app.box.com\/s\/lwwdbeywvojoqsfro9wl30s6i9vxscx0\" target=\"_blank\" rel=\"noopener\">[MIDI]<\/a> <a href=\"https:\/\/app.box.com\/s\/xsa7aqbxgnm367jhxj4qv8xpp6masw64\" target=\"_blank\" rel=\"noopener\">[mp3]<\/a> <a href=\"https:\/\/app.box.com\/s\/auelf2fwo0vgvxrx1odadfva153blmdq\" target=\"_blank\" rel=\"noopener\">[Ipad]<\/a> <a href=\"http:\/\/leminhphuoc.esy.es\/hoclieu\/Lop2\/Baihat\/L2_05Coccachtungcheng.htm\" target=\"_blank\" rel=\"noopener\">[Scorch]<\/a>\u00a0<a href=\"https:\/\/app.box.com\/s\/jjw4ei7xc8eq7nfmz0m9llgucre2wjxz\" target=\"_blank\" rel=\"noopener\">[Sheet]<\/a><\/li>\n<li>Hoa l\u00e1 m\u00f9a xu\u00e2n <a href=\"https:\/\/youtu.be\/F0Kh66cyoJE\" target=\"_blank\" rel=\"noopener\">[Video]<\/a> <a href=\"https:\/\/app.box.com\/s\/h42fhjlihjdr31k7txaatanc6xpwj478\" target=\"_blank\" rel=\"noopener\">[MIDI]<\/a> <a href=\"https:\/\/app.box.com\/s\/ihxap2v2lt3qbzfyp5grmtrkuewexz00\" target=\"_blank\" rel=\"noopener\">[mp3]<\/a> <a href=\"https:\/\/app.box.com\/s\/sn3np5j8jvi4l90c3rtpqsyo7mflal73\" target=\"_blank\" rel=\"noopener\">[Ipad]<\/a> <a href=\"http:\/\/leminhphuoc.esy.es\/hoclieu\/Lop2\/Baihat\/L2_08HoalamuaxuanforAvidScorch.htm\" target=\"_blank\" rel=\"noopener\">[Scorch]<\/a> <a href=\"https:\/\/app.box.com\/s\/trmstgrwwc1bncmjcrpvne0hj7hcyn7h\" target=\"_blank\" rel=\"noopener\">[Sheet]<\/a><\/li>\n<li>Chim ch\u00edch b\u00f4ng <a href=\"https:\/\/youtu.be\/xTTLpLGBGvo?list=PLxs_kYWxveumF9be2kXKQrQoDZLIOe7wO\" target=\"_blank\" rel=\"noopener\">[Video]<\/a> <a href=\"https:\/\/app.box.com\/s\/88jruv7bz3w943e6ne5ouhgfc25kn7a5\" target=\"_blank\" rel=\"noopener\">[MIDI]<\/a> <a href=\"https:\/\/app.box.com\/s\/kyjav1se3wgaedmj7f5kxhjudt32uvju\" target=\"_blank\" rel=\"noopener\">[mp3]<\/a> <a href=\"https:\/\/app.box.com\/s\/bwahd2pj7dow1r298j558hrsz9dbh0qh\" target=\"_blank\" rel=\"noopener\">[Ipad]<\/a> <a href=\"http:\/\/leminhphuoc.esy.es\/hoclieu\/Lop2\/Baihat\/L2_10ChimchichbongforAvidScorch.htm\" target=\"_blank\" rel=\"noopener\">[Scorch]<\/a> <a href=\"https:\/\/app.box.com\/s\/z6c8sq1a6jx5x4uxa4hn3uzbuue3v11o\" target=\"_blank\" rel=\"noopener\">[Sheet]<\/a><\/li>\n<\/ul>\n<\/li>\n<li>L\u1edbp 3\n<ul>\n<li>Em y\u00eau tr\u01b0\u1eddng em <a href=\"https:\/\/youtu.be\/POVTGthrqcA\" target=\"_blank\" rel=\"noopener\">[Video]<\/a> <a href=\"https:\/\/app.box.com\/s\/pmossp51zw22w262xi894o0rri8waece\" target=\"_blank\" rel=\"noopener\">[MIDI]<\/a> <a href=\"https:\/\/app.box.com\/s\/womewghj3z8o6u9bvuxdstawgz72bkxu\" target=\"_blank\" rel=\"noopener\">[mp3]<\/a> <a href=\"https:\/\/app.box.com\/s\/zsdhxr3cqfp991apmgqdx57creiknydo\" target=\"_blank\" rel=\"noopener\">[Ipad]<\/a> <a href=\"http:\/\/leminhphuoc.esy.es\/hoclieu\/Lop3\/Baihat\/L3_08EmyeutruongemforAvidScorch.htm\" target=\"_blank\" rel=\"noopener\">[Scorch]<\/a> <a href=\"https:\/\/app.box.com\/s\/nkplto284m46h5de39r7yb1e5klczo1v\" target=\"_blank\" rel=\"noopener\">[Sheet]<\/a><\/li>\n<\/ul>\n<\/li>\n<li>L\u1edbp 4\n<ul>\n<li>B\u1ea1n \u01a1i l\u1eafng nghe <a href=\"https:\/\/youtu.be\/OFhzYF1V7SI\" target=\"_blank\" rel=\"noopener\">[Video]<\/a> <a href=\"https:\/\/app.box.com\/s\/c6cbr4k0exk2d0avdqcqufqp2msrolvv\" target=\"_blank\" rel=\"noopener\">[MIDI]<\/a> <a href=\"https:\/\/app.box.com\/s\/z9xuyue4l3pw215d824ww3h7c61htjii\" target=\"_blank\" rel=\"noopener\">[mp3]<\/a> <a href=\"https:\/\/app.box.com\/s\/k31nwt3haz7ct5eflkwg2dlyrpwhez0m\" target=\"_blank\" rel=\"noopener\">[Ipad]<\/a> <a href=\"http:\/\/leminhphuoc.esy.es\/hoclieu\/Lop4\/BaiHat\/L4_02BanoilangngheforAvidScorch.htm\" target=\"_blank\" rel=\"noopener\">[Scorch]<\/a> <a href=\"https:\/\/app.box.com\/s\/ea4ytw4imj1bpczykzx2g7b4z3sfpqfn\" target=\"_blank\" rel=\"noopener\">[Sheet]<\/a><\/li>\n<li>Kh\u0103n qu\u00e0ng th\u1eafm m\u00e3i vai em <a href=\"https:\/\/youtu.be\/jYUWKf34grw\" target=\"_blank\" rel=\"noopener\">[Video]<\/a> <a href=\"https:\/\/app.box.com\/s\/7hug5e4q8gsu11v9chubul3cs62wgifi\" target=\"_blank\" rel=\"noopener\">[MIDI]<\/a> <a href=\"https:\/\/app.box.com\/s\/jirs9m57fd8zmc7bzkfch75rz5hzboft\" target=\"_blank\" rel=\"noopener\">[mp3]<\/a> <a href=\"https:\/\/app.box.com\/s\/z4pa6j7eh250274w0k2oityadeh4urja\" target=\"_blank\" rel=\"noopener\">[Ipad]<\/a> <a href=\"http:\/\/leminhphuoc.esy.es\/hoclieu\/Lop4\/BaiHat\/L4_04KhanquangthammaivaiemforAvidScorch.htm\" target=\"_blank\" rel=\"noopener\">[Scorch]<\/a> <a href=\"https:\/\/app.box.com\/s\/dd6x9ovi5k95mgjpbl2ag9q0o0cid2k7\" target=\"_blank\" rel=\"noopener\">[Sheet]<\/a><\/li>\n<\/ul>\n<\/li>\n<li>L\u1edbp 5\n<ul>\n<li>Nh\u1eefng b\u00f4ng hoa nh\u1eefng\u00a0b\u00e0i ca\u00a0<a href=\"https:\/\/youtu.be\/cOyWE3S1Czg\" target=\"_blank\" rel=\"noopener\">[Video]<\/a> <a href=\"https:\/\/app.box.com\/s\/8eglp6mrn0gfayqekwt0uaevo7zxz9za\" target=\"_blank\" rel=\"noopener\">[MIDI]<\/a> <a href=\"https:\/\/app.box.com\/s\/0aek45zhui408cmxemu1kdz1fmktkmo6\" target=\"_blank\" rel=\"noopener\">[mp3]<\/a> <a href=\"https:\/\/app.box.com\/s\/eek0yq25k5coeubiq0qenuu3fgkjql6j\" target=\"_blank\" rel=\"noopener\">[Ipad]<\/a> <a href=\"http:\/\/leminhphuoc.esy.es\/hoclieu\/Lop5\/BaiHat\/L5_04NhungbonghoanhungbaicaforAvidScorch.htm\" target=\"_blank\" rel=\"noopener\">[Scorch]<\/a> <a href=\"https:\/\/app.box.com\/s\/fly905l07gpnrckbp0cnzz42549752kz\" target=\"_blank\" rel=\"noopener\">[Sheet]<\/a><\/li>\n<li>Em v\u1eabn nh\u1edb tr\u01b0\u1eddng x\u01b0a <a href=\"https:\/\/youtu.be\/RSZQKuqwyb8\" target=\"_blank\" rel=\"noopener\">[Video]<\/a>\u00a0<a href=\"https:\/\/app.box.com\/s\/5mg14td1fwhed2cbzgl0njqscnxisbqd\" target=\"_blank\" rel=\"noopener\">[MIDI]<\/a> <a href=\"https:\/\/app.box.com\/s\/k8ou5msuf9f2bvnp4wumy2fn7wsxdcnj\" target=\"_blank\" rel=\"noopener\">[mp3]<\/a> <a href=\"https:\/\/app.box.com\/s\/mtsejlirxc31t1xik5tq902pabaowmn7\" target=\"_blank\" rel=\"noopener\">[Ipad]<\/a> <a href=\"http:\/\/leminhphuoc.esy.es\/hoclieu\/Lop5\/BaiHat\/L5_09EmvannhotruongxuaforAvidScorch.htm\" target=\"_blank\" rel=\"noopener\">[Scorch]<\/a> <a href=\"https:\/\/app.box.com\/s\/9r2s484vjx99fmswqumtm07i49xcw7j3\" target=\"_blank\" rel=\"noopener\">[Sheet]<\/a><\/li>\n<\/ul>\n<\/li>\n<\/ul>\n<\/li>\n<\/ol>\n","protected":false},"excerpt":{"rendered":"<p>B\u00c0I H\u00c1T GI\u1eccNG C-dur TRONG CH\u01af\u01a0NG TR\u00ccNH TI\u1ec2U H\u1eccC B\u1ed5 sung h\u1ee3p \u00e2m gi\u1ecdng C-dur B\u00e0i h\u00e1t gi\u1ecdng C-dur L\u1edbp 1 T\u00ecm b\u1ea1n th\u00e2n [Video]\u00a0[MIDI]\u00a0[mp3]\u00a0[Ipad]\u00a0[Scorch]\u00a0[Sheet] [&hellip;]<\/p>\n","protected":false},"author":2,"featured_media":0,"parent":1645,"menu_order":0,"comment_status":"closed","ping_status":"closed","template":"","meta":{"om_disable_all_campaigns":false,"_monsterinsights_skip_tracking":false,"_monsterinsights_sitenote_active":false,"_monsterinsights_sitenote_note":"","_monsterinsights_sitenote_category":0,"_uf_show_specific_survey":0,"_uf_disable_surveys":false,"footnotes":""},"class_list":["post-1666","page","type-page","status-publish","hentry"],"aioseo_notices":[],"_links":{"self":[{"href":"https:\/\/trochoiamnhac.com\/index.php\/wp-json\/wp\/v2\/pages\/1666","targetHints":{"allow":["GET"]}}],"collection":[{"href":"https:\/\/trochoiamnhac.com\/index.php\/wp-json\/wp\/v2\/pages"}],"about":[{"href":"https:\/\/trochoiamnhac.com\/index.php\/wp-json\/wp\/v2\/types\/page"}],"author":[{"embeddable":true,"href":"https:\/\/trochoiamnhac.com\/index.php\/wp-json\/wp\/v2\/users\/2"}],"replies":[{"embeddable":true,"href":"https:\/\/trochoiamnhac.com\/index.php\/wp-json\/wp\/v2\/comments?post=1666"}],"version-history":[{"count":3,"href":"https:\/\/trochoiamnhac.com\/index.php\/wp-json\/wp\/v2\/pages\/1666\/revisions"}],"predecessor-version":[{"id":2972,"href":"https:\/\/trochoiamnhac.com\/index.php\/wp-json\/wp\/v2\/pages\/1666\/revisions\/2972"}],"up":[{"embeddable":true,"href":"https:\/\/trochoiamnhac.com\/index.php\/wp-json\/wp\/v2\/pages\/1645"}],"wp:attachment":[{"href":"https:\/\/trochoiamnhac.com\/index.php\/wp-json\/wp\/v2\/media?parent=1666"}],"curies":[{"name":"wp","href":"https:\/\/api.w.org\/{rel}","templated":true}]}}