{"id":1662,"date":"2016-05-11T11:35:04","date_gmt":"2016-05-11T04:35:04","guid":{"rendered":"https:\/\/leminhphuoc.wordpress.com\/?page_id=1662"},"modified":"2023-09-07T12:14:32","modified_gmt":"2023-09-07T05:14:32","slug":"tiet-8","status":"publish","type":"page","link":"https:\/\/trochoiamnhac.com\/index.php\/am-nhac-pho-thong\/chuong-trinh-am-nhac-2006\/hoc-lieu-am-nhac-tieu-hoc\/dan-phim-dien-tu\/tiet-8\/","title":{"rendered":"B\u00e0i 8"},"content":{"rendered":"<pre>T\u1eadp h\u00e1t v\u00e0 \u0111\u1ed9c t\u1ea5u v\u1edbi ph\u1ea7n \u0111\u1ec7m t\u1ef1 \u0111\u1ed9ng<\/pre>\n<p>\u0110\u1ebfm sao <a href=\"https:\/\/youtu.be\/Y3hQ9YIcxRA\" target=\"_blank\" rel=\"noopener\">[Video]<\/a> <a href=\"https:\/\/app.box.com\/s\/axlbwt7klw06hk0czxedpwdpvyks4y5q\" target=\"_blank\" rel=\"noopener\">[Sheet]<\/a> <img decoding=\"async\" class=\"alignnone size-full wp-image-1743\" src=\"https:\/\/leminhphuoc.files.wordpress.com\/2016\/05\/demsao.png\" alt=\"DemSao\" width=\"4536\" height=\"2473\" \/><\/p>\n<p>G\u00e0 g\u00e1y <a href=\"https:\/\/youtu.be\/UvgS-zBPihE\" target=\"_blank\" rel=\"noopener\">[Video]<\/a> <a href=\"https:\/\/app.box.com\/s\/eoautp2q6iv5w1t0mpf57alfib5qv3ot\" target=\"_blank\" rel=\"noopener\">[Sheet]<\/a> <img decoding=\"async\" class=\"alignnone size-full wp-image-1744\" src=\"https:\/\/leminhphuoc.files.wordpress.com\/2016\/05\/gagay.png\" alt=\"GaGay\" width=\"4328\" height=\"2784\" \/><\/p>\n\n\n<figure class=\"wp-block-embed is-type-video is-provider-youtube wp-block-embed-youtube wp-embed-aspect-16-9 wp-has-aspect-ratio\"><div class=\"wp-block-embed__wrapper\">\n<iframe title=\"DemSao Dan\" width=\"640\" height=\"360\" src=\"https:\/\/www.youtube.com\/embed\/Y3hQ9YIcxRA?feature=oembed\" frameborder=\"0\" allow=\"accelerometer; autoplay; clipboard-write; encrypted-media; gyroscope; picture-in-picture; web-share\" referrerpolicy=\"strict-origin-when-cross-origin\" allowfullscreen><\/iframe>\n<\/div><\/figure>\n\n\n\n<figure class=\"wp-block-embed is-type-video is-provider-youtube wp-block-embed-youtube wp-embed-aspect-16-9 wp-has-aspect-ratio\"><div class=\"wp-block-embed__wrapper\">\n<iframe title=\"GaGay Dan\" width=\"640\" height=\"360\" src=\"https:\/\/www.youtube.com\/embed\/UvgS-zBPihE?feature=oembed\" frameborder=\"0\" allow=\"accelerometer; autoplay; clipboard-write; encrypted-media; gyroscope; picture-in-picture; web-share\" referrerpolicy=\"strict-origin-when-cross-origin\" allowfullscreen><\/iframe>\n<\/div><\/figure>\n","protected":false},"excerpt":{"rendered":"<p>T\u1eadp h\u00e1t v\u00e0 \u0111\u1ed9c t\u1ea5u v\u1edbi ph\u1ea7n \u0111\u1ec7m t\u1ef1 \u0111\u1ed9ng \u0110\u1ebfm sao [Video] [Sheet] G\u00e0 g\u00e1y [Video] [Sheet]<\/p>\n","protected":false},"author":2,"featured_media":0,"parent":1645,"menu_order":0,"comment_status":"closed","ping_status":"closed","template":"","meta":{"om_disable_all_campaigns":false,"_monsterinsights_skip_tracking":false,"_monsterinsights_sitenote_active":false,"_monsterinsights_sitenote_note":"","_monsterinsights_sitenote_category":0,"_uf_show_specific_survey":0,"_uf_disable_surveys":false,"footnotes":""},"class_list":["post-1662","page","type-page","status-publish","hentry"],"aioseo_notices":[],"_links":{"self":[{"href":"https:\/\/trochoiamnhac.com\/index.php\/wp-json\/wp\/v2\/pages\/1662","targetHints":{"allow":["GET"]}}],"collection":[{"href":"https:\/\/trochoiamnhac.com\/index.php\/wp-json\/wp\/v2\/pages"}],"about":[{"href":"https:\/\/trochoiamnhac.com\/index.php\/wp-json\/wp\/v2\/types\/page"}],"author":[{"embeddable":true,"href":"https:\/\/trochoiamnhac.com\/index.php\/wp-json\/wp\/v2\/users\/2"}],"replies":[{"embeddable":true,"href":"https:\/\/trochoiamnhac.com\/index.php\/wp-json\/wp\/v2\/comments?post=1662"}],"version-history":[{"count":3,"href":"https:\/\/trochoiamnhac.com\/index.php\/wp-json\/wp\/v2\/pages\/1662\/revisions"}],"predecessor-version":[{"id":2970,"href":"https:\/\/trochoiamnhac.com\/index.php\/wp-json\/wp\/v2\/pages\/1662\/revisions\/2970"}],"up":[{"embeddable":true,"href":"https:\/\/trochoiamnhac.com\/index.php\/wp-json\/wp\/v2\/pages\/1645"}],"wp:attachment":[{"href":"https:\/\/trochoiamnhac.com\/index.php\/wp-json\/wp\/v2\/media?parent=1662"}],"curies":[{"name":"wp","href":"https:\/\/api.w.org\/{rel}","templated":true}]}}