{"id":1654,"date":"2016-05-11T11:33:50","date_gmt":"2016-05-11T04:33:50","guid":{"rendered":"https:\/\/leminhphuoc.wordpress.com\/?page_id=1654"},"modified":"2023-09-07T12:11:41","modified_gmt":"2023-09-07T05:11:41","slug":"tiet-4","status":"publish","type":"page","link":"https:\/\/trochoiamnhac.com\/index.php\/am-nhac-pho-thong\/chuong-trinh-am-nhac-2006\/hoc-lieu-am-nhac-tieu-hoc\/dan-phim-dien-tu\/tiet-4\/","title":{"rendered":"B\u00e0i 4"},"content":{"rendered":"<ol>\n<li>T\u1eadp x\u1ebfp th\u1ebf ng\u00f3n\u00a0tay ph\u1ea3i\n<ul>\n<li>M\u00faa vui\n<ul>\n<li>Th\u1ebf tay 1 <img decoding=\"async\" class=\"alignnone size-full wp-image-1720\" src=\"https:\/\/leminhphuoc.files.wordpress.com\/2016\/05\/muavuitt1.png\" alt=\"MuaVui(tt1)\" width=\"1400\" height=\"484\" \/><\/li>\n<li>Th\u1ebf tay 2 <img decoding=\"async\" class=\"alignnone size-full wp-image-1721\" src=\"https:\/\/leminhphuoc.files.wordpress.com\/2016\/05\/muavuitt2.png\" alt=\"MuaVui(tt2)\" width=\"1408\" height=\"448\" \/><\/li>\n<\/ul>\n<\/li>\n<li>H\u00f2a b\u00ecnh cho b\u00e9\n<ul>\n<li>Th\u1ebf tay 1 <img decoding=\"async\" class=\"alignnone size-full wp-image-1722\" src=\"https:\/\/leminhphuoc.files.wordpress.com\/2016\/05\/hoabinhchobett1.png\" alt=\"HoaBinhChoBe(tt1)\" width=\"1376\" height=\"443\" \/><\/li>\n<li>Th\u1ebf tay 2 <img decoding=\"async\" class=\"alignnone size-full wp-image-1723\" src=\"https:\/\/leminhphuoc.files.wordpress.com\/2016\/05\/hoabinhchobett2.png\" alt=\"HoaBinhChoBe(tt2)\" width=\"1400\" height=\"443\" \/><\/li>\n<\/ul>\n<\/li>\n<\/ul>\n<\/li>\n<li>\u1ee8ng d\u1ee5ng \u0111\u1ed9c t\u1ea5u\n<ul>\n<li>M\u00faa vui <a href=\"https:\/\/youtu.be\/OMy6mOxqSuM\" target=\"_blank\" rel=\"noopener\">[Video]<\/a> <a href=\"https:\/\/app.box.com\/s\/2oqf9qnq02em3ni00raosqwtdyeb4tzu\" target=\"_blank\" rel=\"noopener\">[Sheet]<\/a>\u00a0<\/li>\n<li>H\u00f2a b\u00ecnh cho b\u00e9 <a href=\"https:\/\/youtu.be\/Ab0H_tRBA-I\" target=\"_blank\" rel=\"noopener\">[Video]<\/a> <a href=\"https:\/\/app.box.com\/s\/4842ixawy2f1kgam69ziim4qm9pofctx\" target=\"_blank\" rel=\"noopener\">[Sheet]<\/a>\u00a0<\/li>\n<\/ul>\n<\/li>\n<\/ol>\n\n\n<figure class=\"wp-block-embed is-type-video is-provider-youtube wp-block-embed-youtube wp-embed-aspect-16-9 wp-has-aspect-ratio\"><div class=\"wp-block-embed__wrapper\">\n<iframe title=\"MuaVui Dan\" width=\"640\" height=\"360\" src=\"https:\/\/www.youtube.com\/embed\/OMy6mOxqSuM?feature=oembed\" frameborder=\"0\" allow=\"accelerometer; autoplay; clipboard-write; encrypted-media; gyroscope; picture-in-picture; web-share\" referrerpolicy=\"strict-origin-when-cross-origin\" allowfullscreen><\/iframe>\n<\/div><\/figure>\n\n\n\n<figure class=\"wp-block-embed is-type-video is-provider-youtube wp-block-embed-youtube wp-embed-aspect-16-9 wp-has-aspect-ratio\"><div class=\"wp-block-embed__wrapper\">\n<iframe title=\"HoaBinhChoBe Dan\" width=\"640\" height=\"360\" src=\"https:\/\/www.youtube.com\/embed\/Ab0H_tRBA-I?feature=oembed\" frameborder=\"0\" allow=\"accelerometer; autoplay; clipboard-write; encrypted-media; gyroscope; picture-in-picture; web-share\" referrerpolicy=\"strict-origin-when-cross-origin\" allowfullscreen><\/iframe>\n<\/div><\/figure>\n","protected":false},"excerpt":{"rendered":"<p>T\u1eadp x\u1ebfp th\u1ebf ng\u00f3n\u00a0tay ph\u1ea3i M\u00faa vui Th\u1ebf tay 1 Th\u1ebf tay 2 H\u00f2a b\u00ecnh cho b\u00e9 Th\u1ebf tay 1 Th\u1ebf tay 2 \u1ee8ng d\u1ee5ng [&hellip;]<\/p>\n","protected":false},"author":2,"featured_media":0,"parent":1645,"menu_order":0,"comment_status":"closed","ping_status":"closed","template":"","meta":{"om_disable_all_campaigns":false,"_monsterinsights_skip_tracking":false,"_monsterinsights_sitenote_active":false,"_monsterinsights_sitenote_note":"","_monsterinsights_sitenote_category":0,"_uf_show_specific_survey":0,"_uf_disable_surveys":false,"footnotes":""},"class_list":["post-1654","page","type-page","status-publish","hentry"],"aioseo_notices":[],"_links":{"self":[{"href":"https:\/\/trochoiamnhac.com\/index.php\/wp-json\/wp\/v2\/pages\/1654","targetHints":{"allow":["GET"]}}],"collection":[{"href":"https:\/\/trochoiamnhac.com\/index.php\/wp-json\/wp\/v2\/pages"}],"about":[{"href":"https:\/\/trochoiamnhac.com\/index.php\/wp-json\/wp\/v2\/types\/page"}],"author":[{"embeddable":true,"href":"https:\/\/trochoiamnhac.com\/index.php\/wp-json\/wp\/v2\/users\/2"}],"replies":[{"embeddable":true,"href":"https:\/\/trochoiamnhac.com\/index.php\/wp-json\/wp\/v2\/comments?post=1654"}],"version-history":[{"count":3,"href":"https:\/\/trochoiamnhac.com\/index.php\/wp-json\/wp\/v2\/pages\/1654\/revisions"}],"predecessor-version":[{"id":2966,"href":"https:\/\/trochoiamnhac.com\/index.php\/wp-json\/wp\/v2\/pages\/1654\/revisions\/2966"}],"up":[{"embeddable":true,"href":"https:\/\/trochoiamnhac.com\/index.php\/wp-json\/wp\/v2\/pages\/1645"}],"wp:attachment":[{"href":"https:\/\/trochoiamnhac.com\/index.php\/wp-json\/wp\/v2\/media?parent=1654"}],"curies":[{"name":"wp","href":"https:\/\/api.w.org\/{rel}","templated":true}]}}