{"id":1648,"date":"2016-05-11T11:32:24","date_gmt":"2016-05-11T04:32:24","guid":{"rendered":"https:\/\/leminhphuoc.wordpress.com\/?page_id=1648"},"modified":"2023-09-07T12:06:24","modified_gmt":"2023-09-07T05:06:24","slug":"tiet-1","status":"publish","type":"page","link":"https:\/\/trochoiamnhac.com\/index.php\/am-nhac-pho-thong\/chuong-trinh-am-nhac-2006\/hoc-lieu-am-nhac-tieu-hoc\/dan-phim-dien-tu\/tiet-1\/","title":{"rendered":"B\u00e0i 1"},"content":{"rendered":"<ol>\n<li>N\u1ed1t tr\u00ean ph\u00edm \u0111\u00e0n<img decoding=\"async\" class=\"alignnone size-full wp-image-1701\" src=\"https:\/\/leminhphuoc.files.wordpress.com\/2016\/05\/ban-phim.png\" alt=\"Ban phim\" width=\"1120\" height=\"207\" \/><\/li>\n<li>Quy \u0111\u1ecbnh s\u1ed1 ng\u00f3n tay<img decoding=\"async\" class=\"alignnone size-full wp-image-1702\" src=\"https:\/\/leminhphuoc.files.wordpress.com\/2016\/05\/quy-dinh-ngon-tay.png\" alt=\"Quy dinh ngon tay\" width=\"942\" height=\"536\" \/><\/li>\n<li>B\u00e0i t\u1eadp Luy\u1ec7n ng\u00f3n <a href=\"https:\/\/youtu.be\/g6yoOQelBPQ\" target=\"_blank\" rel=\"noopener\">[Video]<\/a>\u00a0<a href=\"https:\/\/app.box.com\/s\/qaotzqxgx8qafc17sixkjn051het7fmw\" target=\"_blank\" rel=\"noopener\">[Sheet]<\/a>\u00a0<\/li>\n<\/ol>\n\n\n<figure class=\"wp-block-embed is-type-video is-provider-youtube wp-block-embed-youtube wp-embed-aspect-16-9 wp-has-aspect-ratio\"><div class=\"wp-block-embed__wrapper\">\n<iframe title=\"LuyenNgon01\" width=\"640\" height=\"360\" src=\"https:\/\/www.youtube.com\/embed\/g6yoOQelBPQ?feature=oembed\" frameborder=\"0\" allow=\"accelerometer; autoplay; clipboard-write; encrypted-media; gyroscope; picture-in-picture; web-share\" referrerpolicy=\"strict-origin-when-cross-origin\" allowfullscreen><\/iframe>\n<\/div><\/figure>\n\n\n\n<figure class=\"wp-block-image size-large\"><img decoding=\"async\" width=\"824\" height=\"1024\" src=\"https:\/\/trochoiamnhac.com\/wp-content\/uploads\/2023\/08\/Luyen-ngon-1-1-824x1024.png\" alt=\"\" class=\"wp-image-2122\" srcset=\"https:\/\/trochoiamnhac.com\/wp-content\/uploads\/2023\/08\/Luyen-ngon-1-1-824x1024.png 824w, https:\/\/trochoiamnhac.com\/wp-content\/uploads\/2023\/08\/Luyen-ngon-1-1-242x300.png 242w, https:\/\/trochoiamnhac.com\/wp-content\/uploads\/2023\/08\/Luyen-ngon-1-1-768x954.png 768w, https:\/\/trochoiamnhac.com\/wp-content\/uploads\/2023\/08\/Luyen-ngon-1-1-1237x1536.png 1237w, https:\/\/trochoiamnhac.com\/wp-content\/uploads\/2023\/08\/Luyen-ngon-1-1-1649x2048.png 1649w\" sizes=\"(max-width: 824px) 100vw, 824px\" \/><\/figure>\n","protected":false},"excerpt":{"rendered":"<p>N\u1ed1t tr\u00ean ph\u00edm \u0111\u00e0n Quy \u0111\u1ecbnh s\u1ed1 ng\u00f3n tay B\u00e0i t\u1eadp Luy\u1ec7n ng\u00f3n [Video]\u00a0[Sheet]\u00a0<\/p>\n","protected":false},"author":2,"featured_media":0,"parent":1645,"menu_order":0,"comment_status":"closed","ping_status":"closed","template":"","meta":{"om_disable_all_campaigns":false,"_monsterinsights_skip_tracking":false,"_monsterinsights_sitenote_active":false,"_monsterinsights_sitenote_note":"","_monsterinsights_sitenote_category":0,"_uf_show_specific_survey":0,"_uf_disable_surveys":false,"footnotes":""},"class_list":["post-1648","page","type-page","status-publish","hentry"],"aioseo_notices":[],"_links":{"self":[{"href":"https:\/\/trochoiamnhac.com\/index.php\/wp-json\/wp\/v2\/pages\/1648","targetHints":{"allow":["GET"]}}],"collection":[{"href":"https:\/\/trochoiamnhac.com\/index.php\/wp-json\/wp\/v2\/pages"}],"about":[{"href":"https:\/\/trochoiamnhac.com\/index.php\/wp-json\/wp\/v2\/types\/page"}],"author":[{"embeddable":true,"href":"https:\/\/trochoiamnhac.com\/index.php\/wp-json\/wp\/v2\/users\/2"}],"replies":[{"embeddable":true,"href":"https:\/\/trochoiamnhac.com\/index.php\/wp-json\/wp\/v2\/comments?post=1648"}],"version-history":[{"count":8,"href":"https:\/\/trochoiamnhac.com\/index.php\/wp-json\/wp\/v2\/pages\/1648\/revisions"}],"predecessor-version":[{"id":2963,"href":"https:\/\/trochoiamnhac.com\/index.php\/wp-json\/wp\/v2\/pages\/1648\/revisions\/2963"}],"up":[{"embeddable":true,"href":"https:\/\/trochoiamnhac.com\/index.php\/wp-json\/wp\/v2\/pages\/1645"}],"wp:attachment":[{"href":"https:\/\/trochoiamnhac.com\/index.php\/wp-json\/wp\/v2\/media?parent=1648"}],"curies":[{"name":"wp","href":"https:\/\/api.w.org\/{rel}","templated":true}]}}