{"id":1645,"date":"2016-05-11T11:30:07","date_gmt":"2016-05-11T04:30:07","guid":{"rendered":"https:\/\/leminhphuoc.wordpress.com\/?page_id=1645"},"modified":"2023-09-03T07:04:37","modified_gmt":"2023-09-03T00:04:37","slug":"dan-phim-dien-tu","status":"publish","type":"page","link":"https:\/\/trochoiamnhac.com\/index.php\/am-nhac-pho-thong\/chuong-trinh-am-nhac-2006\/hoc-lieu-am-nhac-tieu-hoc\/dan-phim-dien-tu\/","title":{"rendered":"\u0110\u00e0n ph\u00edm \u0111i\u1ec7n t\u1eed"},"content":{"rendered":"\n<ul class=\"wp-block-list\">\n<li><a href=\"https:\/\/trochoiamnhac.com\/index.php\/hoc-lieu-am-nhac-tieu-hoc\/dan-phim-dien-tu\/tiet-1\/\">B\u00e0i 1<\/a><\/li>\n\n\n\n<li><a href=\"https:\/\/trochoiamnhac.com\/index.php\/hoc-lieu-am-nhac-tieu-hoc\/dan-phim-dien-tu\/tiet-2\/\">B\u00e0i 2<\/a><\/li>\n\n\n\n<li><a href=\"https:\/\/trochoiamnhac.com\/index.php\/hoc-lieu-am-nhac-tieu-hoc\/dan-phim-dien-tu\/tiet-3\/\">B\u00e0i 3<\/a><\/li>\n\n\n\n<li><a href=\"https:\/\/trochoiamnhac.com\/index.php\/hoc-lieu-am-nhac-tieu-hoc\/dan-phim-dien-tu\/tiet-4\/\">B\u00e0i 4<\/a><\/li>\n\n\n\n<li><a href=\"https:\/\/trochoiamnhac.com\/index.php\/hoc-lieu-am-nhac-tieu-hoc\/dan-phim-dien-tu\/tiet-5\/\">B\u00e0i 5<\/a><\/li>\n\n\n\n<li><a href=\"https:\/\/trochoiamnhac.com\/index.php\/hoc-lieu-am-nhac-tieu-hoc\/dan-phim-dien-tu\/tiet-6\/\">B\u00e0i 6<\/a><\/li>\n\n\n\n<li><a href=\"https:\/\/trochoiamnhac.com\/index.php\/hoc-lieu-am-nhac-tieu-hoc\/dan-phim-dien-tu\/tiet-7\/\">B\u00e0i 7<\/a><\/li>\n\n\n\n<li><a href=\"https:\/\/trochoiamnhac.com\/index.php\/hoc-lieu-am-nhac-tieu-hoc\/dan-phim-dien-tu\/tiet-8\/\">B\u00e0i 8<\/a><\/li>\n\n\n\n<li><a href=\"https:\/\/trochoiamnhac.com\/index.php\/hoc-lieu-am-nhac-tieu-hoc\/dan-phim-dien-tu\/tiet-9\/\">B\u00e0i 9<\/a><\/li>\n\n\n\n<li><a href=\"https:\/\/trochoiamnhac.com\/index.php\/hoc-lieu-am-nhac-tieu-hoc\/dan-phim-dien-tu\/tiet-10\/\">B\u00e0i 10<\/a><\/li>\n\n\n\n<li><a href=\"https:\/\/trochoiamnhac.com\/index.php\/hoc-lieu-am-nhac-tieu-hoc\/dan-phim-dien-tu\/tiet-11\/\">B\u00e0i 11<\/a><\/li>\n\n\n\n<li><a href=\"https:\/\/trochoiamnhac.com\/index.php\/hoc-lieu-am-nhac-tieu-hoc-dan-phim-dien-tu-tiet-12\/\">B\u00e0i 12<\/a><\/li>\n\n\n\n<li><a href=\"https:\/\/trochoiamnhac.com\/index.php\/hoc-lieu-am-nhac-tieu-hoc-dan-phim-dien-tu-tiet-13\/\">B\u00e0i 13<\/a><\/li>\n\n\n\n<li><a href=\"https:\/\/trochoiamnhac.com\/index.php\/hoc-lieu-am-nhac-tieu-hoc-dan-phim-dien-tu-tiet-14\/\">B\u00e0i 14<\/a><\/li>\n\n\n\n<li><a href=\"https:\/\/trochoiamnhac.com\/index.php\/hoc-lieu-am-nhac-tieu-hoc-dan-phim-dien-tu-tiet-15\/\">B\u00e0i 15<\/a> <\/li>\n<\/ul>\n","protected":false},"excerpt":{"rendered":"","protected":false},"author":2,"featured_media":0,"parent":1529,"menu_order":0,"comment_status":"closed","ping_status":"closed","template":"","meta":{"om_disable_all_campaigns":false,"_monsterinsights_skip_tracking":false,"_monsterinsights_sitenote_active":false,"_monsterinsights_sitenote_note":"","_monsterinsights_sitenote_category":0,"_uf_show_specific_survey":0,"_uf_disable_surveys":false,"footnotes":""},"class_list":["post-1645","page","type-page","status-publish","hentry"],"aioseo_notices":[],"_links":{"self":[{"href":"https:\/\/trochoiamnhac.com\/index.php\/wp-json\/wp\/v2\/pages\/1645","targetHints":{"allow":["GET"]}}],"collection":[{"href":"https:\/\/trochoiamnhac.com\/index.php\/wp-json\/wp\/v2\/pages"}],"about":[{"href":"https:\/\/trochoiamnhac.com\/index.php\/wp-json\/wp\/v2\/types\/page"}],"author":[{"embeddable":true,"href":"https:\/\/trochoiamnhac.com\/index.php\/wp-json\/wp\/v2\/users\/2"}],"replies":[{"embeddable":true,"href":"https:\/\/trochoiamnhac.com\/index.php\/wp-json\/wp\/v2\/comments?post=1645"}],"version-history":[{"count":5,"href":"https:\/\/trochoiamnhac.com\/index.php\/wp-json\/wp\/v2\/pages\/1645\/revisions"}],"predecessor-version":[{"id":2184,"href":"https:\/\/trochoiamnhac.com\/index.php\/wp-json\/wp\/v2\/pages\/1645\/revisions\/2184"}],"up":[{"embeddable":true,"href":"https:\/\/trochoiamnhac.com\/index.php\/wp-json\/wp\/v2\/pages\/1529"}],"wp:attachment":[{"href":"https:\/\/trochoiamnhac.com\/index.php\/wp-json\/wp\/v2\/media?parent=1645"}],"curies":[{"name":"wp","href":"https:\/\/api.w.org\/{rel}","templated":true}]}}