{"id":1413,"date":"2015-11-12T16:15:36","date_gmt":"2015-11-12T09:15:36","guid":{"rendered":"https:\/\/leminhphuoc.wordpress.com\/?page_id=1413"},"modified":"2023-09-03T12:24:30","modified_gmt":"2023-09-03T05:24:30","slug":"lop-3-2","status":"publish","type":"page","link":"https:\/\/trochoiamnhac.com\/index.php\/am-nhac-pho-thong\/chuong-trinh-am-nhac-2006\/hoc-lieu-am-nhac-tieu-hoc\/bai-hat\/lop-3-2\/","title":{"rendered":"B\u00e0i h\u00e1t L\u1edbp 3"},"content":{"rendered":"<ol>\n<li>Qu\u1ed1c ca <a href=\"https:\/\/youtu.be\/1l6KDAzt3gA\" target=\"_blank\" rel=\"noopener\">[Video]<\/a> <a href=\"https:\/\/app.box.com\/s\/bn731hhwoa6fsc8xixzcncvuv2jzx16z\" target=\"_blank\" rel=\"noopener\">[MIDI]<\/a> <a href=\"https:\/\/app.box.com\/s\/bqh5c96ybglaqrmd5dfspywrb6muncnx\" target=\"_blank\" rel=\"noopener\">[mp3]<\/a> <a href=\"https:\/\/app.box.com\/s\/xvk5uxdzivgshnj47uqswsnye83xpclb\" target=\"_blank\" rel=\"noopener\">[Ipad]<\/a> <a href=\"http:\/\/leminhphuoc.esy.es\/hoclieu\/Lop3\/Baihat\/L3_01QuoccaVietNamforAvidScorch.htm\" target=\"_blank\" rel=\"noopener\">[Scorch]<\/a> <a href=\"https:\/\/app.box.com\/s\/pjx6xlxr0gm3fnesc35yo6gwptlzlrx8\" target=\"_blank\" rel=\"noopener\">[Sheet]<\/a><\/li>\n<li>B\u00e0i ca \u0111i h\u1ecdc <a href=\"https:\/\/youtu.be\/HoRozbyLTNo\" target=\"_blank\" rel=\"noopener\">[Video]<\/a> <a href=\"https:\/\/app.box.com\/s\/nycqfvru85wo7sawxdcknrp9bw4df0in\" target=\"_blank\" rel=\"noopener\">[MIDI]<\/a> <a href=\"https:\/\/app.box.com\/s\/guxmu5odt8emh8cy9hl35xwkz19ivyvo\" target=\"_blank\" rel=\"noopener\">[mp3]<\/a> <a href=\"https:\/\/app.box.com\/s\/8807mrufjsgc7rfyppf5gnenj32cvgpx\" target=\"_blank\" rel=\"noopener\">[Ipad]<\/a> <a href=\"http:\/\/leminhphuoc.esy.es\/hoclieu\/Lop3\/Baihat\/L3_02BaicadihocforAvidScorch.htm\" target=\"_blank\" rel=\"noopener\">[Scorch]<\/a> <a href=\"https:\/\/app.box.com\/s\/qmvpfbh2np7f4er49r1tygliv2qj20xu\" target=\"_blank\" rel=\"noopener\">[Sheet]<\/a><\/li>\n<li>\u0110\u1ebfm sao <a href=\"https:\/\/youtu.be\/X2UMmZd1u_Q?list=PLxs_kYWxveumgvuGZX7R6ElmpzdNpd9O4\" target=\"_blank\" rel=\"noopener\">[Video]<\/a> <a href=\"https:\/\/app.box.com\/s\/gfqsxg01cye8ltphzos15emcplbuemuz\" target=\"_blank\" rel=\"noopener\">[MIDI]<\/a> <a href=\"https:\/\/app.box.com\/s\/u44ufolreck80qpvtzlo59jgoqi12dfg\" target=\"_blank\" rel=\"noopener\">[mp3]<\/a> <a href=\"https:\/\/app.box.com\/s\/p9tl552t9ycwdjfxtwlwnmmh46zkepy2\" target=\"_blank\" rel=\"noopener\">[Ipad]<\/a> <a href=\"http:\/\/leminhphuoc.esy.es\/hoclieu\/Lop3\/Baihat\/L3_03DemsaoforAvidScorch.htm\" target=\"_blank\" rel=\"noopener\">[Scorch]<\/a> <a href=\"https:\/\/app.box.com\/s\/kgrxu2dqqbl3bra41hu1m14do4k4tg61\" target=\"_blank\" rel=\"noopener\">[Sheet]<\/a><\/li>\n<li>G\u00e0 g\u00e1y <a href=\"https:\/\/youtu.be\/novx1_30UQk?list=PLxs_kYWxveumgvuGZX7R6ElmpzdNpd9O4\" target=\"_blank\" rel=\"noopener\">[Video]<\/a> <a href=\"https:\/\/app.box.com\/s\/1qjcnb4g3736drvw8oe8gca2asi7aru1\" target=\"_blank\" rel=\"noopener\">[MIDI]<\/a> <a href=\"https:\/\/app.box.com\/s\/j71ahs3wbjf41q0xd6kni0qowtlj1que\" target=\"_blank\" rel=\"noopener\">[mp3]<\/a> <a href=\"https:\/\/app.box.com\/s\/nwmbufe6x4v570megxtim718oh2ic6xn\" target=\"_blank\" rel=\"noopener\">[Ipad]<\/a> <a href=\"http:\/\/leminhphuoc.esy.es\/hoclieu\/Lop3\/Baihat\/L3_04GagayforAvidScorch.htm\" target=\"_blank\" rel=\"noopener\">[Scorch]<\/a> <a href=\"https:\/\/app.box.com\/s\/gamd8z2gyb4d8mw85j32q2a38nnhukkz\" target=\"_blank\" rel=\"noopener\">[Sheet]<\/a><\/li>\n<li>L\u1edbp ch\u00fang ta \u0111o\u00e0n k\u1ebft <a href=\"https:\/\/youtu.be\/Xj0LBwWKQUw\" target=\"_blank\" rel=\"noopener\">[Video]<\/a> <a href=\"https:\/\/app.box.com\/s\/xvngvwfheok1sqm0wxyvru7l9jj5ucnd\" target=\"_blank\" rel=\"noopener\">[MIDI]<\/a> <a href=\"https:\/\/app.box.com\/s\/zbehcrho170l15pkubftqt04l43f7qh1\" target=\"_blank\" rel=\"noopener\">[mp3]<\/a> <a href=\"https:\/\/app.box.com\/s\/t0p2iflhswg6iqbl2xxd7rpemd165swo\" target=\"_blank\" rel=\"noopener\">[Ipad]<\/a> <a href=\"http:\/\/leminhphuoc.esy.es\/hoclieu\/Lop3\/Baihat\/L3_05LopchungtadoanketforAvidScorch.htm\" target=\"_blank\" rel=\"noopener\">[Scorch]<\/a> <a href=\"https:\/\/app.box.com\/s\/tkddpox5wgaak88yncu32d1aov6m8fbq\" target=\"_blank\" rel=\"noopener\">[Sheet]<\/a><\/li>\n<li>Con chim non <a href=\"https:\/\/youtu.be\/lZIdcctadWk\" target=\"_blank\" rel=\"noopener\">[Video]<\/a> <a href=\"https:\/\/app.box.com\/s\/z8yiciv55oao3r4rcjeynqorcv4c3uvu\" target=\"_blank\" rel=\"noopener\">[MIDI]<\/a> <a href=\"https:\/\/app.box.com\/s\/7ku1mgutw4luek706iceidvo0iltqk1l\" target=\"_blank\" rel=\"noopener\">[mp3]<\/a> <a href=\"https:\/\/app.box.com\/s\/f0k6sfmump3ffis6xibpsh0retcgasu5\" target=\"_blank\" rel=\"noopener\">[Ipad]<\/a> <a href=\"http:\/\/leminhphuoc.esy.es\/hoclieu\/Lop3\/Baihat\/L3_06ConchimnonforAvidScorch.htm\" target=\"_blank\" rel=\"noopener\">[Scorch]<\/a> <a href=\"https:\/\/app.box.com\/s\/gua487xd0vdmm7p8nn2ad9axxx4mp3p8\" target=\"_blank\" rel=\"noopener\">[Sheet]<\/a><\/li>\n<li>Ng\u00e0y m\u00f9a vui <a href=\"https:\/\/youtu.be\/JDfE_g1BwaI\" target=\"_blank\" rel=\"noopener\">[Video]<\/a> <a href=\"https:\/\/app.box.com\/s\/csqm7x46oe9btv1lhrtgyud2oiasejyb\" target=\"_blank\" rel=\"noopener\">[MIDI]<\/a> <a href=\"https:\/\/app.box.com\/s\/gxkscocp461o5ye8cp2rt4cz3tu76mr1\" target=\"_blank\" rel=\"noopener\">[mp3]<\/a> <a href=\"https:\/\/app.box.com\/s\/fkw50ncllud0tciawaj3jog9gikxgh2e\" target=\"_blank\" rel=\"noopener\">[Ipad]<\/a> <a href=\"http:\/\/leminhphuoc.esy.es\/hoclieu\/Lop3\/Baihat\/L3_07NgaymuavuiforAvidScorch.htm\" target=\"_blank\" rel=\"noopener\">[Scorch]<\/a> <a href=\"https:\/\/app.box.com\/s\/nyela75jhnlhiiwlo9lwn227wjvhtzth\" target=\"_blank\" rel=\"noopener\">[Sheet]<\/a><\/li>\n<li>Em y\u00eau tr\u01b0\u1eddng em <a href=\"https:\/\/youtu.be\/kZJo5otXilQ\" target=\"_blank\" rel=\"noopener\">[Video]<\/a> <a href=\"https:\/\/app.box.com\/s\/pmossp51zw22w262xi894o0rri8waece\" target=\"_blank\" rel=\"noopener\">[MIDI]<\/a> <a href=\"https:\/\/app.box.com\/s\/womewghj3z8o6u9bvuxdstawgz72bkxu\" target=\"_blank\" rel=\"noopener\">[mp3]<\/a> <a href=\"https:\/\/app.box.com\/s\/zsdhxr3cqfp991apmgqdx57creiknydo\" target=\"_blank\" rel=\"noopener\">[Ipad]<\/a> <a href=\"http:\/\/leminhphuoc.esy.es\/hoclieu\/Lop3\/Baihat\/L3_08EmyeutruongemforAvidScorch.htm\" target=\"_blank\" rel=\"noopener\">[Scorch]<\/a> <a href=\"https:\/\/app.box.com\/s\/nkplto284m46h5de39r7yb1e5klczo1v\" target=\"_blank\" rel=\"noopener\">[Sheet]<\/a><\/li>\n<li>C\u00f9ng m\u00faa h\u00e1t d\u01b0\u1edbi tr\u0103ng <a href=\"https:\/\/youtu.be\/9WgxcehmIUM\" target=\"_blank\" rel=\"noopener\">[Video]<\/a> <a href=\"https:\/\/app.box.com\/s\/aktjr0jhto68ocdvhkwb3h6eouun24yf\" target=\"_blank\" rel=\"noopener\">[MIDI]<\/a> <a href=\"https:\/\/app.box.com\/s\/74n3pe28mc6jqlmo8bze4b9y67obvtml\" target=\"_blank\" rel=\"noopener\">[mp3]<\/a> <a href=\"https:\/\/app.box.com\/s\/dd0fkgeyfmheyu5o8yqonhbidhxnoxz9\" target=\"_blank\" rel=\"noopener\">[Ipad]<\/a> <a href=\"http:\/\/leminhphuoc.esy.es\/hoclieu\/Lop3\/Baihat\/L3_09CungmuahatduoitrangforAvidScorch.htm\" target=\"_blank\" rel=\"noopener\">[Scorch]<\/a> <a href=\"https:\/\/app.box.com\/s\/q23id6ayiuzwpgp3v1vvq1cuqe961m9d\" target=\"_blank\" rel=\"noopener\">[Sheet]<\/a><\/li>\n<li>Ch\u1ecb ong n\u00e2u v\u00e0 em b\u00e9 <a href=\"https:\/\/youtu.be\/dVid8xdRJUQ\" target=\"_blank\" rel=\"noopener\">[Video]<\/a> <a href=\"https:\/\/app.box.com\/s\/htizx5b8y4d0jtrszjlu5vn8m358bzja\" target=\"_blank\" rel=\"noopener\">[MIDI]<\/a> <a href=\"https:\/\/app.box.com\/s\/mjmv1xz29wa6102yyje33796hk7rjtrz\" target=\"_blank\" rel=\"noopener\">[mp3]<\/a> <a href=\"https:\/\/app.box.com\/s\/ix3lpok288aaxyy07m31rlr72to5n80g\" target=\"_blank\" rel=\"noopener\">[Ipad]<\/a> <a href=\"http:\/\/leminhphuoc.esy.es\/hoclieu\/Lop3\/Baihat\/L3_10ChiongnauvaembeforAvidScorch.htm\" target=\"_blank\" rel=\"noopener\">[Scorch]<\/a> <a href=\"https:\/\/app.box.com\/s\/9box23ons7o6lh4jj21ocxko9fjwnb3s\" target=\"_blank\" rel=\"noopener\">[Sheet]<\/a><\/li>\n<li>Ti\u1ebfng h\u00e1t b\u1ea1n b\u00e8 m\u00ecnh <a href=\"https:\/\/youtu.be\/6ASmr3Vdzi8\" target=\"_blank\" rel=\"noopener\">[Video]<\/a> <a href=\"https:\/\/app.box.com\/s\/5cm7pp11qpu46z01xo401fkubxrrq0em\" target=\"_blank\" rel=\"noopener\">[MIDI]<\/a> <a href=\"https:\/\/app.box.com\/s\/w5hl9htmastvque4b3yjw5z96l8w7687\" target=\"_blank\" rel=\"noopener\">[mp3]<\/a> <a href=\"https:\/\/app.box.com\/s\/lmql70r2f3fhnkx9y80wrje5iwl09gt4\">[Ipad]<\/a> <a href=\"http:\/\/leminhphuoc.esy.es\/hoclieu\/Lop3\/Baihat\/L3_11TienghatbanbeminhforAvidScorch.htm\" target=\"_blank\" rel=\"noopener\">[Scorch]<\/a> <a href=\"https:\/\/app.box.com\/s\/fuploospo6psx3qwa9ppdfmuxgmtuwtk\" target=\"_blank\" rel=\"noopener\">[Sheet]<\/a><\/li>\n<li><span style=\"font-family: 'times' , 'times new roman' , serif;\">Sen h\u1ed3ng\u00a0<\/span><a href=\"https:\/\/youtu.be\/zlCVrjM7RBU\">[Video]<\/a><span style=\"font-family: 'times' , 'times new roman' , serif;\">\u00a0<\/span><a href=\"https:\/\/app.box.com\/s\/3587p9eq83hbxe876j3vsrro6zvdfotx\">[MIDI]<\/a><span style=\"font-family: 'times' , 'times new roman' , serif;\">\u00a0<\/span><a href=\"https:\/\/app.box.com\/s\/cah7sfiy0a732oou6jcblvqg89jo2qhl\">[mp3]<\/a>\u00a0<a href=\"https:\/\/app.box.com\/s\/pp32hfy6akmnma9xldwlycmm5zeah5e2\">[Ipad]<\/a>\u00a0<a href=\"https:\/\/app.box.com\/s\/5wjr4ec056d9xlcn1zy7r80wkw065wel\">[Sheet]<\/a><\/li>\n<li><span style=\"font-family: 'times' , 'times new roman' , serif;\"><span style=\"font-family: 'times' , 'times new roman' , serif;\">Em l\u00e0 b\u00f4ng l\u00faa \u0111i\u1ec7n bi\u00ean\u00a0<a href=\"https:\/\/youtu.be\/Tj39O5An18k\">[Video]<\/a><\/span><\/span><span style=\"font-family: 'times' , 'times new roman' , serif;\">\u00a0<\/span><a href=\"https:\/\/app.box.com\/s\/a6epu2388v74vq63l7ny3wuv2ulrgfea\">[MIDI]<\/a><span style=\"font-family: 'times' , 'times new roman' , serif;\">\u00a0<\/span><a href=\"https:\/\/app.box.com\/s\/ea79xm843zzu01hm92djh3c7yw7ixkft\">[mp3]<\/a>\u00a0<a href=\"https:\/\/app.box.com\/s\/0nnm2lcauwrhmg0ymzj70rcz5bpgkbgc\">[Ipad]<\/a>\u00a0<a href=\"https:\/\/app.box.com\/s\/6i7l9mboqypyfbt6hw1jh5qhaf9azyrq\">[Sheet]<\/a><\/li>\n<li><span style=\"font-family: 'times' , 'times new roman' , serif;\"><span style=\"font-family: 'times' , 'times new roman' , serif;\">M\u00e8o \u0111i c\u00e2u c\u00e1 I\u00a0<a href=\"https:\/\/youtu.be\/jQh3HRYRZ8o\">[Video]<\/a><\/span><\/span><span style=\"font-family: 'times' , 'times new roman' , serif;\">\u00a0<\/span><a href=\"https:\/\/app.box.com\/s\/3wtlg08ef2q1888r3yqgaw56l26vrnsk\">[MIDI]<\/a><span style=\"font-family: 'times' , 'times new roman' , serif;\">\u00a0<\/span><a href=\"https:\/\/app.box.com\/s\/t8e7k04ywiomx4ktf0a1ozjqrmmg1xy7\">[mp3]<\/a>\u00a0<a href=\"https:\/\/app.box.com\/s\/44oe6uvededtbu3wtqjqs26lkro5e8fa\">[Ipad]<\/a>\u00a0<a href=\"https:\/\/app.box.com\/s\/miaozaxp2u878s8kildn6pjezumz191q\">[Sheet]<\/a><\/li>\n<li><span style=\"font-family: 'times' , 'times new roman' , serif;\"><span style=\"font-family: 'times' , 'times new roman' , serif;\">M\u00e8o \u0111i c\u00e2u c\u00e1 II\u00a0<a href=\"https:\/\/youtu.be\/phnvlKKBxPk\">[Video]<\/a><\/span><\/span><span style=\"font-family: 'times' , 'times new roman' , serif;\">\u00a0<\/span><a href=\"https:\/\/app.box.com\/s\/djtrlx6bi5eue0kiqrwg39cgrt240vc6\">[MIDI]<\/a><span style=\"font-family: 'times' , 'times new roman' , serif;\">\u00a0<\/span><a href=\"https:\/\/app.box.com\/s\/3bfj0mbfe4k4eshr9idcwl9vale84jqm\">[mp3]<\/a>\u00a0<a href=\"https:\/\/app.box.com\/s\/o7fzjuoeb6fqguw0rytiz888b1oil3sf\">[Ipad]<\/a>\u00a0<a href=\"https:\/\/app.box.com\/s\/lstzsu1rtle794wn4xi0o4p6x8249hbp\">[Sheet]<\/a><\/li>\n<li><span style=\"font-family: 'times' , 'times new roman' , serif;\"><span style=\"font-family: 'times' , 'times new roman' , serif;\">C\u00f9ng m\u00faa vui\u00a0<a href=\"https:\/\/youtu.be\/Z0AmOQdTfNs\">[Video]<\/a><\/span><\/span><span style=\"font-family: 'times' , 'times new roman' , serif;\">\u00a0<\/span><a href=\"https:\/\/app.box.com\/s\/q7etdtq12kot0z3yry3ubpo9ys63qkwz\">[MIDI]<\/a><span style=\"font-family: 'times' , 'times new roman' , serif;\">\u00a0<\/span><a href=\"https:\/\/app.box.com\/s\/seprd7pfvrl9aq43pegda1c7vbgzanbz\">[mp3]<\/a>\u00a0<a href=\"https:\/\/app.box.com\/s\/xyu6ebf35efpktzip7whgcduf2h57snb\">[Ipad]<\/a>\u00a0<a href=\"https:\/\/app.box.com\/s\/5t9744sn1r299kof67pfxpfm4j1n51bm\">[Sheet]<\/a><\/li>\n<li><span style=\"font-family: 'times' , 'times new roman' , serif;\"><span style=\"font-family: 'times' , 'times new roman' , serif;\">Hoa l\u00ea tr\u1eafng\u00a0<a href=\"https:\/\/youtu.be\/W3l1Po07SI8\">[Video]<\/a><\/span><\/span><span style=\"font-family: 'times' , 'times new roman' , serif;\">\u00a0<\/span><a href=\"https:\/\/app.box.com\/s\/1ftmx5ma5re2ubjkbh0egtzeqql6gps6\">[MIDI]<\/a><span style=\"font-family: 'times' , 'times new roman' , serif;\">\u00a0<\/span><a href=\"https:\/\/app.box.com\/s\/53f0xmhbpy7qeuqmufh379aqihuqpc5i\">[mp3]<\/a>\u00a0<a href=\"https:\/\/app.box.com\/s\/2p5doecav5ex5xnnph5v60n4twy0i8z7\">[Ipad]<\/a>\u00a0<a href=\"https:\/\/app.box.com\/s\/mf1zi93526fq50iwdwj642i3auqphrud\">[Sheet]<\/a><\/li>\n<li><span style=\"font-family: 'times' , 'times new roman' , serif;\"><span style=\"font-family: 'times' , 'times new roman' , serif;\">C\u00e2y \u0111a B\u00e1c H\u1ed3\u00a0<a href=\"https:\/\/youtu.be\/2vtSqaz7nXA\">[Video]<\/a><\/span><\/span><span style=\"font-family: 'times' , 'times new roman' , serif;\">\u00a0<\/span><a href=\"https:\/\/app.box.com\/s\/izj8hyzqtddqx54qu1vbb0ybykqk4wgo\">[MIDI]<\/a><span style=\"font-family: 'times' , 'times new roman' , serif;\">\u00a0<\/span><a href=\"https:\/\/app.box.com\/s\/vfigswscedu2f2yu3p9zsctepogi93b1\">[mp3]<\/a>\u00a0<a href=\"https:\/\/app.box.com\/s\/j5lykqg9cncatix7awwmukaq4u5daa8q\">[Ipad]<\/a>\u00a0<a href=\"https:\/\/app.box.com\/s\/jhk5pg7s8dblmfwsui6hoikpr8sz9m9j\">[Sheet]<\/a><\/li>\n<li><span style=\"font-family: 'times' , 'times new roman' , serif;\"><span style=\"font-family: 'times' , 'times new roman' , serif;\">Em y\u00eau l\u00e0n \u0111i\u1ec7u d\u00e2n ca\u00a0<a href=\"https:\/\/youtu.be\/Ksa3eZ_TlMY\">[Video]<\/a><\/span><\/span><span style=\"font-family: 'times' , 'times new roman' , serif;\">\u00a0<\/span><a href=\"https:\/\/app.box.com\/s\/ul8e89ggnw8ikv18ls26wtwfd7mj2r7f\">[MIDI]<\/a><span style=\"font-family: 'times' , 'times new roman' , serif;\">\u00a0<\/span><a href=\"https:\/\/app.box.com\/s\/6984v71lgwp21zo74fh2xc7o12fudjh6\">[mp3]<\/a>\u00a0<a href=\"https:\/\/app.box.com\/s\/16lugwcsign8ny4qd05z5174869a6b3c\">[Ipad]<\/a>\u00a0<a href=\"https:\/\/app.box.com\/s\/7bq1ws8vco2kz9e6f3bmbccexq4c5und\">[Sheet]<\/a><\/li>\n<li><span style=\"font-family: 'times' , 'times new roman' , serif;\"><span style=\"font-family: 'times' , 'times new roman' , serif;\">Chim c\u00fac cu\u00a0<a href=\"https:\/\/youtu.be\/_RNy9M8xr2E\">[Video]<\/a><\/span><\/span><span style=\"font-family: 'times' , 'times new roman' , serif;\">\u00a0<\/span><a href=\"https:\/\/app.box.com\/s\/b9a1ij7k8h2x9zezz3xcu8y5ix0kdnb9\">[MIDI]<\/a><span style=\"font-family: 'times' , 'times new roman' , serif;\">\u00a0<\/span><a href=\"https:\/\/app.box.com\/s\/eri3v3jiukvyq76ubl6qfa9s5pabzd6x\">[mp3]<\/a>\u00a0<a href=\"https:\/\/app.box.com\/s\/iixixfkq9jgvuvhrej0z17v8ugeogbf4\">[Ipad]<\/a>\u00a0<a href=\"https:\/\/app.box.com\/s\/f8fuhhk9xi5ye7xg5kpg4rms3ua498ks\">[Sheet]<\/a><\/li>\n<li><span style=\"font-family: 'times' , 'times new roman' , serif;\"><span style=\"font-family: 'times' , 'times new roman' , serif;\">B\u00e9 ch\u01a1i \u0111\u00e0n\u00a0<a href=\"https:\/\/youtu.be\/5uS1gFo71Fk\">[Video]<\/a><\/span><\/span><span style=\"font-family: 'times' , 'times new roman' , serif;\">\u00a0<\/span><a href=\"https:\/\/app.box.com\/s\/hx1qlsdkxigrohhiu80tiho0gd6ky2j5\">[MIDI]<\/a><span style=\"font-family: 'times' , 'times new roman' , serif;\">\u00a0<\/span><a href=\"https:\/\/app.box.com\/s\/rkzq00528s1crio5htnkqris848e4vmj\">[mp3]<\/a>\u00a0<a href=\"https:\/\/app.box.com\/s\/yv58m8mr7fpv6ey5m3g1vhaqiij8xbsl\">[Ipad]<\/a>\u00a0<a href=\"https:\/\/app.box.com\/s\/y6a27injk44xgxpheguc5mvwwhjsf3sf\">[Sheet]<\/a><\/li>\n<li><span style=\"font-family: 'times' , 'times new roman' , serif;\"><span style=\"font-family: 'times' , 'times new roman' , serif;\">Em l\u00e0 b\u00f4ng h\u1ed3ng nh\u1ecf\u00a0<a href=\"https:\/\/youtu.be\/5U6l7fFb56g\">[Video]<\/a><\/span><\/span><span style=\"font-family: 'times' , 'times new roman' , serif;\">\u00a0<\/span><a href=\"https:\/\/app.box.com\/s\/a1clkbt3ris4xj7qh5xd5uuo1ww755oj\">[MIDI]<\/a><span style=\"font-family: 'times' , 'times new roman' , serif;\">\u00a0<\/span><a href=\"https:\/\/app.box.com\/s\/cizgw7rrqmb1jsbudr85yiuxan7yah4a\">[mp3]<\/a>\u00a0<a href=\"https:\/\/app.box.com\/s\/2ul23jmlzlojpo53nekzwm8loyk6ge8b\">[Ipad]<\/a>\u00a0<a href=\"https:\/\/app.box.com\/s\/cabhg4hmgys5gc1rr5utlgh1wzhjhilf\">[Sheet]<\/a><\/li>\n<li><span style=\"font-family: 'times' , 'times new roman' , serif;\"><span style=\"font-family: 'times' , 'times new roman' , serif;\">\u0110\u1ebfn \u0111\u00e2y c\u00f9ng ch\u01a1i\u00a0<a href=\"https:\/\/youtu.be\/lP_FNvnwz7U\">[Video]<\/a><\/span><\/span><span style=\"font-family: 'times' , 'times new roman' , serif;\">\u00a0<\/span><a href=\"https:\/\/app.box.com\/s\/8piny8bpgasbfsbnem2fi29ga5m80kw6\">[MIDI]<\/a><span style=\"font-family: 'times' , 'times new roman' , serif;\">\u00a0<\/span><a href=\"https:\/\/app.box.com\/s\/ynhznp7o1czaue7w8qd4wqtecs5xp2r6\">[mp3]<\/a>\u00a0<a href=\"https:\/\/app.box.com\/s\/jx0k8avyjih5lcwthlub5tedc4or77nx\">[Ipad]<\/a>\u00a0<a href=\"https:\/\/app.box.com\/s\/5v5kcu66p2c865y5l2g83o87r4dpljbc\">[Sheet]<\/a><\/li>\n<li><span style=\"font-family: 'times' , 'times new roman' , serif;\"><span style=\"font-family: 'times' , 'times new roman' , serif;\">Ti\u1ebfng h\u00e1t ng\u00e0y xu\u00e2n\u00a0<a href=\"https:\/\/youtu.be\/-CQ9qoILSuc\">[Video]<\/a><\/span><\/span><span style=\"font-family: 'times' , 'times new roman' , serif;\">\u00a0<\/span><a href=\"https:\/\/app.box.com\/s\/4at7ia4fxaufre0qyyoxwaaduqtwypyv\">[MIDI]<\/a><span style=\"font-family: 'times' , 'times new roman' , serif;\">\u00a0<\/span><a href=\"https:\/\/app.box.com\/s\/934z74vybb3c5emxczxndpsifwmgql19\">[mp3]<\/a>\u00a0<a href=\"https:\/\/app.box.com\/s\/yukl6t46esvvv5w01u83l8qcxvpo4kpc\">[Ipad]<\/a>\u00a0<a href=\"https:\/\/app.box.com\/s\/goqgolxgcav9h3rjr205li3v1hoj2vqo\">[Sheet]<\/a><\/li>\n<li><span style=\"font-family: 'times' , 'times new roman' , serif;\"><span style=\"font-family: 'times' , 'times new roman' , serif;\">G\u1edfi anh m\u1ed9t kh\u00fac d\u00e2n ca\u00a0<a href=\"https:\/\/youtu.be\/EMg1yQ6QMzw\">[Video]<\/a><\/span><\/span><span style=\"font-family: 'times' , 'times new roman' , serif;\">\u00a0<\/span><a href=\"https:\/\/app.box.com\/s\/pk4nk7985vzwm91cpy5sta4yvdbto84j\">[MIDI]<\/a><span style=\"font-family: 'times' , 'times new roman' , serif;\">\u00a0<\/span><a href=\"https:\/\/app.box.com\/s\/uai3qs5f0c8ule2e4g4bpgbl53f2d149\">[mp3]<\/a>\u00a0<a href=\"https:\/\/app.box.com\/s\/hj4rha16j65giueghn73gjm02jpnvrtj\">[Ipad]<\/a>\u00a0<a href=\"https:\/\/app.box.com\/s\/vtk4jrwm2xem4ept2jfg8mqb1yhcelmq\">[Sheet]<\/a><\/li>\n<li><span style=\"font-family: 'times' , 'times new roman' , serif;\"><span style=\"font-family: 'times' , 'times new roman' , serif;\">Bay l\u00ean m\u01a1 \u01b0\u1edbc\u00a0<a href=\"https:\/\/youtu.be\/rBwmzgho1Y8\">[Video]<\/a><\/span><\/span><span style=\"font-family: 'times' , 'times new roman' , serif;\">\u00a0<\/span><a href=\"https:\/\/app.box.com\/s\/l850oijy8al3o1h002vjm78jr9p6buhj\">[MIDI]<\/a><span style=\"font-family: 'times' , 'times new roman' , serif;\">\u00a0<\/span><a href=\"https:\/\/app.box.com\/s\/mr3bptt7w8mrxqarqifzw9c8ll9424ck\">[mp3]<\/a>\u00a0<a href=\"https:\/\/app.box.com\/s\/91eck19phaum3irj9ydihxr5jg3ohq34\">[Ipad]<\/a>\u00a0<a href=\"https:\/\/app.box.com\/s\/yqz7ok0bui79suv9jynr5nhksep44oqx\">[Sheet]<\/a><\/li>\n<\/ol>\n\n<ul class=\"wp-block-categories-list wp-block-categories\">\t<li class=\"cat-item cat-item-38\"><a href=\"https:\/\/trochoiamnhac.com\/index.php\/category\/tin-hoc-am-nhac\/audacity\/\">Audacity<\/a>\n<\/li>\n\t<li class=\"cat-item cat-item-39\"><a href=\"https:\/\/trochoiamnhac.com\/index.php\/category\/phuong-phap-day-hoc-am-nhac\/bai-viet\/\">B\u00e0i vi\u1ebft<\/a>\n<\/li>\n\t<li class=\"cat-item cat-item-1\"><a href=\"https:\/\/trochoiamnhac.com\/index.php\/category\/blog\/\">Blog<\/a>\n<\/li>\n\t<li class=\"cat-item cat-item-37\"><a href=\"https:\/\/trochoiamnhac.com\/index.php\/category\/tin-hoc-am-nhac\/ms-powerpoint\/\">Ms. PowerPoint<\/a>\n<\/li>\n\t<li class=\"cat-item cat-item-34\"><a href=\"https:\/\/trochoiamnhac.com\/index.php\/category\/tin-hoc-am-nhac\/musescore\/\">Musescore<\/a>\n<\/li>\n\t<li class=\"cat-item cat-item-35\"><a href=\"https:\/\/trochoiamnhac.com\/index.php\/category\/tin-hoc-am-nhac\/openshot\/\">OpenShot<\/a>\n<\/li>\n\t<li class=\"cat-item cat-item-31\"><a href=\"https:\/\/trochoiamnhac.com\/index.php\/category\/phuong-phap-day-hoc-am-nhac\/\">PHDH \u00c2M NH\u1ea0C<\/a>\n<\/li>\n\t<li class=\"cat-item cat-item-36\"><a href=\"https:\/\/trochoiamnhac.com\/index.php\/category\/tin-hoc-am-nhac\/photoscape-x\/\">PhotoScape X<\/a>\n<\/li>\n\t<li class=\"cat-item cat-item-44\"><a href=\"https:\/\/trochoiamnhac.com\/index.php\/category\/sang-tac\/\">S\u00e1ng t\u00e1c<\/a>\n<\/li>\n\t<li class=\"cat-item cat-item-46\"><a href=\"https:\/\/trochoiamnhac.com\/index.php\/category\/tro-choi-am-nhac\/suu-tap\/\">S\u01b0u t\u1eadp<\/a>\n<\/li>\n\t<li class=\"cat-item cat-item-42\"><a href=\"https:\/\/trochoiamnhac.com\/index.php\/category\/tro-choi-am-nhac\/thiet-ke-tro-choi\/\">Thi\u1ebft k\u1ebf tr\u00f2 ch\u01a1i<\/a>\n<\/li>\n\t<li class=\"cat-item cat-item-15\"><a href=\"https:\/\/trochoiamnhac.com\/index.php\/category\/tin-hoc-am-nhac\/\">Tin h\u1ecdc \u00e2m nh\u1ea1c<\/a>\n<\/li>\n\t<li class=\"cat-item cat-item-32\"><a href=\"https:\/\/trochoiamnhac.com\/index.php\/category\/tro-choi-am-nhac\/\">Tr\u00f2 ch\u01a1i \u00e2m nh\u1ea1c<\/a>\n<\/li>\n\t<li class=\"cat-item cat-item-41\"><a href=\"https:\/\/trochoiamnhac.com\/index.php\/category\/tro-choi-am-nhac\/tro-choi-tuong-tac\/\">Tr\u00f2 ch\u01a1i t\u01b0\u01a1ng t\u00e1c<\/a>\n<\/li>\n\t<li class=\"cat-item cat-item-40\"><a href=\"https:\/\/trochoiamnhac.com\/index.php\/category\/phuong-phap-day-hoc-am-nhac\/van-dung\/\">V\u1eadn d\u1ee5ng<\/a>\n<\/li>\n<\/ul>","protected":false},"excerpt":{"rendered":"<p>Qu\u1ed1c ca [Video] [MIDI] [mp3] [Ipad] [Scorch] [Sheet] B\u00e0i ca \u0111i h\u1ecdc [Video] [MIDI] [mp3] [Ipad] [Scorch] [Sheet] \u0110\u1ebfm sao [Video] [MIDI] [mp3] [Ipad] [Scorch] [&hellip;]<\/p>\n","protected":false},"author":2,"featured_media":0,"parent":1617,"menu_order":0,"comment_status":"closed","ping_status":"closed","template":"","meta":{"om_disable_all_campaigns":false,"_monsterinsights_skip_tracking":false,"_monsterinsights_sitenote_active":false,"_monsterinsights_sitenote_note":"","_monsterinsights_sitenote_category":0,"_uf_show_specific_survey":0,"_uf_disable_surveys":false,"footnotes":""},"class_list":["post-1413","page","type-page","status-publish","hentry"],"aioseo_notices":[],"_links":{"self":[{"href":"https:\/\/trochoiamnhac.com\/index.php\/wp-json\/wp\/v2\/pages\/1413","targetHints":{"allow":["GET"]}}],"collection":[{"href":"https:\/\/trochoiamnhac.com\/index.php\/wp-json\/wp\/v2\/pages"}],"about":[{"href":"https:\/\/trochoiamnhac.com\/index.php\/wp-json\/wp\/v2\/types\/page"}],"author":[{"embeddable":true,"href":"https:\/\/trochoiamnhac.com\/index.php\/wp-json\/wp\/v2\/users\/2"}],"replies":[{"embeddable":true,"href":"https:\/\/trochoiamnhac.com\/index.php\/wp-json\/wp\/v2\/comments?post=1413"}],"version-history":[{"count":1,"href":"https:\/\/trochoiamnhac.com\/index.php\/wp-json\/wp\/v2\/pages\/1413\/revisions"}],"predecessor-version":[{"id":2218,"href":"https:\/\/trochoiamnhac.com\/index.php\/wp-json\/wp\/v2\/pages\/1413\/revisions\/2218"}],"up":[{"embeddable":true,"href":"https:\/\/trochoiamnhac.com\/index.php\/wp-json\/wp\/v2\/pages\/1617"}],"wp:attachment":[{"href":"https:\/\/trochoiamnhac.com\/index.php\/wp-json\/wp\/v2\/media?parent=1413"}],"curies":[{"name":"wp","href":"https:\/\/api.w.org\/{rel}","templated":true}]}}