{"id":1390,"date":"2015-11-05T21:41:29","date_gmt":"2015-11-05T14:41:29","guid":{"rendered":"https:\/\/leminhphuoc.wordpress.com\/?page_id=1390"},"modified":"2023-09-03T12:24:08","modified_gmt":"2023-09-03T05:24:08","slug":"lop-2-2","status":"publish","type":"page","link":"https:\/\/trochoiamnhac.com\/index.php\/am-nhac-pho-thong\/chuong-trinh-am-nhac-2006\/hoc-lieu-am-nhac-tieu-hoc\/bai-hat\/lop-2-2\/","title":{"rendered":"B\u00e0i h\u00e1t L\u1edbp 2"},"content":{"rendered":"<ol>\n<li>Th\u1eadt l\u00e0 hay\u00a0<a href=\"https:\/\/youtu.be\/XA5XDzrZOq8\" target=\"_blank\" rel=\"noopener\">[Video]<\/a>\u00a0<a href=\"https:\/\/app.box.com\/s\/rgdu81xorbe85xmrv9vvirlks2quqcb6\" target=\"_blank\" rel=\"noopener\">[MIDI]<\/a>\u00a0<a href=\"https:\/\/app.box.com\/s\/tehgf4kn4xhqwfj9zmzm6vzkbj4czbk8\" target=\"_blank\" rel=\"noopener\">[mp3]<\/a>\u00a0<a href=\"https:\/\/app.box.com\/s\/y06k57fhhp8ya81nheenfeyf7z4k5hwk\" target=\"_blank\" rel=\"noopener\">[Ipad]<\/a>\u00a0<a href=\"http:\/\/leminhphuoc.esy.es\/hoclieu\/Lop2\/Baihat\/L2_01ThatlahayforAvidScorch.htm\" target=\"_blank\" rel=\"noopener\">[Scorch]<\/a>\u00a0<a href=\"https:\/\/app.box.com\/s\/m5gzsp6q3guiyzikj2fened1pl0dgywn\" target=\"_blank\" rel=\"noopener\">[Sheet]<\/a><\/li>\n<li>X\u00f2e hoa <a href=\"https:\/\/youtu.be\/euW6-YU3A1E\" target=\"_blank\" rel=\"noopener\">[Video]<\/a>\u00a0<a href=\"https:\/\/app.box.com\/s\/o0pstkjp4timcx8q6env0wiq3ri6r4hi\" target=\"_blank\" rel=\"noopener\">[MIDI]<\/a> <a href=\"https:\/\/app.box.com\/s\/no5qpb2hj0il67u22zgbzsarnoq7tovj\" target=\"_blank\" rel=\"noopener\">[mp3]<\/a> <a href=\"https:\/\/app.box.com\/s\/r59rof4xrf5ty2sf0jnmcd0y5ttxisbw\" target=\"_blank\" rel=\"noopener\">[Ipad]<\/a> <a href=\"http:\/\/leminhphuoc.esy.es\/hoclieu\/Lop2\/Baihat\/L2_02XoehoaforAvidScorch.htm\" target=\"_blank\" rel=\"noopener\">[Scorch]<\/a>\u00a0<a href=\"https:\/\/app.box.com\/s\/jor95c8hu8ztv9xh5ns2oti1lg0ck9bq\" target=\"_blank\" rel=\"noopener\">[Sheet]<\/a><\/li>\n<li>M\u00faa vui <a href=\"https:\/\/youtu.be\/gorzfIOv0Hk\" target=\"_blank\" rel=\"noopener\">[Video]<\/a>\u00a0<a href=\"https:\/\/app.box.com\/s\/qfmcc8yohlsfou75lcx8if3chsx7mjw5\" target=\"_blank\" rel=\"noopener\">[MIDI]<\/a> <a href=\"https:\/\/app.box.com\/s\/71slvunxmhz5wdyzaf3337olhgyi8871\" target=\"_blank\" rel=\"noopener\">[mp3]<\/a> <a href=\"https:\/\/app.box.com\/s\/e1l00enc4j5eylwcygkqfnnqoy2yjry5\" target=\"_blank\" rel=\"noopener\">[Ipad]<\/a> <a href=\"http:\/\/leminhphuoc.esy.es\/hoclieu\/Lop2\/Baihat\/L2_03MuavuiforAvidScorch.htm\" target=\"_blank\" rel=\"noopener\">[Scorch]<\/a>\u00a0<a href=\"https:\/\/app.box.com\/s\/2elsh47s0xv2avsjdfuy6krn0kqzijl2\" target=\"_blank\" rel=\"noopener\">[Sheet]<\/a><\/li>\n<li>Ch\u00fac m\u1eebng sinh nh\u1eadt <a href=\"https:\/\/youtu.be\/1YdnEPGtVqI?list=PLxs_kYWxveumF9be2kXKQrQoDZLIOe7wO\" target=\"_blank\" rel=\"noopener\">[Video]<\/a>\u00a0<a href=\"https:\/\/app.box.com\/s\/ha01mvqk7jqh3aqowgc85epb5bbwe2oi\" target=\"_blank\" rel=\"noopener\">[MIDI]<\/a> <a href=\"https:\/\/app.box.com\/s\/jtgcoriju6nb3br73297fupjkmo7ceni\" target=\"_blank\" rel=\"noopener\">[mp3]<\/a> <a href=\"https:\/\/app.box.com\/s\/f8xbrzsqdlfmbpp3rydt8mnt7axyrl2f\" target=\"_blank\" rel=\"noopener\">[Ipad]<\/a> <a href=\"http:\/\/leminhphuoc.esy.es\/hoclieu\/Lop2\/Baihat\/L2_04ChucmungsinhnhatforAvidScorch.htm\" target=\"_blank\" rel=\"noopener\">[Scorch]<\/a>\u00a0<a href=\"https:\/\/app.box.com\/s\/8txq3839x85r087d9ru8mh0nn248504l\" target=\"_blank\" rel=\"noopener\">[Sheet]<\/a><\/li>\n<li>C\u1ed9c c\u00e1ch t\u00f9ng cheng <a href=\"https:\/\/youtu.be\/qUvfUcDAMfk\" target=\"_blank\" rel=\"noopener\">[Video]<\/a>\u00a0<a href=\"https:\/\/app.box.com\/s\/lwwdbeywvojoqsfro9wl30s6i9vxscx0\" target=\"_blank\" rel=\"noopener\">[MIDI]<\/a> <a href=\"https:\/\/app.box.com\/s\/xsa7aqbxgnm367jhxj4qv8xpp6masw64\" target=\"_blank\" rel=\"noopener\">[mp3]<\/a> <a href=\"https:\/\/app.box.com\/s\/auelf2fwo0vgvxrx1odadfva153blmdq\" target=\"_blank\" rel=\"noopener\">[Ipad]<\/a> <a href=\"http:\/\/leminhphuoc.esy.es\/hoclieu\/Lop2\/Baihat\/L2_05Coccachtungcheng.htm\" target=\"_blank\" rel=\"noopener\">[Scorch]<\/a>\u00a0<a href=\"https:\/\/app.box.com\/s\/jjw4ei7xc8eq7nfmz0m9llgucre2wjxz\" target=\"_blank\" rel=\"noopener\">[Sheet]<\/a><\/li>\n<li>Chi\u1ebfn s\u0129 t\u00ed hon <a href=\"https:\/\/youtu.be\/txogHo2cJbk\" target=\"_blank\" rel=\"noopener\">[Video]<\/a>\u00a0<a href=\"https:\/\/app.box.com\/s\/of7wd51t3szz090fcm6puxcn5twpdwfi\" target=\"_blank\" rel=\"noopener\">[MIDI]<\/a>\u00a0<a href=\"https:\/\/app.box.com\/s\/zm6g5lp389qo9k8y23g6liq7j9yjir46\" target=\"_blank\" rel=\"noopener\">[mp3]<\/a> <a href=\"https:\/\/app.box.com\/s\/qb0pqu4llgl2rehcc2jqika91cyfeexl\" target=\"_blank\" rel=\"noopener\">[Ipad]<\/a> <a href=\"http:\/\/leminhphuoc.esy.es\/hoclieu\/Lop2\/Baihat\/L2_06ChiensitihonforAvidScorch.htm\" target=\"_blank\" rel=\"noopener\">[Scorch]<\/a>\u00a0<a href=\"https:\/\/app.box.com\/s\/m4iv4lfinotoikmy4ix572d6dqz0aqcq\" target=\"_blank\" rel=\"noopener\">[Sheet]<\/a><\/li>\n<li>Tr\u00ean con \u0111\u01b0\u1eddng \u0111\u1ebfn tr\u01b0\u1eddng <a href=\"https:\/\/youtu.be\/tlmsVMwaE0Q\" target=\"_blank\" rel=\"noopener\">[Video]<\/a>\u00a0<a href=\"https:\/\/app.box.com\/s\/hwyalp1621hpryv5hgdkq01k78l3lutm\" target=\"_blank\" rel=\"noopener\">[MIDI]<\/a>\u00a0<a href=\"https:\/\/app.box.com\/s\/is988molaby5ux2kqlfb5rt59ivs5s63\" target=\"_blank\" rel=\"noopener\">[mp3]<\/a>\u00a0<a href=\"https:\/\/app.box.com\/s\/ef37lg0p3nb42kesqsq25mq88l81w16m\" target=\"_blank\" rel=\"noopener\">[Ipad]<\/a>\u00a0<a href=\"http:\/\/leminhphuoc.esy.es\/hoclieu\/Lop2\/Baihat\/L2_07TrenconduongdentruongforAvidScorch.htm\" target=\"_blank\" rel=\"noopener\">[Scorch]<\/a>\u00a0<a href=\"https:\/\/app.box.com\/s\/hvbvpjvpul9zm8h3a0bv3seapi0y3knh\" target=\"_blank\" rel=\"noopener\">[Sheet]<\/a><\/li>\n<li>Hoa l\u00e1 m\u00f9a xu\u00e2n <a href=\"https:\/\/youtu.be\/F0Kh66cyoJE\" target=\"_blank\" rel=\"noopener\">[Video]<\/a> <a href=\"https:\/\/app.box.com\/s\/h42fhjlihjdr31k7txaatanc6xpwj478\" target=\"_blank\" rel=\"noopener\">[MIDI]<\/a> <a href=\"https:\/\/app.box.com\/s\/ihxap2v2lt3qbzfyp5grmtrkuewexz00\" target=\"_blank\" rel=\"noopener\">[mp3]<\/a> <a href=\"https:\/\/app.box.com\/s\/sn3np5j8jvi4l90c3rtpqsyo7mflal73\" target=\"_blank\" rel=\"noopener\">[Ipad]<\/a> <a href=\"http:\/\/leminhphuoc.esy.es\/hoclieu\/Lop2\/Baihat\/L2_08HoalamuaxuanforAvidScorch.htm\" target=\"_blank\" rel=\"noopener\">[Scorch]<\/a> <a href=\"https:\/\/app.box.com\/s\/trmstgrwwc1bncmjcrpvne0hj7hcyn7h\" target=\"_blank\" rel=\"noopener\">[Sheet]<\/a><\/li>\n<li>Ch\u00fa chim nh\u1ecf d\u1ec5 th\u01b0\u01a1ng <a href=\"https:\/\/youtu.be\/mM1uY1yzpA0?list=PLxs_kYWxveumF9be2kXKQrQoDZLIOe7wO\" target=\"_blank\" rel=\"noopener\">[Video]<\/a> <a href=\"https:\/\/app.box.com\/s\/xyvrup48tov6mxx1n0w7d1x13s7pty89\" target=\"_blank\" rel=\"noopener\">[MIDI]<\/a> <a href=\"https:\/\/app.box.com\/s\/17ypkpnjo5me8xbdt986ujsndyk6mtnp\" target=\"_blank\" rel=\"noopener\">[mp3]<\/a> <a href=\"https:\/\/app.box.com\/s\/kg4joh2v0uh2xsoz6248tskmgymj570x\" target=\"_blank\" rel=\"noopener\">[Ipad]<\/a> <a href=\"http:\/\/leminhphuoc.esy.es\/hoclieu\/Lop2\/Baihat\/L2_09ChuchimnhodethuongforAvidScorch.htm\" target=\"_blank\" rel=\"noopener\">[Scorch]<\/a> <a href=\"https:\/\/app.box.com\/s\/hc48b3ksqtnl6aya5bagw011wxgg637i\" target=\"_blank\" rel=\"noopener\">[Sheet]<\/a><\/li>\n<li>Chim ch\u00edch b\u00f4ng <a href=\"https:\/\/youtu.be\/xTTLpLGBGvo?list=PLxs_kYWxveumF9be2kXKQrQoDZLIOe7wO\" target=\"_blank\" rel=\"noopener\">[Video]<\/a> <a href=\"https:\/\/app.box.com\/s\/88jruv7bz3w943e6ne5ouhgfc25kn7a5\" target=\"_blank\" rel=\"noopener\">[MIDI]<\/a> <a href=\"https:\/\/app.box.com\/s\/kyjav1se3wgaedmj7f5kxhjudt32uvju\" target=\"_blank\" rel=\"noopener\">[mp3]<\/a> <a href=\"https:\/\/app.box.com\/s\/bwahd2pj7dow1r298j558hrsz9dbh0qh\" target=\"_blank\" rel=\"noopener\">[Ipad]<\/a> <a href=\"http:\/\/leminhphuoc.esy.es\/hoclieu\/Lop2\/Baihat\/L2_10ChimchichbongforAvidScorch.htm\" target=\"_blank\" rel=\"noopener\">[Scorch]<\/a> <a href=\"https:\/\/app.box.com\/s\/z6c8sq1a6jx5x4uxa4hn3uzbuue3v11o\" target=\"_blank\" rel=\"noopener\">[Sheet]<\/a><\/li>\n<li>Ch\u00fa \u1ebfch con <a href=\"https:\/\/youtu.be\/SYCix6x60Ig\" target=\"_blank\" rel=\"noopener\">[Video]<\/a> <a href=\"https:\/\/app.box.com\/s\/bg7cf2h9g1ijsjmqzbuo9j95wdafqqb3\" target=\"_blank\" rel=\"noopener\">[MIDI]<\/a> <a href=\"https:\/\/app.box.com\/s\/b9jb829xtq9jyrov9dhtmyzdun3vb65f\" target=\"_blank\" rel=\"noopener\">[mp3]<\/a> <a href=\"https:\/\/app.box.com\/s\/lol1eguq8rtx899dxmwi34p6ym0vpbdk\" target=\"_blank\" rel=\"noopener\">[Ipad]<\/a> <a href=\"http:\/\/leminhphuoc.esy.es\/hoclieu\/Lop2\/Baihat\/L2_11ChuechconforAvidScorch.htm\" target=\"_blank\" rel=\"noopener\">[Scorch]<\/a> <a href=\"https:\/\/app.box.com\/s\/maihx7mvrox1jhvs1t8p0fnaoq2vbyoa\" target=\"_blank\" rel=\"noopener\">[Sheet]<\/a><\/li>\n<li>B\u1eafc kim thang\u00a0<a href=\"https:\/\/youtu.be\/gyiE3Q_2b2I\" target=\"_blank\" rel=\"noopener\">[Video]<\/a> <a href=\"https:\/\/app.box.com\/s\/gqc54x0akq6q68r3jxqn5e231xsjai36\" target=\"_blank\" rel=\"noopener\">[MIDI]<\/a> <a href=\"https:\/\/app.box.com\/s\/r1yzbtzbcm7q0wf6mwowqrgsecslbghj\" target=\"_blank\" rel=\"noopener\">[mp3]<\/a> <a href=\"https:\/\/app.box.com\/s\/uyr1xli7yp44xdbas4hlrga4oazyooib\" target=\"_blank\" rel=\"noopener\">[Ipad]<\/a> <a href=\"http:\/\/leminhphuoc.esy.es\/hoclieu\/Lop2\/Baihat\/L2_12BackimthangforAvidScorch.htm\" target=\"_blank\" rel=\"noopener\">[Scorch]<\/a> <a href=\"https:\/\/app.box.com\/s\/bux2jlhi2wvos29xwxeew0m7fmmg5rhz\" target=\"_blank\" rel=\"noopener\">[Sheet]<\/a><\/li>\n<li>Chim bay c\u00f2 bay\u00a0<a href=\"https:\/\/youtu.be\/-k81gdGnfL0\">[Video]<\/a>\u00a0<a href=\"https:\/\/app.box.com\/s\/c3t0ougxzqgv8gg108rtomo35m7hsmw9\">[MIDI]<\/a>\u00a0<a href=\"https:\/\/app.box.com\/s\/qcjjve7calndx5nuxqfftcm2h2jwi3k3\">[mp3]<\/a>\u00a0<a href=\"https:\/\/app.box.com\/s\/s74tt9u4ni13hz1wtg1gq4bqrn2meny2\">[Ipad]<\/a>\u00a0<a href=\"https:\/\/app.box.com\/s\/khe5rk9m7v7s20xqipo6cqky5uqjckes\">[Sheet]<\/a><\/li>\n<li>M\u1eb9 \u0111i v\u1eafng\u00a0<a href=\"https:\/\/youtu.be\/P23LpaWCYE8\">[Video]<\/a>\u00a0<a href=\"https:\/\/app.box.com\/s\/d0351yp7bxgiu97yfkpgdf5jf5srblqv\">[MIDI]<\/a>\u00a0<a href=\"https:\/\/app.box.com\/s\/in1ev7a41hnehfm8jtutjhl57dw4w0yi\">[mp3]<\/a>\u00a0<a href=\"https:\/\/app.box.com\/s\/yz247efox4fp8l19elgolaih112qk1uc\">[Ipad]<\/a>\u00a0<a href=\"https:\/\/app.box.com\/s\/5bjq5bvkq2kxtixxj8m64cf2rfa4bp6i\">[Sheet]<\/a><\/li>\n<li>B\u00e0 c\u00f2ng \u0111i ch\u1ee3\u00a0<a href=\"https:\/\/youtu.be\/vcLkqJnWDEI\">[Video]<\/a>\u00a0<a href=\"https:\/\/app.box.com\/s\/t6t5prot8usi7j6evte0ldx0wypkzrb6\">[MIDI]<\/a>\u00a0<a href=\"https:\/\/app.box.com\/s\/m2y05z7zcdssg5a0omj24n51qv6m6e6i\">[mp3]<\/a>\u00a0<a href=\"https:\/\/app.box.com\/s\/1om4bxvi3wny02306bentvnzv37hdqt0\">[Ipad]<\/a>\u00a0<a href=\"https:\/\/app.box.com\/s\/l6o6tbkbxtkecig9p7394j0bfuv7kpqv\">[Sheet]<\/a><\/li>\n<li>H\u00e1i hoa b\u00ean r\u1eebng\u00a0<a href=\"https:\/\/youtu.be\/iDuO8OpuNfo\">[Video]<\/a>\u00a0<a href=\"https:\/\/app.box.com\/s\/kj8kdcpr1gi6pcx0xv1jn549w3fh96uo\">[MIDI]<\/a>\u00a0<a href=\"https:\/\/app.box.com\/s\/6ydxkoi2co7e3sik3hrianugxpfe9uid\">[mp3]<\/a>\u00a0<a href=\"https:\/\/app.box.com\/s\/6n6rmbf5zze6ctzvq5rhm6zs53lf6j96\">[Ipad]<\/a>\u00a0<a href=\"https:\/\/app.box.com\/s\/tfny2r4cm236e4c20120nskfpt8r6svj\">[Sheet]<\/a><\/li>\n<li>Tr\u00e2u l\u00e1 \u0111a\u00a0<a href=\"https:\/\/youtu.be\/VutWxO8fbZs\">[Video]<\/a>\u00a0<a href=\"https:\/\/app.box.com\/s\/ujx1qbjxj4kb2bnhvvoau09riwa7e95j\">[MIDI]<\/a>\u00a0<a href=\"https:\/\/app.box.com\/s\/oqk7i1ufr1j6z8bqexiquyorw540x81l\">[mp3]<\/a>\u00a0<a href=\"https:\/\/app.box.com\/s\/pud9u1gqm6i1t2pz7r5qjhysrad0zxuh\">[Ipad]<\/a>\u00a0<a href=\"https:\/\/app.box.com\/s\/f9xedhdbbsclatl5gq68renh25a6xuia\">[Sheet]<\/a><\/li>\n<li>Ai d\u1eady s\u1edbm\u00a0<a href=\"https:\/\/youtu.be\/74AmKqp9VrM\">[Video]<\/a>\u00a0<a href=\"https:\/\/app.box.com\/s\/bvf2kso1duuhkz3orjpd213r41l3cdjv\">[MIDI]<\/a>\u00a0<a href=\"https:\/\/app.box.com\/s\/eofbq2tlstm9hjx1o47a6mu2qxxwtspy\">[mp3]<\/a>\u00a0<a href=\"https:\/\/app.box.com\/s\/pry7grt0yckqkd7q2zgwgodx1xekvmcr\">[Ipad]<\/a>\u00a0<a href=\"https:\/\/app.box.com\/s\/p454yzaqst7teejdronlj3kxldgkegt8\">[Sheet]<\/a><\/li>\n<\/ol>\n\n<ul class=\"wp-block-categories-list wp-block-categories\">\t<li class=\"cat-item cat-item-38\"><a href=\"https:\/\/trochoiamnhac.com\/index.php\/category\/tin-hoc-am-nhac\/audacity\/\">Audacity<\/a>\n<\/li>\n\t<li class=\"cat-item cat-item-39\"><a href=\"https:\/\/trochoiamnhac.com\/index.php\/category\/phuong-phap-day-hoc-am-nhac\/bai-viet\/\">B\u00e0i vi\u1ebft<\/a>\n<\/li>\n\t<li class=\"cat-item cat-item-1\"><a href=\"https:\/\/trochoiamnhac.com\/index.php\/category\/blog\/\">Blog<\/a>\n<\/li>\n\t<li class=\"cat-item cat-item-37\"><a href=\"https:\/\/trochoiamnhac.com\/index.php\/category\/tin-hoc-am-nhac\/ms-powerpoint\/\">Ms. PowerPoint<\/a>\n<\/li>\n\t<li class=\"cat-item cat-item-34\"><a href=\"https:\/\/trochoiamnhac.com\/index.php\/category\/tin-hoc-am-nhac\/musescore\/\">Musescore<\/a>\n<\/li>\n\t<li class=\"cat-item cat-item-35\"><a href=\"https:\/\/trochoiamnhac.com\/index.php\/category\/tin-hoc-am-nhac\/openshot\/\">OpenShot<\/a>\n<\/li>\n\t<li class=\"cat-item cat-item-31\"><a href=\"https:\/\/trochoiamnhac.com\/index.php\/category\/phuong-phap-day-hoc-am-nhac\/\">PHDH \u00c2M NH\u1ea0C<\/a>\n<\/li>\n\t<li class=\"cat-item cat-item-36\"><a href=\"https:\/\/trochoiamnhac.com\/index.php\/category\/tin-hoc-am-nhac\/photoscape-x\/\">PhotoScape X<\/a>\n<\/li>\n\t<li class=\"cat-item cat-item-44\"><a href=\"https:\/\/trochoiamnhac.com\/index.php\/category\/sang-tac\/\">S\u00e1ng t\u00e1c<\/a>\n<\/li>\n\t<li class=\"cat-item cat-item-46\"><a href=\"https:\/\/trochoiamnhac.com\/index.php\/category\/tro-choi-am-nhac\/suu-tap\/\">S\u01b0u t\u1eadp<\/a>\n<\/li>\n\t<li class=\"cat-item cat-item-42\"><a href=\"https:\/\/trochoiamnhac.com\/index.php\/category\/tro-choi-am-nhac\/thiet-ke-tro-choi\/\">Thi\u1ebft k\u1ebf tr\u00f2 ch\u01a1i<\/a>\n<\/li>\n\t<li class=\"cat-item cat-item-15\"><a href=\"https:\/\/trochoiamnhac.com\/index.php\/category\/tin-hoc-am-nhac\/\">Tin h\u1ecdc \u00e2m nh\u1ea1c<\/a>\n<\/li>\n\t<li class=\"cat-item cat-item-32\"><a href=\"https:\/\/trochoiamnhac.com\/index.php\/category\/tro-choi-am-nhac\/\">Tr\u00f2 ch\u01a1i \u00e2m nh\u1ea1c<\/a>\n<\/li>\n\t<li class=\"cat-item cat-item-41\"><a href=\"https:\/\/trochoiamnhac.com\/index.php\/category\/tro-choi-am-nhac\/tro-choi-tuong-tac\/\">Tr\u00f2 ch\u01a1i t\u01b0\u01a1ng t\u00e1c<\/a>\n<\/li>\n\t<li class=\"cat-item cat-item-40\"><a href=\"https:\/\/trochoiamnhac.com\/index.php\/category\/phuong-phap-day-hoc-am-nhac\/van-dung\/\">V\u1eadn d\u1ee5ng<\/a>\n<\/li>\n<\/ul>","protected":false},"excerpt":{"rendered":"<p>Th\u1eadt l\u00e0 hay\u00a0[Video]\u00a0[MIDI]\u00a0[mp3]\u00a0[Ipad]\u00a0[Scorch]\u00a0[Sheet] X\u00f2e hoa [Video]\u00a0[MIDI] [mp3] [Ipad] [Scorch]\u00a0[Sheet] M\u00faa vui [Video]\u00a0[MIDI] [mp3] [Ipad] [Scorch]\u00a0[Sheet] Ch\u00fac m\u1eebng sinh nh\u1eadt [Video]\u00a0[MIDI] [mp3] [Ipad] [Scorch]\u00a0[Sheet] C\u1ed9c c\u00e1ch [&hellip;]<\/p>\n","protected":false},"author":2,"featured_media":0,"parent":1617,"menu_order":0,"comment_status":"closed","ping_status":"closed","template":"","meta":{"om_disable_all_campaigns":false,"_monsterinsights_skip_tracking":false,"_monsterinsights_sitenote_active":false,"_monsterinsights_sitenote_note":"","_monsterinsights_sitenote_category":0,"_uf_show_specific_survey":0,"_uf_disable_surveys":false,"footnotes":""},"class_list":["post-1390","page","type-page","status-publish","hentry"],"aioseo_notices":[],"_links":{"self":[{"href":"https:\/\/trochoiamnhac.com\/index.php\/wp-json\/wp\/v2\/pages\/1390","targetHints":{"allow":["GET"]}}],"collection":[{"href":"https:\/\/trochoiamnhac.com\/index.php\/wp-json\/wp\/v2\/pages"}],"about":[{"href":"https:\/\/trochoiamnhac.com\/index.php\/wp-json\/wp\/v2\/types\/page"}],"author":[{"embeddable":true,"href":"https:\/\/trochoiamnhac.com\/index.php\/wp-json\/wp\/v2\/users\/2"}],"replies":[{"embeddable":true,"href":"https:\/\/trochoiamnhac.com\/index.php\/wp-json\/wp\/v2\/comments?post=1390"}],"version-history":[{"count":1,"href":"https:\/\/trochoiamnhac.com\/index.php\/wp-json\/wp\/v2\/pages\/1390\/revisions"}],"predecessor-version":[{"id":2217,"href":"https:\/\/trochoiamnhac.com\/index.php\/wp-json\/wp\/v2\/pages\/1390\/revisions\/2217"}],"up":[{"embeddable":true,"href":"https:\/\/trochoiamnhac.com\/index.php\/wp-json\/wp\/v2\/pages\/1617"}],"wp:attachment":[{"href":"https:\/\/trochoiamnhac.com\/index.php\/wp-json\/wp\/v2\/media?parent=1390"}],"curies":[{"name":"wp","href":"https:\/\/api.w.org\/{rel}","templated":true}]}}