{"id":1369,"date":"2015-11-03T22:18:31","date_gmt":"2015-11-03T15:18:31","guid":{"rendered":"https:\/\/leminhphuoc.wordpress.com\/?page_id=1369"},"modified":"2023-09-04T19:03:45","modified_gmt":"2023-09-04T12:03:45","slug":"lop-1-2","status":"publish","type":"page","link":"https:\/\/trochoiamnhac.com\/index.php\/am-nhac-pho-thong\/chuong-trinh-am-nhac-2006\/hoc-lieu-am-nhac-tieu-hoc\/bai-hat\/lop-1-2\/","title":{"rendered":"B\u00e0i h\u00e1t L\u1edbp 1"},"content":{"rendered":"<ol>\n<li>Qu\u00ea h\u01b0\u01a1ng t\u01b0\u01a1i \u0111\u1eb9p <a href=\"https:\/\/youtu.be\/m0ZltPr2MQE?list=PLxs_kYWxveun5vRw9yzG_k9Q6sjh5w3V5\" target=\"_blank\" rel=\"noopener\">[Video]<\/a>\u00a0<a href=\"https:\/\/app.box.com\/s\/hjwsuoqqor7vh9d0ac1i8rnn1q3a5nag\" target=\"_blank\" rel=\"noopener\">[MIDI]<\/a>\u00a0<a href=\"https:\/\/app.box.com\/s\/slco9se0kek6ombuc92rf95u4544pu8a\" target=\"_blank\" rel=\"noopener\">[mp3]<\/a>\u00a0<a href=\"https:\/\/app.box.com\/s\/ghl7r89o8sd2op9nfmlxlaxv3ff5sjj4\" target=\"_blank\" rel=\"noopener\">[Ipad]<\/a>\u00a0<a href=\"http:\/\/leminhphuoc.esy.es\/hoclieu\/Lop1\/Baihat\/Arr_01_QuehuongtuoidepforAvidScorch.htm\" target=\"_blank\" rel=\"noopener\">[Scorch]<\/a>\u00a0<a href=\"https:\/\/app.box.com\/s\/401bfja1adfj7t6ppyd5jwamqd6f3o0d\" target=\"_blank\" rel=\"noopener\">[Sheet]<\/a><\/li>\n<li>M\u1eddi b\u1ea1n vui m\u00faa ca <a href=\"https:\/\/youtu.be\/ZjmJr4W3v4A?list=PLxs_kYWxveun5vRw9yzG_k9Q6sjh5w3V5\" target=\"_blank\" rel=\"noopener\">[Video]<\/a>\u00a0<a href=\"https:\/\/app.box.com\/s\/yg5fmd90c9dumnzf5rz6vd3m8uohbwrp\" target=\"_blank\" rel=\"noopener\">[MIDI]<\/a>\u00a0<a href=\"https:\/\/app.box.com\/s\/41d48mayyzry3elyxnvbvouwluz81a7m\" target=\"_blank\" rel=\"noopener\">[mp3]<\/a>\u00a0<a href=\"https:\/\/app.box.com\/s\/7n7m3apv150dqpl34nf4gyyimqq18aye\" target=\"_blank\" rel=\"noopener\">[Ipad]<\/a>\u00a0<a href=\"http:\/\/leminhphuoc.esy.es\/hoclieu\/Lop1\/Baihat\/Arr_02_MoibanvuimuacaforAvidScorch.htm\" target=\"_blank\" rel=\"noopener\">[Scorch]<\/a>\u00a0<a href=\"https:\/\/app.box.com\/s\/lwfwv8evskdso0q4qs1sfjxszkar57re\" target=\"_blank\" rel=\"noopener\">[Sheet]<\/a><\/li>\n<li>T\u00ecm b\u1ea1n th\u00e2n <a href=\"https:\/\/youtu.be\/9ByOxdDGcq8?list=PLxs_kYWxveun5vRw9yzG_k9Q6sjh5w3V5\" target=\"_blank\" rel=\"noopener\">[Video]<\/a>\u00a0<a href=\"https:\/\/app.box.com\/s\/yleo445haqb1x398db53he7egnzm7f7t\" target=\"_blank\" rel=\"noopener\">[MIDI]<\/a>\u00a0<a href=\"https:\/\/app.box.com\/s\/u2ajof4seveydleexpqpi794jol9csq2\" target=\"_blank\" rel=\"noopener\">[mp3]<\/a>\u00a0<a href=\"https:\/\/app.box.com\/s\/7zzulasw970szqy6apl7qucju1ncwv8f\" target=\"_blank\" rel=\"noopener\">[Ipad]<\/a>\u00a0<a href=\"http:\/\/leminhphuoc.esy.es\/hoclieu\/Lop1\/Baihat\/Arr_03_TimbanthanforAvidScorch.htm\" target=\"_blank\" rel=\"noopener\">[Scorch]<\/a>\u00a0<a href=\"https:\/\/app.box.com\/s\/g4s870eoqfqf9t05mgwav16k1tpswu52\" target=\"_blank\" rel=\"noopener\">[Sheet]<\/a><\/li>\n<li>L\u00fd c\u00e2y xanh <a href=\"https:\/\/youtu.be\/uS-xOL7zvTs?list=PLxs_kYWxveun5vRw9yzG_k9Q6sjh5w3V5\" target=\"_blank\" rel=\"noopener\">[Video]<\/a>\u00a0<a href=\"https:\/\/app.box.com\/s\/ppn7on2mse6zewo39kfpako0qhso37cj\" target=\"_blank\" rel=\"noopener\">[MIDI]<\/a>\u00a0<a href=\"https:\/\/app.box.com\/s\/y5cet6qqxmorcwi2o1e11e27yt9yf4lr\" target=\"_blank\" rel=\"noopener\">[mp3]<\/a>\u00a0<a href=\"https:\/\/app.box.com\/s\/wv1siam0c41bu7qq2b7v7w88nth5ip2h\" target=\"_blank\" rel=\"noopener\">[Ipad]<\/a>\u00a0<a href=\"http:\/\/leminhphuoc.esy.es\/hoclieu\/Lop1\/Baihat\/Arr_04_LicayxanhforAvidScorch.htm\" target=\"_blank\" rel=\"noopener\">[Scorch]<\/a>\u00a0<a href=\"https:\/\/app.box.com\/s\/hjmkkyd3y3uwdojet2p7w4d9192tf2w4\" target=\"_blank\" rel=\"noopener\">[Sheet]<\/a><\/li>\n<li>\u0110\u00e0n g\u00e0 con <a href=\"https:\/\/youtu.be\/w0zlm1_9hpY?list=PLxs_kYWxveun5vRw9yzG_k9Q6sjh5w3V5\" target=\"_blank\" rel=\"noopener\">[Video]<\/a>\u00a0<a href=\"https:\/\/app.box.com\/s\/es4elhyupsflsrgbmw5s81tfcxnwlcvj\" target=\"_blank\" rel=\"noopener\">[MIDI]<\/a>\u00a0<a href=\"https:\/\/app.box.com\/s\/vhm9xxpkvoqoryrxiapqgnte2ogvzafs\" target=\"_blank\" rel=\"noopener\">[mp3]<\/a>\u00a0<a href=\"https:\/\/app.box.com\/s\/6aboz7n5wzlqh493istywtpgvi6nn1uy\" target=\"_blank\" rel=\"noopener\">[Ipad]<\/a>\u00a0<a href=\"http:\/\/leminhphuoc.esy.es\/hoclieu\/Lop1\/Baihat\/Arr_05_DangaconforAvidScorch.htm\" target=\"_blank\" rel=\"noopener\">[Scorch]<\/a>\u00a0<a href=\"https:\/\/app.box.com\/s\/mqu89qb2804kfo4li4h1dcmwo0njqwf8\" target=\"_blank\" rel=\"noopener\">[Sheet]<\/a><\/li>\n<li>S\u1eafp \u0111\u1ebfn T\u1ebft r\u1ed3i <a href=\"https:\/\/youtu.be\/sMOsG7jl3Yo?list=PLxs_kYWxveun5vRw9yzG_k9Q6sjh5w3V5\" target=\"_blank\" rel=\"noopener\">[Video]<\/a>\u00a0<a href=\"https:\/\/app.box.com\/s\/7f1ui2g027v2tsxi0ggawm9chthrwuaz\" target=\"_blank\" rel=\"noopener\">[MIDI]<\/a>\u00a0<a href=\"https:\/\/app.box.com\/s\/yndlcz4mrwt283pqj1oj4peopqzdp82l\" target=\"_blank\" rel=\"noopener\">[mp3]<\/a>\u00a0<a href=\"https:\/\/app.box.com\/s\/ekz25bfwc47t44vlvayrg640gs61mttw\" target=\"_blank\" rel=\"noopener\">[Ipad]<\/a>\u00a0<a href=\"http:\/\/leminhphuoc.esy.es\/hoclieu\/Lop1\/Baihat\/Arr_06_SapdentetroiforAvidScorch.htm\" target=\"_blank\" rel=\"noopener\">[Scorch]<\/a>\u00a0<a href=\"https:\/\/app.box.com\/s\/nr5swpkivbwt1ocsvki3i6l5a4rept25\" target=\"_blank\" rel=\"noopener\">[Sheet]<\/a><\/li>\n<li>B\u1ea7u tr\u1eddi xanh <a href=\"https:\/\/youtu.be\/VEcufMX2qPY?list=PLxs_kYWxveun5vRw9yzG_k9Q6sjh5w3V5\" target=\"_blank\" rel=\"noopener\">[Video]<\/a>\u00a0<a href=\"https:\/\/app.box.com\/s\/9dhxsm7ohhhzq5zbqmnnw727f1xkvym2\" target=\"_blank\" rel=\"noopener\">[MIDI]<\/a>\u00a0<a href=\"https:\/\/app.box.com\/s\/pmxqyhg5li503rbb1i7it7xx626b8pr4\" target=\"_blank\" rel=\"noopener\">[mp3]<\/a>\u00a0<a href=\"https:\/\/app.box.com\/s\/8ahlce9oo2ocrqfc9fdt8uwip1xue84u\" target=\"_blank\" rel=\"noopener\">[Ipad]<\/a>\u00a0<a href=\"http:\/\/leminhphuoc.esy.es\/hoclieu\/Lop1\/Baihat\/Arr_07_BautroixanhforAvidScorch.htm\" target=\"_blank\" rel=\"noopener\">[Scorch]<\/a>\u00a0<a href=\"https:\/\/app.box.com\/s\/g0ad1fayvx35aygmq7elwnvcte9o8e1c\" target=\"_blank\" rel=\"noopener\">[Sheet]<\/a><\/li>\n<li>T\u1eadp t\u1ea7m v\u00f4ng <a href=\"https:\/\/youtu.be\/q2CbIMqGyzo?list=PLxs_kYWxveun5vRw9yzG_k9Q6sjh5w3V5\" target=\"_blank\" rel=\"noopener\">[Video]<\/a>\u00a0<a href=\"https:\/\/app.box.com\/s\/vxg1txdfzd9uxblz1xj7yga9r1y75kxu\" target=\"_blank\" rel=\"noopener\">[MIDI]<\/a>\u00a0<a href=\"https:\/\/app.box.com\/s\/wfm49axiip8m0t5lg4wvgmxqok2x4z8u\" target=\"_blank\" rel=\"noopener\">[mp3]<\/a>\u00a0<a href=\"https:\/\/app.box.com\/s\/s2kc96peir8in8b5mbqly58t6wbm84yn\" target=\"_blank\" rel=\"noopener\">[Ipad]<\/a>\u00a0<a href=\"http:\/\/leminhphuoc.esy.es\/hoclieu\/Lop1\/Baihat\/Arr_08_TaptamvongforAvidScorch.htm\" target=\"_blank\" rel=\"noopener\">[Scorch]<\/a>\u00a0<a href=\"https:\/\/app.box.com\/s\/68rjwwi11w8lsa9nvmrjmp47pdl0ho85\" target=\"_blank\" rel=\"noopener\">[Sheet]<\/a><\/li>\n<li>Qu\u1ea3 <a href=\"https:\/\/youtu.be\/QGzTDXGbFHk?list=PLxs_kYWxveun5vRw9yzG_k9Q6sjh5w3V5\" target=\"_blank\" rel=\"noopener\">[Video]<\/a>\u00a0<a href=\"https:\/\/app.box.com\/s\/phvjzq0yw05xqg6odqlnku30orc0j30w\" target=\"_blank\" rel=\"noopener\">[MIDI]<\/a>\u00a0<a href=\"https:\/\/app.box.com\/s\/kjtlatz8k7jcgrvfal3jkbmijou7n75o\" target=\"_blank\" rel=\"noopener\">[mp3]<\/a>\u00a0<a href=\"https:\/\/app.box.com\/s\/5vpzin0tz7h3txwctlybl031m7mv2qdy\" target=\"_blank\" rel=\"noopener\">[Ipad]<\/a>\u00a0<a href=\"http:\/\/leminhphuoc.esy.es\/hoclieu\/Lop1\/Baihat\/Arr_09_QuaforAvidScorch.htm\" target=\"_blank\" rel=\"noopener\">[Scorch]<\/a>\u00a0[Sheet]<\/li>\n<li>H\u00f2a b\u00ecnh cho b\u00e9 <a href=\"https:\/\/youtu.be\/uTDCd6gxJCg?list=PLxs_kYWxveun5vRw9yzG_k9Q6sjh5w3V5\" target=\"_blank\" rel=\"noopener\">[Video]<\/a>\u00a0<a href=\"https:\/\/app.box.com\/s\/h2kldf98aebko9klrlm7hpnj84gbxxul\" target=\"_blank\" rel=\"noopener\">[MIDI]<\/a>\u00a0<a href=\"https:\/\/app.box.com\/s\/gicokcvuw7ux6zqtzmdio3h6436n0aqy\" target=\"_blank\" rel=\"noopener\">[mp3]<\/a>\u00a0<a href=\"https:\/\/app.box.com\/s\/nfsi9tl4zuw01xqto66vtaf03pjpj8v5\" target=\"_blank\" rel=\"noopener\">[Ipad]<\/a>\u00a0<a href=\"http:\/\/leminhphuoc.esy.es\/hoclieu\/Lop1\/Baihat\/Arr_10_HoabinhchobeforAvidScorch.htm\" target=\"_blank\" rel=\"noopener\">[Scorch]<\/a>\u00a0<a href=\"https:\/\/app.box.com\/s\/0wvsurk94og2tgrqigyujcvvhw3z5gcw\" target=\"_blank\" rel=\"noopener\">[Sheet]<\/a><\/li>\n<li>\u0110i t\u1edbi tr\u01b0\u1eddng <a href=\"https:\/\/youtu.be\/M4smEMZqHMQ?list=PLxs_kYWxveun5vRw9yzG_k9Q6sjh5w3V5\" target=\"_blank\" rel=\"noopener\">[Video]<\/a>\u00a0<a href=\"https:\/\/app.box.com\/s\/bwjw5ab4anv19h7s7ukol42ck35n6ugj\" target=\"_blank\" rel=\"noopener\">[MIDI]<\/a>\u00a0<a href=\"https:\/\/app.box.com\/s\/wyzg3g8xywgrunto80f4sf3ntcxrmbyv\" target=\"_blank\" rel=\"noopener\">[mp3]<\/a>\u00a0<a href=\"https:\/\/app.box.com\/s\/q4rzlwiwxozlcg1agsc9lm2aji9th812\" target=\"_blank\" rel=\"noopener\">[Ipad]<\/a>\u00a0<a href=\"http:\/\/leminhphuoc.esy.es\/hoclieu\/Lop1\/Baihat\/Arr_11_DitoitruongforAvidScorch.htm\" target=\"_blank\" rel=\"noopener\">[Scorch]<\/a>\u00a0<a href=\"https:\/\/app.box.com\/s\/1xlj85dtq493fz2zj2xpy4fv75xu65v3\" target=\"_blank\" rel=\"noopener\">[Sheet]<\/a><\/li>\n<li>N\u0103m ng\u00f3n tay ngoan <a href=\"https:\/\/youtu.be\/P4tH3x2V3bk?list=PLxs_kYWxveun5vRw9yzG_k9Q6sjh5w3V5\" target=\"_blank\" rel=\"noopener\">[Video]<\/a>\u00a0<a href=\"https:\/\/app.box.com\/s\/0xg60v2iyjx1yp55da70wv6iqf9ujb1f\" target=\"_blank\" rel=\"noopener\">[MIDI]<\/a>\u00a0<a href=\"https:\/\/app.box.com\/s\/nix4awafuuczwj6nw4srrh6d2ubppecy\" target=\"_blank\" rel=\"noopener\">[mp3]<\/a>\u00a0<a href=\"https:\/\/app.box.com\/s\/z9gc0i6tfa2eo7wrwmt7815e1gctk50m\" target=\"_blank\" rel=\"noopener\">[Ipad]<\/a>\u00a0<a href=\"http:\/\/leminhphuoc.esy.es\/hoclieu\/Lop1\/Baihat\/Arr_12_NamngontayngoanforAvidScorch.htm\" target=\"_blank\" rel=\"noopener\">[Scorch]<\/a>\u00a0<a href=\"https:\/\/app.box.com\/s\/ctpnpshwyzziymcuxkmcjxur7z3oz87m\" target=\"_blank\" rel=\"noopener\">[Sheet]<\/a><\/li>\n<li>N\u1eafng s\u1edbm\u00a0<a href=\"https:\/\/youtu.be\/afisbqzxULE\">[Video]<\/a>\u00a0<a href=\"https:\/\/app.box.com\/s\/975moo8ornkuwk6yoyf664p57o6s37js\">[MIDI]<\/a>\u00a0<a href=\"https:\/\/app.box.com\/s\/0u5g9q8jt62h4k1wk8mjsifil3yzl2we\">[mp3]<\/a>\u00a0<a href=\"https:\/\/app.box.com\/s\/9emux3kdfweuobjzgbumx4bep4m5fjlb\">[Ipad]<\/a>\u00a0<a href=\"https:\/\/app.box.com\/s\/cs4dbb2ivfd897yhfmx0k96hfn0kz1vy\">[Sheet]<\/a><\/li>\n<li>Qu\u1ea3 th\u1ecb\u00a0<a href=\"https:\/\/youtu.be\/6WQQBObrww0\">[Video]<\/a>\u00a0<a href=\"https:\/\/app.box.com\/s\/j653h2gehzwz5xzm29qcfdj6jcr5ukqc\">[MIDI]<\/a>\u00a0<a href=\"https:\/\/app.box.com\/s\/2qa256ex7g8jmgw4pyuwa91mlhnfhzys\">[mp3]<\/a>\u00a0<a href=\"https:\/\/app.box.com\/s\/npzzpmg8zjx36uib5w6emvimtefdaagc\">[Ipad]<\/a>\u00a0<a href=\"https:\/\/app.box.com\/s\/b48lo4qi5mub4e99ylmid1lrkhxgmaxu\">[Sheet]<\/a><\/li>\n<li>\u0110\u01b0\u1eddng v\u00e0 ch\u00e2n\u00a0<a href=\"https:\/\/youtu.be\/muV-EDeOYZE\">[Video]<\/a>\u00a0<a href=\"https:\/\/app.box.com\/s\/tbi2zdw5gvbr9kjpoillgmerdz88jvxx\">[MIDI]<\/a>\u00a0<a href=\"https:\/\/app.box.com\/s\/20z4pzlu2nrl2f2szlwo4dog896csi4w\">[mp3]<\/a>\u00a0<a href=\"https:\/\/app.box.com\/s\/6tmjyd4xzlqo8q7e4jynbr7nkttyfqf1\">[Ipad]<\/a>\u00a0<a href=\"https:\/\/app.box.com\/s\/aq79k29ia64j9ymgrdoaklruzq20dzhe\">[Sheet]<\/a><\/li>\n<li>C\u00e1i b\u1ed1ng\u00a0<a href=\"https:\/\/youtu.be\/bNzJOLNB6AI\">[Video]<\/a>\u00a0<a href=\"https:\/\/app.box.com\/s\/5zcib41856fhi8nwesi5we826zrqi6jq\">[MIDI]<\/a>\u00a0<a href=\"https:\/\/app.box.com\/s\/l1p4muciedek1j9bhfgvt0zj9jijo8wz\">[mp3]<\/a>\u00a0<a href=\"https:\/\/app.box.com\/s\/8eg4o6jbm2k7no49mw0kuhskyi7w1vk9\">[Ipad]<\/a>\u00a0<a href=\"https:\/\/app.box.com\/s\/56ob3pb0jzsi0rrdlxa98t4lne9elg2n\">[Sheet]<\/a><\/li>\n<li>Ti\u1ebfng ch\u00e0o theo em\u00a0<a href=\"https:\/\/youtu.be\/4E3Bsowizjs\">[Video]<\/a>\u00a0<a href=\"https:\/\/app.box.com\/s\/930pqj2ovxl77wga110ki9y1qty3w64b\">[MIDI]<\/a>\u00a0<a href=\"https:\/\/app.box.com\/s\/jq0dinwvvyvq44n8y7chd3lrzuck61hj\">[mp3]<\/a>\u00a0<a href=\"https:\/\/app.box.com\/s\/wgnctkqtmkjq0qanjjndqm59fd82z8cv\">[Ipad]<\/a>\u00a0<a href=\"https:\/\/app.box.com\/s\/r0j42tjx1wlk44tkhm1jwe3djb18ajtc\">[Sheet]<\/a><\/li>\n<li>Con \u1ebfch \u1ed9p\u00a0<a href=\"https:\/\/youtu.be\/B0tmGgB3dGQ\">[Video]<\/a>\u00a0<a href=\"https:\/\/app.box.com\/s\/092adz489uvpak95kkn7k6zxkoq92jga\">[MIDI]<\/a>\u00a0<a href=\"https:\/\/app.box.com\/s\/si0m99xhqxbf0idtbv598bv7ky2ie00q\">[mp3]<\/a>\u00a0<a href=\"https:\/\/app.box.com\/s\/y746zwgyfom683wi7yy4ntmeumeyammf\">[Ipad]<\/a>\u00a0<a href=\"https:\/\/app.box.com\/s\/moomiipbilw5vv2l4h2ituezdpcq3ash\">[Sheet]<\/a><\/li>\n<\/ol>\n\n<ul class=\"wp-block-categories-list wp-block-categories\">\t<li class=\"cat-item cat-item-38\"><a href=\"https:\/\/trochoiamnhac.com\/index.php\/category\/tin-hoc-am-nhac\/audacity\/\">Audacity<\/a>\n<\/li>\n\t<li class=\"cat-item cat-item-39\"><a href=\"https:\/\/trochoiamnhac.com\/index.php\/category\/phuong-phap-day-hoc-am-nhac\/bai-viet\/\">B\u00e0i vi\u1ebft<\/a>\n<\/li>\n\t<li class=\"cat-item cat-item-1\"><a href=\"https:\/\/trochoiamnhac.com\/index.php\/category\/blog\/\">Blog<\/a>\n<\/li>\n\t<li class=\"cat-item cat-item-37\"><a href=\"https:\/\/trochoiamnhac.com\/index.php\/category\/tin-hoc-am-nhac\/ms-powerpoint\/\">Ms. PowerPoint<\/a>\n<\/li>\n\t<li class=\"cat-item cat-item-34\"><a href=\"https:\/\/trochoiamnhac.com\/index.php\/category\/tin-hoc-am-nhac\/musescore\/\">Musescore<\/a>\n<\/li>\n\t<li class=\"cat-item cat-item-35\"><a href=\"https:\/\/trochoiamnhac.com\/index.php\/category\/tin-hoc-am-nhac\/openshot\/\">OpenShot<\/a>\n<\/li>\n\t<li class=\"cat-item cat-item-31\"><a href=\"https:\/\/trochoiamnhac.com\/index.php\/category\/phuong-phap-day-hoc-am-nhac\/\">PHDH \u00c2M NH\u1ea0C<\/a>\n<\/li>\n\t<li class=\"cat-item cat-item-36\"><a href=\"https:\/\/trochoiamnhac.com\/index.php\/category\/tin-hoc-am-nhac\/photoscape-x\/\">PhotoScape X<\/a>\n<\/li>\n\t<li class=\"cat-item cat-item-44\"><a href=\"https:\/\/trochoiamnhac.com\/index.php\/category\/sang-tac\/\">S\u00e1ng t\u00e1c<\/a>\n<\/li>\n\t<li class=\"cat-item cat-item-46\"><a href=\"https:\/\/trochoiamnhac.com\/index.php\/category\/tro-choi-am-nhac\/suu-tap\/\">S\u01b0u t\u1eadp<\/a>\n<\/li>\n\t<li class=\"cat-item cat-item-42\"><a href=\"https:\/\/trochoiamnhac.com\/index.php\/category\/tro-choi-am-nhac\/thiet-ke-tro-choi\/\">Thi\u1ebft k\u1ebf tr\u00f2 ch\u01a1i<\/a>\n<\/li>\n\t<li class=\"cat-item cat-item-15\"><a href=\"https:\/\/trochoiamnhac.com\/index.php\/category\/tin-hoc-am-nhac\/\">Tin h\u1ecdc \u00e2m nh\u1ea1c<\/a>\n<\/li>\n\t<li class=\"cat-item cat-item-32\"><a href=\"https:\/\/trochoiamnhac.com\/index.php\/category\/tro-choi-am-nhac\/\">Tr\u00f2 ch\u01a1i \u00e2m nh\u1ea1c<\/a>\n<\/li>\n\t<li class=\"cat-item cat-item-41\"><a href=\"https:\/\/trochoiamnhac.com\/index.php\/category\/tro-choi-am-nhac\/tro-choi-tuong-tac\/\">Tr\u00f2 ch\u01a1i t\u01b0\u01a1ng t\u00e1c<\/a>\n<\/li>\n\t<li class=\"cat-item cat-item-40\"><a href=\"https:\/\/trochoiamnhac.com\/index.php\/category\/phuong-phap-day-hoc-am-nhac\/van-dung\/\">V\u1eadn d\u1ee5ng<\/a>\n<\/li>\n<\/ul>","protected":false},"excerpt":{"rendered":"<p>Qu\u00ea h\u01b0\u01a1ng t\u01b0\u01a1i \u0111\u1eb9p [Video]\u00a0[MIDI]\u00a0[mp3]\u00a0[Ipad]\u00a0[Scorch]\u00a0[Sheet] M\u1eddi b\u1ea1n vui m\u00faa ca [Video]\u00a0[MIDI]\u00a0[mp3]\u00a0[Ipad]\u00a0[Scorch]\u00a0[Sheet] T\u00ecm b\u1ea1n th\u00e2n [Video]\u00a0[MIDI]\u00a0[mp3]\u00a0[Ipad]\u00a0[Scorch]\u00a0[Sheet] L\u00fd c\u00e2y xanh [Video]\u00a0[MIDI]\u00a0[mp3]\u00a0[Ipad]\u00a0[Scorch]\u00a0[Sheet] \u0110\u00e0n g\u00e0 con [Video]\u00a0[MIDI]\u00a0[mp3]\u00a0[Ipad]\u00a0[Scorch]\u00a0[Sheet] S\u1eafp \u0111\u1ebfn [&hellip;]<\/p>\n","protected":false},"author":2,"featured_media":0,"parent":1617,"menu_order":0,"comment_status":"closed","ping_status":"closed","template":"","meta":{"om_disable_all_campaigns":false,"_monsterinsights_skip_tracking":false,"_monsterinsights_sitenote_active":false,"_monsterinsights_sitenote_note":"","_monsterinsights_sitenote_category":0,"_uf_show_specific_survey":0,"_uf_disable_surveys":false,"footnotes":""},"class_list":["post-1369","page","type-page","status-publish","hentry"],"aioseo_notices":[],"_links":{"self":[{"href":"https:\/\/trochoiamnhac.com\/index.php\/wp-json\/wp\/v2\/pages\/1369","targetHints":{"allow":["GET"]}}],"collection":[{"href":"https:\/\/trochoiamnhac.com\/index.php\/wp-json\/wp\/v2\/pages"}],"about":[{"href":"https:\/\/trochoiamnhac.com\/index.php\/wp-json\/wp\/v2\/types\/page"}],"author":[{"embeddable":true,"href":"https:\/\/trochoiamnhac.com\/index.php\/wp-json\/wp\/v2\/users\/2"}],"replies":[{"embeddable":true,"href":"https:\/\/trochoiamnhac.com\/index.php\/wp-json\/wp\/v2\/comments?post=1369"}],"version-history":[{"count":1,"href":"https:\/\/trochoiamnhac.com\/index.php\/wp-json\/wp\/v2\/pages\/1369\/revisions"}],"predecessor-version":[{"id":2216,"href":"https:\/\/trochoiamnhac.com\/index.php\/wp-json\/wp\/v2\/pages\/1369\/revisions\/2216"}],"up":[{"embeddable":true,"href":"https:\/\/trochoiamnhac.com\/index.php\/wp-json\/wp\/v2\/pages\/1617"}],"wp:attachment":[{"href":"https:\/\/trochoiamnhac.com\/index.php\/wp-json\/wp\/v2\/media?parent=1369"}],"curies":[{"name":"wp","href":"https:\/\/api.w.org\/{rel}","templated":true}]}}