{"id":1353,"date":"2015-10-24T20:09:57","date_gmt":"2015-10-24T13:09:57","guid":{"rendered":"https:\/\/leminhphuoc.wordpress.com\/?page_id=1353"},"modified":"2023-09-03T12:25:09","modified_gmt":"2023-09-03T05:25:09","slug":"lop-5-2","status":"publish","type":"page","link":"https:\/\/trochoiamnhac.com\/index.php\/am-nhac-pho-thong\/chuong-trinh-am-nhac-2006\/hoc-lieu-am-nhac-tieu-hoc\/bai-hat\/lop-5-2\/","title":{"rendered":"B\u00e0i h\u00e1t L\u1edbp 5"},"content":{"rendered":"<ol>\n<li>Reo vang b\u00ecnh minh <a href=\"https:\/\/youtu.be\/aQ3JVxfcPJk\" target=\"_blank\" rel=\"noopener\">[Video]<\/a> <a href=\"https:\/\/app.box.com\/s\/v0mzkd9zg04ufa30s940jmhhyjvoy4qa\" target=\"_blank\" rel=\"noopener\">[MIDI]<\/a> <a href=\"https:\/\/app.box.com\/s\/wwgba5buhbqglmhnzba69z2jrkyzyyek\" target=\"_blank\" rel=\"noopener\">[mp3]<\/a> <a href=\"https:\/\/app.box.com\/s\/q9qn29pz6warxcp2pc5sjcito4g5zzgb\" target=\"_blank\" rel=\"noopener\">[Ipad]<\/a> <a href=\"http:\/\/leminhphuoc.esy.es\/hoclieu\/Lop5\/BaiHat\/L5_01ReovangbinhminhforAvidScorch.htm\" target=\"_blank\" rel=\"noopener\">[Scorch]<\/a> <a href=\"https:\/\/app.box.com\/s\/7ygyfy87k0602mdw1fe0pjbpoe15lxew\" target=\"_blank\" rel=\"noopener\">[Sheet]<\/a><\/li>\n<li>H\u00e3y gi\u1eef cho em b\u1ea7u tr\u1eddi xanh <a href=\"https:\/\/youtu.be\/RoKvwKKBZ2c\" target=\"_blank\" rel=\"noopener\">[Video]<\/a>\u00a0<a href=\"https:\/\/app.box.com\/s\/36w89xa7d8503e0gxhgkww95nfqxjahw\" target=\"_blank\" rel=\"noopener\">[MIDI]<\/a> <a href=\"https:\/\/app.box.com\/s\/w32vs3w8k7q69hlleu8zengdlwy1bark\" target=\"_blank\" rel=\"noopener\">[mp3]<\/a> <a href=\"https:\/\/app.box.com\/s\/p7fi70fswvh75durfo4sp7beu0l8oid4\" target=\"_blank\" rel=\"noopener\">[Ipad]<\/a> <a href=\"http:\/\/leminhphuoc.esy.es\/hoclieu\/Lop5\/BaiHat\/L5_02HaygiuchoembautroixanhforAvidScorch.htm\" target=\"_blank\" rel=\"noopener\">[Scorch]<\/a> <a href=\"https:\/\/app.box.com\/s\/6xwwsrf7oqxpaycar37pqj7lz6mv6icz\" target=\"_blank\" rel=\"noopener\">[Sheet]<\/a><\/li>\n<li>Con chim hay h\u00f3t <a href=\"https:\/\/youtu.be\/5utzhTARL6Y\" target=\"_blank\" rel=\"noopener\">[Video]<\/a> <a href=\"https:\/\/app.box.com\/s\/au8cx4zdvfwruxtxt3nlgcawho37rf3c\" target=\"_blank\" rel=\"noopener\">[MIDI]<\/a> <a href=\"https:\/\/app.box.com\/s\/3t9b48cbrm7dhjhrg1hdvfpius54xq8p\" target=\"_blank\" rel=\"noopener\">[mp3]<\/a> <a href=\"https:\/\/app.box.com\/s\/ajrtleix70tctzz1khykkawkxqh9ka8q\" target=\"_blank\" rel=\"noopener\">[Ipad]<\/a> <a href=\"http:\/\/leminhphuoc.esy.es\/hoclieu\/Lop5\/BaiHat\/L5_03ConchimhayhotforAvidScorch.htm\" target=\"_blank\" rel=\"noopener\">[Scorch]<\/a> <a href=\"https:\/\/app.box.com\/s\/3vhhvv891t05u1wci3jzvd2jq4ateqnj\" target=\"_blank\" rel=\"noopener\">[Sheet]<\/a><\/li>\n<li>Nh\u1eefng b\u00f4ng hoa nh\u1eefng\u00a0b\u00e0i ca\u00a0<a href=\"https:\/\/youtu.be\/0i8KrC9Fwwc\" target=\"_blank\" rel=\"noopener\">[Video]<\/a> <a href=\"https:\/\/app.box.com\/s\/8eglp6mrn0gfayqekwt0uaevo7zxz9za\" target=\"_blank\" rel=\"noopener\">[MIDI]<\/a> <a href=\"https:\/\/app.box.com\/s\/0aek45zhui408cmxemu1kdz1fmktkmo6\" target=\"_blank\" rel=\"noopener\">[mp3]<\/a> <a href=\"https:\/\/app.box.com\/s\/eek0yq25k5coeubiq0qenuu3fgkjql6j\" target=\"_blank\" rel=\"noopener\">[Ipad]<\/a> <a href=\"http:\/\/leminhphuoc.esy.es\/hoclieu\/Lop5\/BaiHat\/L5_04NhungbonghoanhungbaicaforAvidScorch.htm\" target=\"_blank\" rel=\"noopener\">[Scorch]<\/a> <a href=\"https:\/\/app.box.com\/s\/fly905l07gpnrckbp0cnzz42549752kz\" target=\"_blank\" rel=\"noopener\">[Sheet]<\/a><\/li>\n<li>\u01af\u1edbc m\u01a1 <a href=\"https:\/\/youtu.be\/u2XEDjuIH-w\" target=\"_blank\" rel=\"noopener\">[Video]<\/a> <a href=\"https:\/\/app.box.com\/s\/nvpr7iuvcicidl5mbbh4j936zrqqbsm9\" target=\"_blank\" rel=\"noopener\">[MIDI]<\/a> <a href=\"https:\/\/app.box.com\/s\/2nmyupx7l2p08mrk6dvk0goorct40ykk\" target=\"_blank\" rel=\"noopener\">[mp3]<\/a> <a href=\"https:\/\/app.box.com\/s\/h59t2xdxm9y0mtp69od3vedwm1p6gp3e\" target=\"_blank\" rel=\"noopener\">[Ipad]<\/a> <a href=\"http:\/\/leminhphuoc.esy.es\/hoclieu\/Lop5\/BaiHat\/L5_05UocmoforAvidScorch.htm\" target=\"_blank\" rel=\"noopener\">[Scorch]<\/a> <a href=\"https:\/\/app.box.com\/s\/0djwjwdwiuip1sdry061lib0g78me71y\" target=\"_blank\" rel=\"noopener\">[Sheet]<\/a><\/li>\n<li>H\u00e1t m\u1eebng <a href=\"https:\/\/youtu.be\/2W-dMipQ83A\" target=\"_blank\" rel=\"noopener\">[Video]<\/a> <a href=\"https:\/\/app.box.com\/s\/zgyv2ojn0q9385bsszie6c93xuozgjme\" target=\"_blank\" rel=\"noopener\">[MIDI]<\/a> <a href=\"https:\/\/app.box.com\/s\/ec8xkiaj0fs25uxa9w3g6y72nu3uoe5g\" target=\"_blank\" rel=\"noopener\">[mp3]<\/a> <a href=\"https:\/\/app.box.com\/s\/jjm8xum30zi8d5aoba8wrl6lwjny590f\" target=\"_blank\" rel=\"noopener\">[Ipad]<\/a> <a href=\"http:\/\/leminhphuoc.esy.es\/hoclieu\/Lop5\/BaiHat\/L5_06HatmungforAvidScorch.htm\" target=\"_blank\" rel=\"noopener\">[Scorch]<\/a> <a href=\"https:\/\/app.box.com\/s\/dmraiq302otm74y7u3gelovpt6oq6yd3\" target=\"_blank\" rel=\"noopener\">[Sheet]<\/a><\/li>\n<li>Tre ng\u00e0 b\u00ean l\u0103ng B\u00e1c <a href=\"https:\/\/youtu.be\/-r8ox2UASGE\" target=\"_blank\" rel=\"noopener\">[Video]<\/a> <a href=\"https:\/\/app.box.com\/s\/b0kv5xd5enf4b6inxaw8sc7ci73qdfde\" target=\"_blank\" rel=\"noopener\">[MIDI]<\/a> <a href=\"https:\/\/app.box.com\/s\/qmm1xw9om195td6gnheahati6kv0r3hv\" target=\"_blank\" rel=\"noopener\">[mp3]<\/a> <a href=\"https:\/\/app.box.com\/s\/n0q4gllxjky7hv3v43g1fmjedr56qpaz\" target=\"_blank\" rel=\"noopener\">[Ipad]<\/a> <a href=\"http:\/\/leminhphuoc.esy.es\/hoclieu\/Lop5\/BaiHat\/L5_07TrengabenlangBacforAvidScorch.htm\" target=\"_blank\" rel=\"noopener\">[Scorch]<\/a> <a href=\"https:\/\/app.box.com\/s\/c3wfp7wn9m7vjz2zuijm89w83d4wr5xi\" target=\"_blank\" rel=\"noopener\">[Sheet]<\/a><\/li>\n<li>M\u00e0u xanh qu\u00ea h\u01b0\u01a1ng\u00a0<a href=\"https:\/\/youtu.be\/nwXGq0oQnsg\" target=\"_blank\" rel=\"noopener\">[Video]<\/a> <a href=\"https:\/\/app.box.com\/s\/mvdd96rwcf8m92oonm1chge2yv479j2h\" target=\"_blank\" rel=\"noopener\">[MIDI]<\/a> <a href=\"https:\/\/app.box.com\/s\/96ptbpcicpajg166qdkvobtnbd0rhig3\" target=\"_blank\" rel=\"noopener\">[mp3]<\/a> <a href=\"https:\/\/app.box.com\/s\/yoszw8y8650vtns0cr8acwkz5ejfun3k\" target=\"_blank\" rel=\"noopener\">[Ipad]<\/a> <a href=\"http:\/\/leminhphuoc.esy.es\/hoclieu\/Lop5\/BaiHat\/L5_08MauxanhquehuongforAvidScorch.htm\" target=\"_blank\" rel=\"noopener\">[Scorch]<\/a> <a href=\"https:\/\/app.box.com\/s\/3pp9v1vjv37c80ic6vw2moznk21vzpme\" target=\"_blank\" rel=\"noopener\">[Sheet]<\/a><\/li>\n<li>Em v\u1eabn nh\u1edb tr\u01b0\u1eddng x\u01b0a <a href=\"https:\/\/youtu.be\/gVlDJWHolMc\" target=\"_blank\" rel=\"noopener\">[Video]<\/a>\u00a0<a href=\"https:\/\/app.box.com\/s\/5mg14td1fwhed2cbzgl0njqscnxisbqd\" target=\"_blank\" rel=\"noopener\">[MIDI]<\/a> <a href=\"https:\/\/app.box.com\/s\/k8ou5msuf9f2bvnp4wumy2fn7wsxdcnj\" target=\"_blank\" rel=\"noopener\">[mp3]<\/a> <a href=\"https:\/\/app.box.com\/s\/mtsejlirxc31t1xik5tq902pabaowmn7\" target=\"_blank\" rel=\"noopener\">[Ipad]<\/a> <a href=\"http:\/\/leminhphuoc.esy.es\/hoclieu\/Lop5\/BaiHat\/L5_09EmvannhotruongxuaforAvidScorch.htm\" target=\"_blank\" rel=\"noopener\">[Scorch]<\/a> <a href=\"https:\/\/app.box.com\/s\/9r2s484vjx99fmswqumtm07i49xcw7j3\" target=\"_blank\" rel=\"noopener\">[Sheet]<\/a><\/li>\n<li>D\u00e0n \u0111\u1ed3ng ca m\u00f9a h\u1ea1 <a href=\"https:\/\/youtu.be\/h_EzwETrfIs\" target=\"_blank\" rel=\"noopener\">[Video]<\/a> <a href=\"https:\/\/app.box.com\/s\/n0hu8xntot9vvg9bsmy0bysbyy9a4j92\" target=\"_blank\" rel=\"noopener\">[MIDI]<\/a> <a href=\"https:\/\/app.box.com\/s\/v6gvjynar1tpa7fnzwk6nvgficdzx614\" target=\"_blank\" rel=\"noopener\">[mp3]<\/a> <a href=\"https:\/\/app.box.com\/s\/5wqhkasx8ujeuydj17iudj76cf87hu10\" target=\"_blank\" rel=\"noopener\">[Ipad]<\/a> <a href=\"http:\/\/leminhphuoc.esy.es\/hoclieu\/Lop5\/BaiHat\/L5_10DandongcamuahaforAvidScorch.htm\" target=\"_blank\" rel=\"noopener\">[Scorch]<\/a> <a href=\"https:\/\/app.box.com\/s\/6hr3si8siltqq9waj94fz5dtwthzn2bs\" target=\"_blank\" rel=\"noopener\">[Sheet]<\/a><\/li>\n<li>M\u00f9a hoa ph\u01b0\u1ee3ng n\u1edf <a href=\"https:\/\/youtu.be\/cD7753vRfhA\" target=\"_blank\" rel=\"noopener\">[Video]<\/a> <a href=\"https:\/\/app.box.com\/s\/uy0091r2ng0nbrynu24zjl7c8bentc91\" target=\"_blank\" rel=\"noopener\">[MIDI]<\/a> <a href=\"https:\/\/app.box.com\/s\/l30q1oo9ux7spur87yu53cmu6bi442ep\" target=\"_blank\" rel=\"noopener\">[mp3]<\/a> <a href=\"https:\/\/app.box.com\/s\/iyb3uncg2cdhwqk5cr4w0r6kpj0aj6lw\" target=\"_blank\" rel=\"noopener\">[Ipad]<\/a> <a href=\"http:\/\/leminhphuoc.esy.es\/hoclieu\/OnTap\/MuahoaphuongnoforAvidScorch.htm\" target=\"_blank\" rel=\"noopener\">[Scorch]<\/a> <a href=\"https:\/\/app.box.com\/s\/i0fzmg5wygsphppyid2vrogb1zq1s4nn\" target=\"_blank\" rel=\"noopener\">[Sheet]<\/a><\/li>\n<li>Hoa Ch\u0103m &#8211; pa <a href=\"https:\/\/youtu.be\/yTwn2FI1EvU\" target=\"_blank\" rel=\"noopener\">[Video]<\/a> <a href=\"https:\/\/app.box.com\/s\/un2lw19kien1fce1omdd7xxnjmqb8wie\" target=\"_blank\" rel=\"noopener\">[MIDI]<\/a> <a href=\"https:\/\/app.box.com\/s\/ibnqnls6q0b5r0xcv2mvbf8rbeii1h8s\" target=\"_blank\" rel=\"noopener\">[mp3]<\/a> <a href=\"https:\/\/app.box.com\/s\/9r4tm6nuy1ewporwxuxijfiig39oh5ua\" target=\"_blank\" rel=\"noopener\">[Ipad]<\/a> <a href=\"http:\/\/leminhphuoc.esy.es\/hoclieu\/OnTap\/HoaChampaforAvidScorch.htm\" target=\"_blank\" rel=\"noopener\">[Scorch]<\/a> <a href=\"https:\/\/app.box.com\/s\/rx9fmbq05mfavc62a3gxk7e3fca5kdrt\" target=\"_blank\" rel=\"noopener\">[Sheet]<\/a><\/li>\n<\/ol>\n\n<ul class=\"wp-block-categories-list wp-block-categories\">\t<li class=\"cat-item cat-item-38\"><a href=\"https:\/\/trochoiamnhac.com\/index.php\/category\/tin-hoc-am-nhac\/audacity\/\">Audacity<\/a>\n<\/li>\n\t<li class=\"cat-item cat-item-39\"><a href=\"https:\/\/trochoiamnhac.com\/index.php\/category\/phuong-phap-day-hoc-am-nhac\/bai-viet\/\">B\u00e0i vi\u1ebft<\/a>\n<\/li>\n\t<li class=\"cat-item cat-item-1\"><a href=\"https:\/\/trochoiamnhac.com\/index.php\/category\/blog\/\">Blog<\/a>\n<\/li>\n\t<li class=\"cat-item cat-item-37\"><a href=\"https:\/\/trochoiamnhac.com\/index.php\/category\/tin-hoc-am-nhac\/ms-powerpoint\/\">Ms. PowerPoint<\/a>\n<\/li>\n\t<li class=\"cat-item cat-item-34\"><a href=\"https:\/\/trochoiamnhac.com\/index.php\/category\/tin-hoc-am-nhac\/musescore\/\">Musescore<\/a>\n<\/li>\n\t<li class=\"cat-item cat-item-35\"><a href=\"https:\/\/trochoiamnhac.com\/index.php\/category\/tin-hoc-am-nhac\/openshot\/\">OpenShot<\/a>\n<\/li>\n\t<li class=\"cat-item cat-item-31\"><a href=\"https:\/\/trochoiamnhac.com\/index.php\/category\/phuong-phap-day-hoc-am-nhac\/\">PHDH \u00c2M NH\u1ea0C<\/a>\n<\/li>\n\t<li class=\"cat-item cat-item-36\"><a href=\"https:\/\/trochoiamnhac.com\/index.php\/category\/tin-hoc-am-nhac\/photoscape-x\/\">PhotoScape X<\/a>\n<\/li>\n\t<li class=\"cat-item cat-item-44\"><a href=\"https:\/\/trochoiamnhac.com\/index.php\/category\/sang-tac\/\">S\u00e1ng t\u00e1c<\/a>\n<\/li>\n\t<li class=\"cat-item cat-item-46\"><a href=\"https:\/\/trochoiamnhac.com\/index.php\/category\/tro-choi-am-nhac\/suu-tap\/\">S\u01b0u t\u1eadp<\/a>\n<\/li>\n\t<li class=\"cat-item cat-item-42\"><a href=\"https:\/\/trochoiamnhac.com\/index.php\/category\/tro-choi-am-nhac\/thiet-ke-tro-choi\/\">Thi\u1ebft k\u1ebf tr\u00f2 ch\u01a1i<\/a>\n<\/li>\n\t<li class=\"cat-item cat-item-15\"><a href=\"https:\/\/trochoiamnhac.com\/index.php\/category\/tin-hoc-am-nhac\/\">Tin h\u1ecdc \u00e2m nh\u1ea1c<\/a>\n<\/li>\n\t<li class=\"cat-item cat-item-32\"><a href=\"https:\/\/trochoiamnhac.com\/index.php\/category\/tro-choi-am-nhac\/\">Tr\u00f2 ch\u01a1i \u00e2m nh\u1ea1c<\/a>\n<\/li>\n\t<li class=\"cat-item cat-item-41\"><a href=\"https:\/\/trochoiamnhac.com\/index.php\/category\/tro-choi-am-nhac\/tro-choi-tuong-tac\/\">Tr\u00f2 ch\u01a1i t\u01b0\u01a1ng t\u00e1c<\/a>\n<\/li>\n\t<li class=\"cat-item cat-item-40\"><a href=\"https:\/\/trochoiamnhac.com\/index.php\/category\/phuong-phap-day-hoc-am-nhac\/van-dung\/\">V\u1eadn d\u1ee5ng<\/a>\n<\/li>\n<\/ul>","protected":false},"excerpt":{"rendered":"<p>Reo vang b\u00ecnh minh [Video] [MIDI] [mp3] [Ipad] [Scorch] [Sheet] H\u00e3y gi\u1eef cho em b\u1ea7u tr\u1eddi xanh [Video]\u00a0[MIDI] [mp3] [Ipad] [Scorch] [Sheet] Con chim hay [&hellip;]<\/p>\n","protected":false},"author":2,"featured_media":0,"parent":1617,"menu_order":0,"comment_status":"closed","ping_status":"closed","template":"","meta":{"om_disable_all_campaigns":false,"_monsterinsights_skip_tracking":false,"_monsterinsights_sitenote_active":false,"_monsterinsights_sitenote_note":"","_monsterinsights_sitenote_category":0,"_uf_show_specific_survey":0,"_uf_disable_surveys":false,"footnotes":""},"class_list":["post-1353","page","type-page","status-publish","hentry"],"aioseo_notices":[],"_links":{"self":[{"href":"https:\/\/trochoiamnhac.com\/index.php\/wp-json\/wp\/v2\/pages\/1353","targetHints":{"allow":["GET"]}}],"collection":[{"href":"https:\/\/trochoiamnhac.com\/index.php\/wp-json\/wp\/v2\/pages"}],"about":[{"href":"https:\/\/trochoiamnhac.com\/index.php\/wp-json\/wp\/v2\/types\/page"}],"author":[{"embeddable":true,"href":"https:\/\/trochoiamnhac.com\/index.php\/wp-json\/wp\/v2\/users\/2"}],"replies":[{"embeddable":true,"href":"https:\/\/trochoiamnhac.com\/index.php\/wp-json\/wp\/v2\/comments?post=1353"}],"version-history":[{"count":1,"href":"https:\/\/trochoiamnhac.com\/index.php\/wp-json\/wp\/v2\/pages\/1353\/revisions"}],"predecessor-version":[{"id":2220,"href":"https:\/\/trochoiamnhac.com\/index.php\/wp-json\/wp\/v2\/pages\/1353\/revisions\/2220"}],"up":[{"embeddable":true,"href":"https:\/\/trochoiamnhac.com\/index.php\/wp-json\/wp\/v2\/pages\/1617"}],"wp:attachment":[{"href":"https:\/\/trochoiamnhac.com\/index.php\/wp-json\/wp\/v2\/media?parent=1353"}],"curies":[{"name":"wp","href":"https:\/\/api.w.org\/{rel}","templated":true}]}}