{"id":1349,"date":"2015-10-24T00:23:15","date_gmt":"2015-10-23T17:23:15","guid":{"rendered":"https:\/\/leminhphuoc.wordpress.com\/?page_id=1349"},"modified":"2023-09-03T12:24:50","modified_gmt":"2023-09-03T05:24:50","slug":"lop-4-2","status":"publish","type":"page","link":"https:\/\/trochoiamnhac.com\/index.php\/am-nhac-pho-thong\/chuong-trinh-am-nhac-2006\/hoc-lieu-am-nhac-tieu-hoc\/bai-hat\/lop-4-2\/","title":{"rendered":"B\u00e0i h\u00e1t L\u1edbp 4"},"content":{"rendered":"<ol>\n<li>Em y\u00eau h\u00f2a b\u00ecnh <a href=\"https:\/\/youtu.be\/QE3TvVQPApU\" target=\"_blank\" rel=\"noopener\">[Video]<\/a> <a href=\"https:\/\/app.box.com\/s\/ltlq2ct5gvwz5kk39tr90fcpu2zzocbh\" target=\"_blank\" rel=\"noopener\">[MIDI]<\/a> <a href=\"https:\/\/app.box.com\/s\/ry5ol1jtb8gn0rtubij6stuz8ozz25mo\" target=\"_blank\" rel=\"noopener\">[mp3]<\/a> <a href=\"https:\/\/app.box.com\/s\/poc12f7wwvagyhicbd1p5k2jepleassc\" target=\"_blank\" rel=\"noopener\">[Ipad]<\/a> <a href=\"http:\/\/leminhphuoc.esy.es\/hoclieu\/Lop4\/BaiHat\/L4_01EmyeuhoabinhforAvidScorch.htm\" target=\"_blank\" rel=\"noopener\">[Scorch]<\/a> <a href=\"https:\/\/app.box.com\/s\/pnn597t8i3geld3si80s7nyp6ypejwn5\" target=\"_blank\" rel=\"noopener\">[Sheet]<\/a><\/li>\n<li>B\u1ea1n \u01a1i l\u1eafng nghe <a href=\"https:\/\/youtu.be\/87IAZwkBvBo\" target=\"_blank\" rel=\"noopener\">[Video]<\/a> <a href=\"https:\/\/app.box.com\/s\/c6cbr4k0exk2d0avdqcqufqp2msrolvv\" target=\"_blank\" rel=\"noopener\">[MIDI]<\/a> <a href=\"https:\/\/app.box.com\/s\/z9xuyue4l3pw215d824ww3h7c61htjii\" target=\"_blank\" rel=\"noopener\">[mp3]<\/a> <a href=\"https:\/\/app.box.com\/s\/k31nwt3haz7ct5eflkwg2dlyrpwhez0m\" target=\"_blank\" rel=\"noopener\">[Ipad]<\/a> <a href=\"http:\/\/leminhphuoc.esy.es\/hoclieu\/Lop4\/BaiHat\/L4_02BanoilangngheforAvidScorch.htm\" target=\"_blank\" rel=\"noopener\">[Scorch]<\/a> <a href=\"https:\/\/app.box.com\/s\/ea4ytw4imj1bpczykzx2g7b4z3sfpqfn\" target=\"_blank\" rel=\"noopener\">[Sheet]<\/a><\/li>\n<li>Tr\u00ean ng\u1ef1a ta phi nhanh <a href=\"https:\/\/youtu.be\/9S_-quLIRbY\" target=\"_blank\" rel=\"noopener\">[Video]<\/a> <a href=\"https:\/\/app.box.com\/s\/bsnzl9cckyo0evha6e254vktuk4wzs78\" target=\"_blank\" rel=\"noopener\">[MIDI]<\/a> <a href=\"https:\/\/app.box.com\/s\/re1qfagcpd5afcrnjvhzihq49bvrh6vi\" target=\"_blank\" rel=\"noopener\">[mp3]<\/a> <a href=\"https:\/\/app.box.com\/s\/b47eevj7l17yd6t14nmjetw7n4npdi2w\" target=\"_blank\" rel=\"noopener\">[Ipad]<\/a> <a href=\"http:\/\/leminhphuoc.esy.es\/hoclieu\/Lop4\/BaiHat\/L4_03TrennguataphinhanhforAvidScorch.htm\" target=\"_blank\" rel=\"noopener\">[Scorch]<\/a> <a href=\"https:\/\/app.box.com\/s\/qirp57a1l766lalmhf3vq01k23jfju54\" target=\"_blank\" rel=\"noopener\">[Sheet]<\/a><\/li>\n<li>Kh\u0103n qu\u00e0ng th\u1eafm m\u00e3i vai em <a href=\"https:\/\/youtu.be\/AtQzyu-ELaw\" target=\"_blank\" rel=\"noopener\">[Video]<\/a> <a href=\"https:\/\/app.box.com\/s\/7hug5e4q8gsu11v9chubul3cs62wgifi\" target=\"_blank\" rel=\"noopener\">[MIDI]<\/a> <a href=\"https:\/\/app.box.com\/s\/jirs9m57fd8zmc7bzkfch75rz5hzboft\" target=\"_blank\" rel=\"noopener\">[mp3]<\/a> <a href=\"https:\/\/app.box.com\/s\/z4pa6j7eh250274w0k2oityadeh4urja\" target=\"_blank\" rel=\"noopener\">[Ipad]<\/a> <a href=\"http:\/\/leminhphuoc.esy.es\/hoclieu\/Lop4\/BaiHat\/L4_04KhanquangthammaivaiemforAvidScorch.htm\" target=\"_blank\" rel=\"noopener\">[Scorch]<\/a> <a href=\"https:\/\/app.box.com\/s\/dd6x9ovi5k95mgjpbl2ag9q0o0cid2k7\" target=\"_blank\" rel=\"noopener\">[Sheet]<\/a><\/li>\n<li>C\u00f2 l\u1ea3 <a href=\"https:\/\/youtu.be\/ScHTNb37Ul4\" target=\"_blank\" rel=\"noopener\">[Video]<\/a> <a href=\"https:\/\/app.box.com\/s\/59yrjikfg9o7nrbqyfj7z9tsoko0myos\" target=\"_blank\" rel=\"noopener\">[MIDI]<\/a> <a href=\"https:\/\/app.box.com\/s\/j70afe9iyssj70t0j64pa6n5ho3yz5fv\" target=\"_blank\" rel=\"noopener\">[mp3]<\/a> <a href=\"https:\/\/app.box.com\/s\/qw6i65k3jauyvhax5lmls0spme6vk489\" target=\"_blank\" rel=\"noopener\">[Ipad]<\/a> <a href=\"http:\/\/leminhphuoc.esy.es\/hoclieu\/Lop4\/BaiHat\/L4_05ColaforAvidScorch.htm\" target=\"_blank\" rel=\"noopener\">[Scorch]<\/a> <a href=\"https:\/\/app.box.com\/s\/0esosk6brcr95d301piksytu8uoggf6x\" target=\"_blank\" rel=\"noopener\">[Sheet]<\/a><\/li>\n<li>Ch\u00fac m\u1eebng <a href=\"https:\/\/youtu.be\/LgMvpDoutjs\" target=\"_blank\" rel=\"noopener\">[Video]<\/a> <a href=\"https:\/\/app.box.com\/s\/74tvfufd7yzih9y76u81xv08bhtswjkh\" target=\"_blank\" rel=\"noopener\">[MIDI]<\/a> <a href=\"https:\/\/app.box.com\/s\/476159am3xa95vbfzg6lxo0pcbdwrqyr\" target=\"_blank\" rel=\"noopener\">[mp3]<\/a> <a href=\"https:\/\/app.box.com\/s\/wxv5ch240et6njxq0mjzqhgtakl2dhak\" target=\"_blank\" rel=\"noopener\">[Ipad]<\/a> <a href=\"http:\/\/leminhphuoc.esy.es\/hoclieu\/Lop4\/BaiHat\/L4_06ChucmungforAvidScorch.htm\" target=\"_blank\" rel=\"noopener\">[Scorch]<\/a> <a href=\"https:\/\/app.box.com\/s\/t0xctvrnuuaqehiev1y0goyzx4fphufv\" target=\"_blank\" rel=\"noopener\">[Sheet]<\/a><\/li>\n<li>B\u00e0n tay m\u1eb9 <a href=\"https:\/\/youtu.be\/9JSmMpTogVo\" target=\"_blank\" rel=\"noopener\">[Video]<\/a> <a href=\"https:\/\/app.box.com\/s\/3geafg5fy44tkf4ai1hd3975viwqlb03\" target=\"_blank\" rel=\"noopener\">[MIDI]<\/a> <a href=\"https:\/\/app.box.com\/s\/uzq8ogdqc94qv6pnjacl5zs5701k4zar\" target=\"_blank\" rel=\"noopener\">[mp3]<\/a> <a href=\"https:\/\/app.box.com\/s\/ammxdqkktv6m860om6eu84ng9bipq0cn\" target=\"_blank\" rel=\"noopener\">[Ipad]<\/a> <a href=\"http:\/\/leminhphuoc.esy.es\/hoclieu\/Lop4\/BaiHat\/L4_07BantaymeforAvidScorch.htm\" target=\"_blank\" rel=\"noopener\">[Scorch]<\/a> <a href=\"https:\/\/app.box.com\/s\/0wjvivy84oye3vh94j8gii5fcduimgkn\" target=\"_blank\" rel=\"noopener\">[Sheet]<\/a><\/li>\n<li>Chim s\u00e1o <a href=\"https:\/\/youtu.be\/Xd2yiNhwQlk\" target=\"_blank\" rel=\"noopener\">[Video]<\/a> <a href=\"https:\/\/app.box.com\/s\/09xawwfi0grmq5e1tqde8fieibbmcumr\" target=\"_blank\" rel=\"noopener\">[MIDI]<\/a> <a href=\"https:\/\/app.box.com\/s\/2272djsn6buwhf3jgav7y3b4wvy4xzbo\" target=\"_blank\" rel=\"noopener\">[mp3]<\/a> <a href=\"https:\/\/app.box.com\/s\/r4woa1otfg5aw7jjy7cdcclcd2qnb7xc\" target=\"_blank\" rel=\"noopener\">[Ipad]<\/a> <a href=\"http:\/\/leminhphuoc.esy.es\/hoclieu\/Lop4\/BaiHat\/L4_08ChimsaoforAvidScorch.htm\" target=\"_blank\" rel=\"noopener\">[Scorch]<\/a> <a href=\"https:\/\/app.box.com\/s\/uv19ynx09wvz41pjorvxdnccrs4yep78\" target=\"_blank\" rel=\"noopener\">[Sheet]<\/a><\/li>\n<li>Ch\u00fa voi con \u1edf B\u1ea3n \u0110\u00f4n <a href=\"https:\/\/youtu.be\/qdryAbJ4btE\" target=\"_blank\" rel=\"noopener\">[Video]<\/a> <a href=\"https:\/\/app.box.com\/s\/d8e9rlj074zqk4ys2q9hi6psgsorfcbm\" target=\"_blank\" rel=\"noopener\">[MIDI]<\/a> <a href=\"https:\/\/app.box.com\/s\/r6svlannxlqsl6d2w934tjdpk11ahqmo\" target=\"_blank\" rel=\"noopener\">[mp3]<\/a> <a href=\"https:\/\/app.box.com\/s\/y263ttzxqyyfd2sgpw1aybimybil77ka\" target=\"_blank\" rel=\"noopener\">[Ipad]<\/a> <a href=\"http:\/\/leminhphuoc.esy.es\/hoclieu\/Lop4\/BaiHat\/L4_09ChuvoiconobanDonforAvidScorch.htm\" target=\"_blank\" rel=\"noopener\">[Scorch]<\/a> <a href=\"https:\/\/app.box.com\/s\/cawn5h9wtsp0dtlos0roga5pq010zyo9\" target=\"_blank\" rel=\"noopener\">[Sheet]<\/a><\/li>\n<li>Thi\u1ebfu nhi th\u1ebf gi\u1edbi li\u00ean hoan <a href=\"https:\/\/youtu.be\/JvCoYZAzc1Y\" target=\"_blank\" rel=\"noopener\">[Video]<\/a> <a href=\"https:\/\/app.box.com\/s\/r5lubisba4inqp3c0la581nq0j08t4qn\" target=\"_blank\" rel=\"noopener\">[MIDI]<\/a> <a href=\"https:\/\/app.box.com\/s\/c9ejzi7536ziyiqryjcq7p20873g10zc\" target=\"_blank\" rel=\"noopener\">[mp3]<\/a> <a href=\"https:\/\/app.box.com\/s\/rwe76wpowyq3tql49uava583i4vmpx8k\" target=\"_blank\" rel=\"noopener\">[Ipad]<\/a> <a href=\"http:\/\/leminhphuoc.esy.es\/hoclieu\/Lop4\/BaiHat\/L4_10ThieunhithegioilienhoanforAvidScorch.htm\" target=\"_blank\" rel=\"noopener\">[Scorch]<\/a> <a href=\"https:\/\/app.box.com\/s\/ecznygrs2cuiv6htinlo1n3urs6s8obw\" target=\"_blank\" rel=\"noopener\">[Sheet]<\/a><\/li>\n<li>Kh\u0103n qu\u00e0ng th\u1eafp s\u00e1ng b\u00ecnh minh <a href=\"https:\/\/youtu.be\/hzqiOKTwfq4\" target=\"_blank\" rel=\"noopener\">[Video]<\/a> <a href=\"https:\/\/app.box.com\/s\/ohplkl0gbs7jkye87mk7z9dmuu07v2wl\" target=\"_blank\" rel=\"noopener\">[MIDI]<\/a> <a href=\"https:\/\/app.box.com\/s\/kfp3k1tibemzv79o618rrv4f1q64pfvg\" target=\"_blank\" rel=\"noopener\">[mp3]<\/a> <a href=\"https:\/\/app.box.com\/s\/iocwgqwz0keww6lg6ksx09f551nrzuyq\" target=\"_blank\" rel=\"noopener\">[Ipad]<\/a> <a href=\"http:\/\/leminhphuoc.esy.es\/hoclieu\/OnTap\/KhanquangthapsangbinhminhforAvidScorch.htm\" target=\"_blank\" rel=\"noopener\">[Scorch]<\/a> <a href=\"https:\/\/app.box.com\/s\/jvmug226e7isfmpe7t2wx1inpzv49qiv\" target=\"_blank\" rel=\"noopener\">[Sheet]<\/a><\/li>\n<\/ol>\n\n<ul class=\"wp-block-categories-list wp-block-categories\">\t<li class=\"cat-item cat-item-38\"><a href=\"https:\/\/trochoiamnhac.com\/index.php\/category\/tin-hoc-am-nhac\/audacity\/\">Audacity<\/a>\n<\/li>\n\t<li class=\"cat-item cat-item-39\"><a href=\"https:\/\/trochoiamnhac.com\/index.php\/category\/phuong-phap-day-hoc-am-nhac\/bai-viet\/\">B\u00e0i vi\u1ebft<\/a>\n<\/li>\n\t<li class=\"cat-item cat-item-1\"><a href=\"https:\/\/trochoiamnhac.com\/index.php\/category\/blog\/\">Blog<\/a>\n<\/li>\n\t<li class=\"cat-item cat-item-37\"><a href=\"https:\/\/trochoiamnhac.com\/index.php\/category\/tin-hoc-am-nhac\/ms-powerpoint\/\">Ms. PowerPoint<\/a>\n<\/li>\n\t<li class=\"cat-item cat-item-34\"><a href=\"https:\/\/trochoiamnhac.com\/index.php\/category\/tin-hoc-am-nhac\/musescore\/\">Musescore<\/a>\n<\/li>\n\t<li class=\"cat-item cat-item-35\"><a href=\"https:\/\/trochoiamnhac.com\/index.php\/category\/tin-hoc-am-nhac\/openshot\/\">OpenShot<\/a>\n<\/li>\n\t<li class=\"cat-item cat-item-31\"><a href=\"https:\/\/trochoiamnhac.com\/index.php\/category\/phuong-phap-day-hoc-am-nhac\/\">PHDH \u00c2M NH\u1ea0C<\/a>\n<\/li>\n\t<li class=\"cat-item cat-item-36\"><a href=\"https:\/\/trochoiamnhac.com\/index.php\/category\/tin-hoc-am-nhac\/photoscape-x\/\">PhotoScape X<\/a>\n<\/li>\n\t<li class=\"cat-item cat-item-44\"><a href=\"https:\/\/trochoiamnhac.com\/index.php\/category\/sang-tac\/\">S\u00e1ng t\u00e1c<\/a>\n<\/li>\n\t<li class=\"cat-item cat-item-46\"><a href=\"https:\/\/trochoiamnhac.com\/index.php\/category\/tro-choi-am-nhac\/suu-tap\/\">S\u01b0u t\u1eadp<\/a>\n<\/li>\n\t<li class=\"cat-item cat-item-42\"><a href=\"https:\/\/trochoiamnhac.com\/index.php\/category\/tro-choi-am-nhac\/thiet-ke-tro-choi\/\">Thi\u1ebft k\u1ebf tr\u00f2 ch\u01a1i<\/a>\n<\/li>\n\t<li class=\"cat-item cat-item-15\"><a href=\"https:\/\/trochoiamnhac.com\/index.php\/category\/tin-hoc-am-nhac\/\">Tin h\u1ecdc \u00e2m nh\u1ea1c<\/a>\n<\/li>\n\t<li class=\"cat-item cat-item-32\"><a href=\"https:\/\/trochoiamnhac.com\/index.php\/category\/tro-choi-am-nhac\/\">Tr\u00f2 ch\u01a1i \u00e2m nh\u1ea1c<\/a>\n<\/li>\n\t<li class=\"cat-item cat-item-41\"><a href=\"https:\/\/trochoiamnhac.com\/index.php\/category\/tro-choi-am-nhac\/tro-choi-tuong-tac\/\">Tr\u00f2 ch\u01a1i t\u01b0\u01a1ng t\u00e1c<\/a>\n<\/li>\n\t<li class=\"cat-item cat-item-40\"><a href=\"https:\/\/trochoiamnhac.com\/index.php\/category\/phuong-phap-day-hoc-am-nhac\/van-dung\/\">V\u1eadn d\u1ee5ng<\/a>\n<\/li>\n<\/ul>","protected":false},"excerpt":{"rendered":"<p>Em y\u00eau h\u00f2a b\u00ecnh [Video] [MIDI] [mp3] [Ipad] [Scorch] [Sheet] B\u1ea1n \u01a1i l\u1eafng nghe [Video] [MIDI] [mp3] [Ipad] [Scorch] [Sheet] Tr\u00ean ng\u1ef1a ta phi nhanh [&hellip;]<\/p>\n","protected":false},"author":2,"featured_media":0,"parent":1617,"menu_order":0,"comment_status":"closed","ping_status":"closed","template":"","meta":{"om_disable_all_campaigns":false,"_monsterinsights_skip_tracking":false,"_monsterinsights_sitenote_active":false,"_monsterinsights_sitenote_note":"","_monsterinsights_sitenote_category":0,"_uf_show_specific_survey":0,"_uf_disable_surveys":false,"footnotes":""},"class_list":["post-1349","page","type-page","status-publish","hentry"],"aioseo_notices":[],"_links":{"self":[{"href":"https:\/\/trochoiamnhac.com\/index.php\/wp-json\/wp\/v2\/pages\/1349","targetHints":{"allow":["GET"]}}],"collection":[{"href":"https:\/\/trochoiamnhac.com\/index.php\/wp-json\/wp\/v2\/pages"}],"about":[{"href":"https:\/\/trochoiamnhac.com\/index.php\/wp-json\/wp\/v2\/types\/page"}],"author":[{"embeddable":true,"href":"https:\/\/trochoiamnhac.com\/index.php\/wp-json\/wp\/v2\/users\/2"}],"replies":[{"embeddable":true,"href":"https:\/\/trochoiamnhac.com\/index.php\/wp-json\/wp\/v2\/comments?post=1349"}],"version-history":[{"count":1,"href":"https:\/\/trochoiamnhac.com\/index.php\/wp-json\/wp\/v2\/pages\/1349\/revisions"}],"predecessor-version":[{"id":2219,"href":"https:\/\/trochoiamnhac.com\/index.php\/wp-json\/wp\/v2\/pages\/1349\/revisions\/2219"}],"up":[{"embeddable":true,"href":"https:\/\/trochoiamnhac.com\/index.php\/wp-json\/wp\/v2\/pages\/1617"}],"wp:attachment":[{"href":"https:\/\/trochoiamnhac.com\/index.php\/wp-json\/wp\/v2\/media?parent=1349"}],"curies":[{"name":"wp","href":"https:\/\/api.w.org\/{rel}","templated":true}]}}