{"id":1342,"date":"2015-09-28T11:00:10","date_gmt":"2015-09-28T04:00:10","guid":{"rendered":"https:\/\/leminhphuoc.wordpress.com\/?page_id=1342"},"modified":"2023-09-04T19:03:07","modified_gmt":"2023-09-04T12:03:07","slug":"cac-bai-xuong-am-tieu-hoc","status":"publish","type":"page","link":"https:\/\/trochoiamnhac.com\/index.php\/am-nhac-pho-thong\/chuong-trinh-am-nhac-2006\/hoc-lieu-am-nhac-tieu-hoc\/xuong-am\/cac-bai-xuong-am-tieu-hoc\/","title":{"rendered":"C\u00e1c b\u00e0i X\u01b0\u1edbng \u00e2m Ti\u1ec3u h\u1ecdc"},"content":{"rendered":"<p>01. Son La Son <a href=\"https:\/\/youtu.be\/o7yeDG5VlBg\" target=\"_blank\" rel=\"noopener\">[Video]<\/a>\u00a0<a href=\"https:\/\/app.box.com\/s\/dwi9ykrij35zjqfid1eqyu6ahkcudmqq\" target=\"_blank\" rel=\"noopener\">[MIDI]<\/a><\/p>\n<p>02. N\u1eafng v\u00e0ng <a href=\"https:\/\/youtu.be\/v36UJ9RwAoA\" target=\"_blank\" rel=\"noopener\">[Video]<\/a>\u00a0<a href=\"https:\/\/app.box.com\/s\/r1yag5gijkg80b2gztizr8vnrae3nvkk\" target=\"_blank\" rel=\"noopener\">[MIDI]<\/a><\/p>\n<p>03. M\u00faa vui <a href=\"https:\/\/youtu.be\/rP93o5Jd_Y0\" target=\"_blank\" rel=\"noopener\">[Video]<\/a>\u00a0<a href=\"https:\/\/app.box.com\/s\/18cckegdvm6tj58f5soz7dc3ykapj1li\" target=\"_blank\" rel=\"noopener\">[MIDI]<\/a><\/p>\n<p>04. \u0110\u1ed3ng l\u00faa b\u00ean s\u00f4ng <a href=\"https:\/\/youtu.be\/iPzIBPFT1bc\" target=\"_blank\" rel=\"noopener\">[Video]<\/a>\u00a0<a href=\"https:\/\/app.box.com\/s\/n35q5ekj5025pesa2lh6qup6a3noo0sy\" target=\"_blank\" rel=\"noopener\">[MIDI]<\/a><\/p>\n<p>05. C\u00f9ng vui ch\u01a1i <a href=\"https:\/\/youtu.be\/01R2rqIpOiY\" target=\"_blank\" rel=\"noopener\">[Video]<\/a>\u00a0<a href=\"https:\/\/app.box.com\/s\/ocw10z0iecw4p5hxp08m5t78p875myj4\" target=\"_blank\" rel=\"noopener\">[MIDI]<\/a><\/p>\n<p>06. M\u1eb7t tr\u1eddi l\u00ean <a href=\"https:\/\/youtu.be\/IXtzojy8sM0\" target=\"_blank\" rel=\"noopener\">[Video]<\/a>\u00a0<a href=\"https:\/\/app.box.com\/s\/3hfvhq5rjaxxzgkkyg8i1sogqpfgnaaq\" target=\"_blank\" rel=\"noopener\">[MIDI]<\/a><\/p>\n<p>07. T\u00f4i h\u00e1t Son La Son <a href=\"https:\/\/youtu.be\/mxxIsrbbZY8\" target=\"_blank\" rel=\"noopener\">[Video]<\/a>\u00a0<a href=\"https:\/\/app.box.com\/s\/o1l5bs86rqy85svuh9i08f68uynwhdfv\" target=\"_blank\" rel=\"noopener\">[MIDI]<\/a><\/p>\n<p>08. M\u00e2y chi\u1ec1u <a href=\"https:\/\/youtu.be\/Ww0GS31OMRM\" target=\"_blank\" rel=\"noopener\">[Video]<\/a>\u00a0<a href=\"https:\/\/app.box.com\/s\/3pzobylqnn3a907nt113ssucyixnxddf\" target=\"_blank\" rel=\"noopener\">[MIDI]<\/a><\/p>\n\n<ul class=\"wp-block-categories-list wp-block-categories\">\t<li class=\"cat-item cat-item-38\"><a href=\"https:\/\/trochoiamnhac.com\/index.php\/category\/tin-hoc-am-nhac\/audacity\/\">Audacity<\/a>\n<\/li>\n\t<li class=\"cat-item cat-item-39\"><a href=\"https:\/\/trochoiamnhac.com\/index.php\/category\/phuong-phap-day-hoc-am-nhac\/bai-viet\/\">B\u00e0i vi\u1ebft<\/a>\n<\/li>\n\t<li class=\"cat-item cat-item-1\"><a href=\"https:\/\/trochoiamnhac.com\/index.php\/category\/blog\/\">Blog<\/a>\n<\/li>\n\t<li class=\"cat-item cat-item-37\"><a href=\"https:\/\/trochoiamnhac.com\/index.php\/category\/tin-hoc-am-nhac\/ms-powerpoint\/\">Ms. PowerPoint<\/a>\n<\/li>\n\t<li class=\"cat-item cat-item-34\"><a href=\"https:\/\/trochoiamnhac.com\/index.php\/category\/tin-hoc-am-nhac\/musescore\/\">Musescore<\/a>\n<\/li>\n\t<li class=\"cat-item cat-item-35\"><a href=\"https:\/\/trochoiamnhac.com\/index.php\/category\/tin-hoc-am-nhac\/openshot\/\">OpenShot<\/a>\n<\/li>\n\t<li class=\"cat-item cat-item-31\"><a href=\"https:\/\/trochoiamnhac.com\/index.php\/category\/phuong-phap-day-hoc-am-nhac\/\">PHDH \u00c2M NH\u1ea0C<\/a>\n<\/li>\n\t<li class=\"cat-item cat-item-36\"><a href=\"https:\/\/trochoiamnhac.com\/index.php\/category\/tin-hoc-am-nhac\/photoscape-x\/\">PhotoScape X<\/a>\n<\/li>\n\t<li class=\"cat-item cat-item-44\"><a href=\"https:\/\/trochoiamnhac.com\/index.php\/category\/sang-tac\/\">S\u00e1ng t\u00e1c<\/a>\n<\/li>\n\t<li class=\"cat-item cat-item-46\"><a href=\"https:\/\/trochoiamnhac.com\/index.php\/category\/tro-choi-am-nhac\/suu-tap\/\">S\u01b0u t\u1eadp<\/a>\n<\/li>\n\t<li class=\"cat-item cat-item-42\"><a href=\"https:\/\/trochoiamnhac.com\/index.php\/category\/tro-choi-am-nhac\/thiet-ke-tro-choi\/\">Thi\u1ebft k\u1ebf tr\u00f2 ch\u01a1i<\/a>\n<\/li>\n\t<li class=\"cat-item cat-item-15\"><a href=\"https:\/\/trochoiamnhac.com\/index.php\/category\/tin-hoc-am-nhac\/\">Tin h\u1ecdc \u00e2m nh\u1ea1c<\/a>\n<\/li>\n\t<li class=\"cat-item cat-item-32\"><a href=\"https:\/\/trochoiamnhac.com\/index.php\/category\/tro-choi-am-nhac\/\">Tr\u00f2 ch\u01a1i \u00e2m nh\u1ea1c<\/a>\n<\/li>\n\t<li class=\"cat-item cat-item-41\"><a href=\"https:\/\/trochoiamnhac.com\/index.php\/category\/tro-choi-am-nhac\/tro-choi-tuong-tac\/\">Tr\u00f2 ch\u01a1i t\u01b0\u01a1ng t\u00e1c<\/a>\n<\/li>\n\t<li class=\"cat-item cat-item-40\"><a href=\"https:\/\/trochoiamnhac.com\/index.php\/category\/phuong-phap-day-hoc-am-nhac\/van-dung\/\">V\u1eadn d\u1ee5ng<\/a>\n<\/li>\n<\/ul>","protected":false},"excerpt":{"rendered":"<p>01. Son La Son [Video]\u00a0[MIDI] 02. N\u1eafng v\u00e0ng [Video]\u00a0[MIDI] 03. M\u00faa vui [Video]\u00a0[MIDI] 04. \u0110\u1ed3ng l\u00faa b\u00ean s\u00f4ng [Video]\u00a0[MIDI] 05. C\u00f9ng vui ch\u01a1i [Video]\u00a0[MIDI] 06. [&hellip;]<\/p>\n","protected":false},"author":2,"featured_media":0,"parent":1619,"menu_order":0,"comment_status":"closed","ping_status":"closed","template":"","meta":{"om_disable_all_campaigns":false,"_monsterinsights_skip_tracking":false,"_monsterinsights_sitenote_active":false,"_monsterinsights_sitenote_note":"","_monsterinsights_sitenote_category":0,"_uf_show_specific_survey":0,"_uf_disable_surveys":false,"footnotes":""},"class_list":["post-1342","page","type-page","status-publish","hentry"],"aioseo_notices":[],"_links":{"self":[{"href":"https:\/\/trochoiamnhac.com\/index.php\/wp-json\/wp\/v2\/pages\/1342","targetHints":{"allow":["GET"]}}],"collection":[{"href":"https:\/\/trochoiamnhac.com\/index.php\/wp-json\/wp\/v2\/pages"}],"about":[{"href":"https:\/\/trochoiamnhac.com\/index.php\/wp-json\/wp\/v2\/types\/page"}],"author":[{"embeddable":true,"href":"https:\/\/trochoiamnhac.com\/index.php\/wp-json\/wp\/v2\/users\/2"}],"replies":[{"embeddable":true,"href":"https:\/\/trochoiamnhac.com\/index.php\/wp-json\/wp\/v2\/comments?post=1342"}],"version-history":[{"count":1,"href":"https:\/\/trochoiamnhac.com\/index.php\/wp-json\/wp\/v2\/pages\/1342\/revisions"}],"predecessor-version":[{"id":2224,"href":"https:\/\/trochoiamnhac.com\/index.php\/wp-json\/wp\/v2\/pages\/1342\/revisions\/2224"}],"up":[{"embeddable":true,"href":"https:\/\/trochoiamnhac.com\/index.php\/wp-json\/wp\/v2\/pages\/1619"}],"wp:attachment":[{"href":"https:\/\/trochoiamnhac.com\/index.php\/wp-json\/wp\/v2\/media?parent=1342"}],"curies":[{"name":"wp","href":"https:\/\/api.w.org\/{rel}","templated":true}]}}