{"id":1068,"date":"2015-06-12T11:41:34","date_gmt":"2015-06-12T04:41:34","guid":{"rendered":"https:\/\/leminhphuoc.wordpress.com\/?page_id=1068"},"modified":"2015-06-12T11:41:34","modified_gmt":"2015-06-12T04:41:34","slug":"lop-5","status":"publish","type":"page","link":"https:\/\/trochoiamnhac.com\/index.php\/am-nhac-pho-thong\/chuong-trinh-am-nhac-2006\/hoc-lieu-am-nhac-tieu-hoc\/xuong-am\/bai-xuong-am\/lop-5\/","title":{"rendered":"L\u1edbp 5"},"content":{"rendered":"<p>1. Reo vang b\u00ecnh minh<\/p>\n<p>[youtube https:\/\/youtu.be\/z00oaKFo_2g]<\/p>\n<p>2. H\u00e3y gi\u1eef cho em b\u1ea7u tr\u1eddi xanh<\/p>\n<p>[youtube https:\/\/youtu.be\/uqOoL5AJdPI]<\/p>\n<p>3. Con chim hay h\u00f3t<\/p>\n<p>[youtube https:\/\/youtu.be\/hSL0TRZsv6A]<\/p>\n<p>4. Nh\u1eefng b\u00f4ng hoa nh\u1eefng b\u00e0i ca<\/p>\n<p>[youtube https:\/\/youtu.be\/ZKCKVZXdYyg]<\/p>\n<p>5. \u01af\u1edbc m\u01a1<\/p>\n<p>[youtube https:\/\/youtu.be\/4P3TIoF0ADI]<\/p>\n<p>6. H\u00e1t m\u1eebng<\/p>\n<p>[youtube https:\/\/youtu.be\/x5L8Vq1ddC8]<\/p>\n<p>7. Tre ng\u00e0 b\u00ean l\u0103ng B\u00e1c<\/p>\n<p>[youtube https:\/\/youtu.be\/GI4xHrTKJ2I]<\/p>\n<p>8. M\u00e0u xanh qu\u00ea h\u01b0\u01a1ng<\/p>\n<p>[youtube https:\/\/youtu.be\/xMFzQz2vVNg]<\/p>\n<p>9. Em v\u1eabn nh\u1edb tr\u01b0\u1eddng x\u01b0a<\/p>\n<p>[youtube http:\/\/youtu.be\/Ws8E69yTPxc]<\/p>\n<p>10. D\u00e0n \u0111\u1ed3ng ca m\u00f9a h\u1ea1<\/p>\n<p>[youtube https:\/\/youtu.be\/zMpRia9Atj8]<\/p>\n<p>&nbsp;<\/p>\n","protected":false},"excerpt":{"rendered":"<p>1. Reo vang b\u00ecnh minh [youtube https:\/\/youtu.be\/z00oaKFo_2g] 2. H\u00e3y gi\u1eef cho em b\u1ea7u tr\u1eddi xanh [youtube https:\/\/youtu.be\/uqOoL5AJdPI] 3. Con chim hay h\u00f3t [youtube https:\/\/youtu.be\/hSL0TRZsv6A] 4. [&hellip;]<\/p>\n","protected":false},"author":2,"featured_media":0,"parent":1868,"menu_order":0,"comment_status":"open","ping_status":"closed","template":"","meta":{"om_disable_all_campaigns":false,"_monsterinsights_skip_tracking":false,"_monsterinsights_sitenote_active":false,"_monsterinsights_sitenote_note":"","_monsterinsights_sitenote_category":0,"_uf_show_specific_survey":0,"_uf_disable_surveys":false,"footnotes":""},"class_list":["post-1068","page","type-page","status-publish","hentry"],"aioseo_notices":[],"_links":{"self":[{"href":"https:\/\/trochoiamnhac.com\/index.php\/wp-json\/wp\/v2\/pages\/1068","targetHints":{"allow":["GET"]}}],"collection":[{"href":"https:\/\/trochoiamnhac.com\/index.php\/wp-json\/wp\/v2\/pages"}],"about":[{"href":"https:\/\/trochoiamnhac.com\/index.php\/wp-json\/wp\/v2\/types\/page"}],"author":[{"embeddable":true,"href":"https:\/\/trochoiamnhac.com\/index.php\/wp-json\/wp\/v2\/users\/2"}],"replies":[{"embeddable":true,"href":"https:\/\/trochoiamnhac.com\/index.php\/wp-json\/wp\/v2\/comments?post=1068"}],"version-history":[{"count":0,"href":"https:\/\/trochoiamnhac.com\/index.php\/wp-json\/wp\/v2\/pages\/1068\/revisions"}],"up":[{"embeddable":true,"href":"https:\/\/trochoiamnhac.com\/index.php\/wp-json\/wp\/v2\/pages\/1868"}],"wp:attachment":[{"href":"https:\/\/trochoiamnhac.com\/index.php\/wp-json\/wp\/v2\/media?parent=1068"}],"curies":[{"name":"wp","href":"https:\/\/api.w.org\/{rel}","templated":true}]}}