{"id":1062,"date":"2015-06-11T22:05:02","date_gmt":"2015-06-11T15:05:02","guid":{"rendered":"https:\/\/leminhphuoc.wordpress.com\/?page_id=1062"},"modified":"2015-06-11T22:05:02","modified_gmt":"2015-06-11T15:05:02","slug":"lop-4","status":"publish","type":"page","link":"https:\/\/trochoiamnhac.com\/index.php\/am-nhac-pho-thong\/chuong-trinh-am-nhac-2006\/hoc-lieu-am-nhac-tieu-hoc\/xuong-am\/bai-xuong-am\/lop-4\/","title":{"rendered":"L\u1edbp 4"},"content":{"rendered":"<p>1. Em y\u00eau h\u00f2a b\u00ecnh<\/p>\n<p>[youtube https:\/\/youtu.be\/mEdwxbZVFds]<\/p>\n<p>2. B\u1ea1n \u01a1i l\u1eafng nghe<\/p>\n<p>[youtube https:\/\/youtu.be\/lyLSPCSgpDQ]<\/p>\n<p>3. Tr\u00ean ng\u1ef1a ta phi nhanh<\/p>\n<p>[youtube https:\/\/youtu.be\/RHBLv4XSVBY]<\/p>\n<p>4. Kh\u0103n qu\u00e0ng th\u1eafm m\u00e3i vai em<\/p>\n<p>[youtube https:\/\/youtu.be\/zcZhPUrspTA]<\/p>\n<p>5. C\u00f2 l\u1ea3<\/p>\n<p>[youtube https:\/\/youtu.be\/Jn4B6gzcTns]<\/p>\n<p>6. Ch\u00fac m\u1eebng<\/p>\n<p>[youtube https:\/\/youtu.be\/cjy6oM-_g4w]<\/p>\n<p>7. B\u00e0n tay m\u1eb9<\/p>\n<p>[youtube https:\/\/youtu.be\/hHsAnvjFdbA]<\/p>\n<p>8. Chim s\u00e1o<\/p>\n<p>[youtube https:\/\/youtu.be\/ZLdzlHvf00E]<\/p>\n<p>9. Ch\u00fa voi con \u1edf b\u1ea3n \u0110\u00f4n<\/p>\n<p>[youtube https:\/\/youtu.be\/Ulh7MbWW4Y8]<\/p>\n<p>10. Thi\u1ebfu nhi th\u1ebf gi\u1edbi li\u00ean hoan<\/p>\n<p>[youtube https:\/\/youtu.be\/fpMDyHIqV2s]<\/p>\n","protected":false},"excerpt":{"rendered":"<p>1. Em y\u00eau h\u00f2a b\u00ecnh [youtube https:\/\/youtu.be\/mEdwxbZVFds] 2. B\u1ea1n \u01a1i l\u1eafng nghe [youtube https:\/\/youtu.be\/lyLSPCSgpDQ] 3. Tr\u00ean ng\u1ef1a ta phi nhanh [youtube https:\/\/youtu.be\/RHBLv4XSVBY] 4. Kh\u0103n qu\u00e0ng [&hellip;]<\/p>\n","protected":false},"author":2,"featured_media":0,"parent":1868,"menu_order":0,"comment_status":"open","ping_status":"closed","template":"","meta":{"om_disable_all_campaigns":false,"_monsterinsights_skip_tracking":false,"_monsterinsights_sitenote_active":false,"_monsterinsights_sitenote_note":"","_monsterinsights_sitenote_category":0,"_uf_show_specific_survey":0,"_uf_disable_surveys":false,"footnotes":""},"class_list":["post-1062","page","type-page","status-publish","hentry"],"aioseo_notices":[],"_links":{"self":[{"href":"https:\/\/trochoiamnhac.com\/index.php\/wp-json\/wp\/v2\/pages\/1062","targetHints":{"allow":["GET"]}}],"collection":[{"href":"https:\/\/trochoiamnhac.com\/index.php\/wp-json\/wp\/v2\/pages"}],"about":[{"href":"https:\/\/trochoiamnhac.com\/index.php\/wp-json\/wp\/v2\/types\/page"}],"author":[{"embeddable":true,"href":"https:\/\/trochoiamnhac.com\/index.php\/wp-json\/wp\/v2\/users\/2"}],"replies":[{"embeddable":true,"href":"https:\/\/trochoiamnhac.com\/index.php\/wp-json\/wp\/v2\/comments?post=1062"}],"version-history":[{"count":0,"href":"https:\/\/trochoiamnhac.com\/index.php\/wp-json\/wp\/v2\/pages\/1062\/revisions"}],"up":[{"embeddable":true,"href":"https:\/\/trochoiamnhac.com\/index.php\/wp-json\/wp\/v2\/pages\/1868"}],"wp:attachment":[{"href":"https:\/\/trochoiamnhac.com\/index.php\/wp-json\/wp\/v2\/media?parent=1062"}],"curies":[{"name":"wp","href":"https:\/\/api.w.org\/{rel}","templated":true}]}}