{"id":1053,"date":"2015-06-11T01:36:25","date_gmt":"2015-06-10T18:36:25","guid":{"rendered":"https:\/\/leminhphuoc.wordpress.com\/?page_id=1053"},"modified":"2015-06-11T01:36:25","modified_gmt":"2015-06-10T18:36:25","slug":"lop-2","status":"publish","type":"page","link":"https:\/\/trochoiamnhac.com\/index.php\/am-nhac-pho-thong\/chuong-trinh-am-nhac-2006\/hoc-lieu-am-nhac-tieu-hoc\/xuong-am\/bai-xuong-am\/lop-2\/","title":{"rendered":"L\u1edbp 2"},"content":{"rendered":"<ol>\n<li>Th\u1eadt l\u00e0 hay [youtube https:\/\/youtu.be\/tEYg77IxCrM]<\/li>\n<li>X\u00f2e hoa\u00a0[youtube https:\/\/youtu.be\/MXVtt7qCcbY]<\/li>\n<li>M\u00faa vui [youtube\u00a0https:\/\/youtu.be\/55vGtKWk9eo]<\/li>\n<li>Ch\u00fac m\u1eebng sinh nh\u1eadt [youtube\u00a0https:\/\/youtu.be\/KsniMUt8sgQ]<\/li>\n<li>C\u1ed9c c\u00e1ch t\u00f9ng cheng [youtube\u00a0https:\/\/youtu.be\/bhMU01ERah4]<\/li>\n<li>Chi\u1ebfn s\u0129 t\u00ed hon [youtube\u00a0https:\/\/youtu.be\/xhJa7-90oDc]<\/li>\n<li>Tr\u00ean con \u0111\u01b0\u1eddng \u0111\u1ebfn tr\u01b0\u1eddng [youtube\u00a0https:\/\/youtu.be\/CLBkfowLw-A]<\/li>\n<li>Hoa l\u00e1 m\u00f9a xu\u00e2n [youtube\u00a0https:\/\/youtu.be\/ejLZED4clUo]<\/li>\n<li>Ch\u00fa chim nh\u1ecf d\u1ec5 th\u01b0\u01a1ng [youtube\u00a0https:\/\/youtu.be\/hb6FswL_A6Q]<\/li>\n<li>Chim ch\u00edch b\u00f4ng [youtube\u00a0https:\/\/youtu.be\/dbOxpMeBTIU]<\/li>\n<li>Ch\u00fa \u1ebfch con [youtube\u00a0https:\/\/youtu.be\/TxnlU8Iub6Y]<\/li>\n<li>B\u1eafc kim thang [youtube\u00a0https:\/\/youtu.be\/UkC_XHLi_Ok]<\/li>\n<\/ol>\n","protected":false},"excerpt":{"rendered":"<p>Th\u1eadt l\u00e0 hay [youtube https:\/\/youtu.be\/tEYg77IxCrM] X\u00f2e hoa\u00a0[youtube https:\/\/youtu.be\/MXVtt7qCcbY] M\u00faa vui [youtube\u00a0https:\/\/youtu.be\/55vGtKWk9eo] Ch\u00fac m\u1eebng sinh nh\u1eadt [youtube\u00a0https:\/\/youtu.be\/KsniMUt8sgQ] C\u1ed9c c\u00e1ch t\u00f9ng cheng [youtube\u00a0https:\/\/youtu.be\/bhMU01ERah4] Chi\u1ebfn s\u0129 t\u00ed hon [&hellip;]<\/p>\n","protected":false},"author":2,"featured_media":0,"parent":1868,"menu_order":0,"comment_status":"open","ping_status":"closed","template":"","meta":{"om_disable_all_campaigns":false,"_monsterinsights_skip_tracking":false,"_monsterinsights_sitenote_active":false,"_monsterinsights_sitenote_note":"","_monsterinsights_sitenote_category":0,"_uf_show_specific_survey":0,"_uf_disable_surveys":false,"footnotes":""},"class_list":["post-1053","page","type-page","status-publish","hentry"],"aioseo_notices":[],"_links":{"self":[{"href":"https:\/\/trochoiamnhac.com\/index.php\/wp-json\/wp\/v2\/pages\/1053","targetHints":{"allow":["GET"]}}],"collection":[{"href":"https:\/\/trochoiamnhac.com\/index.php\/wp-json\/wp\/v2\/pages"}],"about":[{"href":"https:\/\/trochoiamnhac.com\/index.php\/wp-json\/wp\/v2\/types\/page"}],"author":[{"embeddable":true,"href":"https:\/\/trochoiamnhac.com\/index.php\/wp-json\/wp\/v2\/users\/2"}],"replies":[{"embeddable":true,"href":"https:\/\/trochoiamnhac.com\/index.php\/wp-json\/wp\/v2\/comments?post=1053"}],"version-history":[{"count":0,"href":"https:\/\/trochoiamnhac.com\/index.php\/wp-json\/wp\/v2\/pages\/1053\/revisions"}],"up":[{"embeddable":true,"href":"https:\/\/trochoiamnhac.com\/index.php\/wp-json\/wp\/v2\/pages\/1868"}],"wp:attachment":[{"href":"https:\/\/trochoiamnhac.com\/index.php\/wp-json\/wp\/v2\/media?parent=1053"}],"curies":[{"name":"wp","href":"https:\/\/api.w.org\/{rel}","templated":true}]}}