{"id":1049,"date":"2015-06-10T19:34:01","date_gmt":"2015-06-10T12:34:01","guid":{"rendered":"https:\/\/leminhphuoc.wordpress.com\/?page_id=1049"},"modified":"2015-06-10T19:34:01","modified_gmt":"2015-06-10T12:34:01","slug":"lop-1","status":"publish","type":"page","link":"https:\/\/trochoiamnhac.com\/index.php\/am-nhac-pho-thong\/chuong-trinh-am-nhac-2006\/hoc-lieu-am-nhac-tieu-hoc\/xuong-am\/bai-xuong-am\/lop-1\/","title":{"rendered":"L\u1edbp 1"},"content":{"rendered":"<ol>\n<li>Qu\u00ea h\u01b0\u01a1ng t\u01b0\u01a1i \u0111\u1eb9p\u00a0[youtube https:\/\/youtu.be\/5lnmKVK4tZU]<\/li>\n<li>M\u1eddi b\u1ea1n vui m\u00faa ca\u00a0[youtube\u00a0https:\/\/youtu.be\/8iJ9RYtKBmc]<\/li>\n<li>L\u00fd c\u00e2y xanh [youtube\u00a0https:\/\/youtu.be\/5qG7Li9aTfI]<\/li>\n<li>\u0110\u00e0n g\u00e0 con [youtube\u00a0https:\/\/youtu.be\/17xkweT39ac]<\/li>\n<li>S\u1eafp \u0111\u1ebfn t\u1ebft r\u1ed3i [youtube\u00a0https:\/\/youtu.be\/TJFmrFIWjWI]<\/li>\n<li>B\u1ea7u tr\u1eddi xanh [youtube\u00a0https:\/\/youtu.be\/WxWfrfrz0BI]<\/li>\n<li>T\u1eadp t\u1ea7m v\u00f4ng [youtube\u00a0https:\/\/youtu.be\/iW5bGDeTvQc]<\/li>\n<li>Qu\u1ea3 [youtube\u00a0https:\/\/youtu.be\/AR9Dz_9cMNM]<\/li>\n<li>H\u00f2a b\u00ecnh cho b\u00e9 [youtube\u00a0https:\/\/youtu.be\/yMqBkoOaX5A]<\/li>\n<li>\u0110i t\u1edbi tr\u01b0\u1eddng [youtube https:\/\/youtu.be\/Bgf-g-wu5NE]<\/li>\n<li>N\u0103m ng\u00f3n tay ngoan [youtube\u00a0https:\/\/youtu.be\/pV4Amjo3FUU]<\/li>\n<\/ol>\n","protected":false},"excerpt":{"rendered":"<p>Qu\u00ea h\u01b0\u01a1ng t\u01b0\u01a1i \u0111\u1eb9p\u00a0[youtube https:\/\/youtu.be\/5lnmKVK4tZU] M\u1eddi b\u1ea1n vui m\u00faa ca\u00a0[youtube\u00a0https:\/\/youtu.be\/8iJ9RYtKBmc] L\u00fd c\u00e2y xanh [youtube\u00a0https:\/\/youtu.be\/5qG7Li9aTfI] \u0110\u00e0n g\u00e0 con [youtube\u00a0https:\/\/youtu.be\/17xkweT39ac] S\u1eafp \u0111\u1ebfn t\u1ebft r\u1ed3i [youtube\u00a0https:\/\/youtu.be\/TJFmrFIWjWI] B\u1ea7u tr\u1eddi [&hellip;]<\/p>\n","protected":false},"author":2,"featured_media":0,"parent":1868,"menu_order":0,"comment_status":"open","ping_status":"closed","template":"","meta":{"om_disable_all_campaigns":false,"_monsterinsights_skip_tracking":false,"_monsterinsights_sitenote_active":false,"_monsterinsights_sitenote_note":"","_monsterinsights_sitenote_category":0,"_uf_show_specific_survey":0,"_uf_disable_surveys":false,"footnotes":""},"class_list":["post-1049","page","type-page","status-publish","hentry"],"aioseo_notices":[],"_links":{"self":[{"href":"https:\/\/trochoiamnhac.com\/index.php\/wp-json\/wp\/v2\/pages\/1049","targetHints":{"allow":["GET"]}}],"collection":[{"href":"https:\/\/trochoiamnhac.com\/index.php\/wp-json\/wp\/v2\/pages"}],"about":[{"href":"https:\/\/trochoiamnhac.com\/index.php\/wp-json\/wp\/v2\/types\/page"}],"author":[{"embeddable":true,"href":"https:\/\/trochoiamnhac.com\/index.php\/wp-json\/wp\/v2\/users\/2"}],"replies":[{"embeddable":true,"href":"https:\/\/trochoiamnhac.com\/index.php\/wp-json\/wp\/v2\/comments?post=1049"}],"version-history":[{"count":0,"href":"https:\/\/trochoiamnhac.com\/index.php\/wp-json\/wp\/v2\/pages\/1049\/revisions"}],"up":[{"embeddable":true,"href":"https:\/\/trochoiamnhac.com\/index.php\/wp-json\/wp\/v2\/pages\/1868"}],"wp:attachment":[{"href":"https:\/\/trochoiamnhac.com\/index.php\/wp-json\/wp\/v2\/media?parent=1049"}],"curies":[{"name":"wp","href":"https:\/\/api.w.org\/{rel}","templated":true}]}}